{"id":41587,"date":"2023-12-23T03:14:10","date_gmt":"2023-12-23T03:14:10","guid":{"rendered":"https:\/\/e.kosmolat.eu\/product\/cosmeplant-victoras-skidras-bernu-ziepes-ar-kumelites-ekstr-300-ml\/"},"modified":"2026-04-21T09:15:44","modified_gmt":"2026-04-21T09:15:44","slug":"cosmeplant-victoras-skidras-bernu-ziepes-ar-kumelites-ekstr-300-ml","status":"publish","type":"product","link":"https:\/\/e.kosmolat.eu\/lt\/produktas\/cosmeplant-victoras-skidras-bernu-ziepes-ar-kumelites-ekstr-300-ml\/","title":{"rendered":"COSMEPLANT VICTORAS Skystas muilas su ramun\u0117li\u0173 ekstraktu, 300 ml"},"content":{"rendered":"<p>&Scaron;velniai valo, ramina ir mink&scaron;tina k\u016bdikio od\u0105. Mink&scaron;ta formul\u0117 nesausina, palaiko hidrolipid\u0173 balans\u0105. Idealiai tinka rank\u0173, veido ir k\u016bno higienai.&nbsp;<\/p>\n<p><strong>Naudojimas:<\/strong> tepkite ant dr\u0117gnos odos, suputokite, tada nuplaukite vandeniu.&nbsp;<\/p>\n<p>Laikyti t&deg; nuo +5&deg;\u0421 iki +25&deg;\u0421, saugoti nuo tiesiogini\u0173 saul\u0117s spinduli\u0173.&nbsp;<\/p>\n<p><strong>Geriausias: <\/strong>36 m\u0117nesiai nuo pagaminimo datos.<br \/>\n&nbsp;<\/p>\n","protected":false},"excerpt":{"rendered":"<p>&Scaron;velniai valo, ramina ir mink&scaron;tina k\u016bdikio od\u0105. Mink&scaron;ta formul\u0117 nesausina, palaiko hidrolipid\u0173 balans\u0105. Idealiai tinka rank\u0173, veido ir k\u016bno higienai.&nbsp; Naudojimas: tepkite ant dr\u0117gnos odos, suputokite, tada nuplaukite vandeniu.&nbsp; Laikyti t&deg; nuo +5&deg;\u0421 iki +25&deg;\u0421, saugoti nuo tiesiogini\u0173 saul\u0117s spinduli\u0173.&nbsp; Geriausias: 36 m\u0117nesiai nuo pagaminimo datos. &nbsp;<\/p>\n","protected":false},"featured_media":87746,"template":"","meta":[],"product_cat":[2181],"product_tag":[],"class_list":{"0":"post-41587","1":"product","2":"type-product","3":"status-publish","4":"has-post-thumbnail","6":"product_brand-viorica-cosmeplant_bg-lt","7":"product_cat-bez-kategorijas-lt","9":"first","10":"instock","11":"taxable","12":"shipping-taxable","13":"product-type-simple"},"_links":{"self":[{"href":"https:\/\/e.kosmolat.eu\/lt\/wp-json\/wp\/v2\/product\/41587","targetHints":{"allow":["GET"]}}],"collection":[{"href":"https:\/\/e.kosmolat.eu\/lt\/wp-json\/wp\/v2\/product"}],"about":[{"href":"https:\/\/e.kosmolat.eu\/lt\/wp-json\/wp\/v2\/types\/product"}],"wp:featuredmedia":[{"embeddable":true,"href":"https:\/\/e.kosmolat.eu\/lt\/wp-json\/wp\/v2\/media\/87746"}],"wp:attachment":[{"href":"https:\/\/e.kosmolat.eu\/lt\/wp-json\/wp\/v2\/media?parent=41587"}],"wp:term":[{"taxonomy":"product_cat","embeddable":true,"href":"https:\/\/e.kosmolat.eu\/lt\/wp-json\/wp\/v2\/product_cat?post=41587"},{"taxonomy":"product_tag","embeddable":true,"href":"https:\/\/e.kosmolat.eu\/lt\/wp-json\/wp\/v2\/product_tag?post=41587"}],"curies":[{"name":"wp","href":"https:\/\/api.w.org\/{rel}","templated":true}]}}