{"id":41583,"date":"2023-12-23T03:13:49","date_gmt":"2023-12-23T03:13:49","guid":{"rendered":"https:\/\/e.kosmolat.eu\/product\/cosmeplant-victoras-bernu-ella-ar-e-vitaminu-200-ml\/"},"modified":"2026-04-11T18:21:57","modified_gmt":"2026-04-11T18:21:57","slug":"cosmeplant-victoras-bernu-ella-ar-e-vitaminu-200-ml","status":"publish","type":"product","link":"https:\/\/e.kosmolat.eu\/lt\/produktas\/cosmeplant-victoras-bernu-ella-ar-e-vitaminu-200-ml\/","title":{"rendered":"COSMEPLANT VICTORAS Aliejus vaikams su vitaminu E, 200 ml"},"content":{"rendered":"<p>Priemon\u0117 r\u016bpestingai &scaron;velniai vaiko odai pri\u017ei\u016br\u0117ti. Galima naudoti tiek masa\u017eui, tiek vietoj kremo. Lengvai susigeria, palieka &scaron;velnumo ir komforto poj\u016bt\u012f.&nbsp;<\/p>\n<p><strong>Naudojimas: <\/strong>tepkite aliejumi ant &scaron;varios ir sausos odos, masa\u017euokite.&nbsp;<\/p>\n<p>Laikyti t&deg; nuo +5&deg;\u0421 iki +25&deg;\u0421, saugoti nuo tiesiogini\u0173 saul\u0117s spinduli\u0173.<\/p>\n<p><strong>Geriausias: <\/strong>24 m\u0117nesiai nuo pagaminimo datos.<br \/>\n&nbsp;<\/p>\n","protected":false},"excerpt":{"rendered":"<p>Priemon\u0117 r\u016bpestingai &scaron;velniai vaiko odai pri\u017ei\u016br\u0117ti. Galima naudoti tiek masa\u017eui, tiek vietoj kremo. Lengvai susigeria, palieka &scaron;velnumo ir komforto poj\u016bt\u012f.&nbsp; Naudojimas: tepkite aliejumi ant &scaron;varios ir sausos odos, masa\u017euokite.&nbsp; Laikyti t&deg; nuo +5&deg;\u0421 iki +25&deg;\u0421, saugoti nuo tiesiogini\u0173 saul\u0117s spinduli\u0173. Geriausias: 24 m\u0117nesiai nuo pagaminimo datos. &nbsp;<\/p>\n","protected":false},"featured_media":87742,"template":"","meta":[],"product_cat":[1363],"product_tag":[],"class_list":{"0":"post-41583","1":"product","2":"type-product","3":"status-publish","4":"has-post-thumbnail","6":"product_brand-viorica-cosmeplant_bg-lt","7":"product_cat-kuno-prieziuros-kosmetika","9":"first","10":"instock","11":"taxable","12":"shipping-taxable","13":"product-type-simple"},"_links":{"self":[{"href":"https:\/\/e.kosmolat.eu\/lt\/wp-json\/wp\/v2\/product\/41583","targetHints":{"allow":["GET"]}}],"collection":[{"href":"https:\/\/e.kosmolat.eu\/lt\/wp-json\/wp\/v2\/product"}],"about":[{"href":"https:\/\/e.kosmolat.eu\/lt\/wp-json\/wp\/v2\/types\/product"}],"wp:featuredmedia":[{"embeddable":true,"href":"https:\/\/e.kosmolat.eu\/lt\/wp-json\/wp\/v2\/media\/87742"}],"wp:attachment":[{"href":"https:\/\/e.kosmolat.eu\/lt\/wp-json\/wp\/v2\/media?parent=41583"}],"wp:term":[{"taxonomy":"product_cat","embeddable":true,"href":"https:\/\/e.kosmolat.eu\/lt\/wp-json\/wp\/v2\/product_cat?post=41583"},{"taxonomy":"product_tag","embeddable":true,"href":"https:\/\/e.kosmolat.eu\/lt\/wp-json\/wp\/v2\/product_tag?post=41583"}],"curies":[{"name":"wp","href":"https:\/\/api.w.org\/{rel}","templated":true}]}}