{"id":41579,"date":"2023-12-23T03:13:29","date_gmt":"2023-12-23T03:13:29","guid":{"rendered":"https:\/\/e.kosmolat.eu\/product\/cosmeplant-victoras-bernu-krems-ar-kumelites-un-gurka-ekstr-100-ml\/"},"modified":"2026-04-10T05:29:11","modified_gmt":"2026-04-10T05:29:11","slug":"cosmeplant-victoras-bernu-krems-ar-kumelites-un-gurka-ekstr-100-ml","status":"publish","type":"product","link":"https:\/\/e.kosmolat.eu\/lt\/produktas\/cosmeplant-victoras-bernu-krems-ar-kumelites-un-gurka-ekstr-100-ml\/","title":{"rendered":"COSMEPLANT VICTORAS K\u016bdiki\u0173 kremas su ramun\u0117li\u0173 ir agurk\u0173 ekstraktu, 100 ml"},"content":{"rendered":"<p>Praturtintas vitaminais A ir E. Pasi\u017eymi mink\u0161tinamuoju, raminamuoju poveikiu. Veiksmingas nuo odos sudirginimo, \u0161erpetojimo  ir vystykl\u0173 b\u0117rimo. Lengvai \u012fsigeria, tod\u0117l oda tampa \u0161velni ir komforti\u0161kai  jau\u010diasi.<\/p>\n<p>Sud\u0117tyje yra vitamino A. Prie\u0161 naudojant atsi\u017evelgti \u012f paros doz\u0119.<\/p>\n<p>Naudojimas: tepkite krem\u0105 ant \u0161varios ir sausos odos. Masa\u017euokite, kol visi\u0161kai \u012fsigers. <\/p>\n<p>Laikyti t\u00b0 nuo +5\u00b0\u0421 iki +25\u00b0\u0421, saugoti nuo tiesiogini\u0173 saul\u0117s spinduli\u0173. <\/p>\n<p>Geriausias: 24 m\u0117nesiai nuo pagaminimo datos.<\/p>\n","protected":false},"excerpt":{"rendered":"<p>Praturtintas vitaminais A ir E. Pasi\u017eymi mink\u0161tinamuoju, raminamuoju poveikiu. Veiksmingas nuo odos sudirginimo, \u0161erpetojimo ir vystykl\u0173 b\u0117rimo. Lengvai \u012fsigeria, tod\u0117l oda tampa \u0161velni ir komforti\u0161kai jau\u010diasi. Sud\u0117tyje yra vitamino A. Prie\u0161 naudojant atsi\u017evelgti \u012f paros doz\u0119. Naudojimas: tepkite krem\u0105 ant \u0161varios ir sausos odos. Masa\u017euokite, kol visi\u0161kai \u012fsigers. Laikyti t\u00b0 nuo +5\u00b0\u0421 iki +25\u00b0\u0421, saugoti [&#8230;]\n","protected":false},"featured_media":87738,"template":"","meta":[],"product_cat":[1363],"product_tag":[],"class_list":{"0":"post-41579","1":"product","2":"type-product","3":"status-publish","4":"has-post-thumbnail","6":"product_brand-viorica-cosmeplant_bg-lt","7":"product_cat-kuno-prieziuros-kosmetika","9":"first","10":"instock","11":"taxable","12":"shipping-taxable","13":"product-type-simple"},"_links":{"self":[{"href":"https:\/\/e.kosmolat.eu\/lt\/wp-json\/wp\/v2\/product\/41579","targetHints":{"allow":["GET"]}}],"collection":[{"href":"https:\/\/e.kosmolat.eu\/lt\/wp-json\/wp\/v2\/product"}],"about":[{"href":"https:\/\/e.kosmolat.eu\/lt\/wp-json\/wp\/v2\/types\/product"}],"wp:featuredmedia":[{"embeddable":true,"href":"https:\/\/e.kosmolat.eu\/lt\/wp-json\/wp\/v2\/media\/87738"}],"wp:attachment":[{"href":"https:\/\/e.kosmolat.eu\/lt\/wp-json\/wp\/v2\/media?parent=41579"}],"wp:term":[{"taxonomy":"product_cat","embeddable":true,"href":"https:\/\/e.kosmolat.eu\/lt\/wp-json\/wp\/v2\/product_cat?post=41579"},{"taxonomy":"product_tag","embeddable":true,"href":"https:\/\/e.kosmolat.eu\/lt\/wp-json\/wp\/v2\/product_tag?post=41579"}],"curies":[{"name":"wp","href":"https:\/\/api.w.org\/{rel}","templated":true}]}}