{"id":41575,"date":"2023-12-23T03:13:07","date_gmt":"2023-12-23T03:13:07","guid":{"rendered":"https:\/\/e.kosmolat.eu\/product\/cosmeplant-skidr-virtuves-ziepes-ar-klinger-un-baltas-akacijas-ekstr-400-ml\/"},"modified":"2026-04-11T18:21:45","modified_gmt":"2026-04-11T18:21:45","slug":"cosmeplant-skidr-virtuves-ziepes-ar-klinger-un-baltas-akacijas-ekstr-400-ml","status":"publish","type":"product","link":"https:\/\/e.kosmolat.eu\/lt\/produktas\/cosmeplant-skidr-virtuves-ziepes-ar-klinger-un-baltas-akacijas-ekstr-400-ml\/","title":{"rendered":"COSMEPLANT Skystas muilas su organiniais medetk\u0173 ir balt\u0173j\u0173 akacij\u0173 \u017eied\u0173 ekstraktais, 400 ml"},"content":{"rendered":"<p>Greitai ir lengvai naikina net pa\u010dius patvarius kvapus (\u017euvies, svog\u016bn\u0173, \u010desnak\u0173) ir efektyviai &scaron;alina riebalus, tuo pa\u010diu mink&scaron;tina ir apsaugo.<\/p>\n<p><strong>Naudojimas:<\/strong> tepti ant dr\u0117gn\u0173 rank\u0173, suputoti, nuplauti vandeniu.&nbsp;<\/p>\n<p>Laikyti t&deg; nuo +5&deg;\u0421 iki +25&deg;\u0421, saugoti nuo tiesiogini\u0173 saul\u0117s spinduli\u0173.&nbsp;<\/p>\n<p><strong>Geriausias:<\/strong> 36 m\u0117n. nuo pagaminimo datos.<br \/>\n&nbsp;<\/p>\n","protected":false},"excerpt":{"rendered":"<p>Greitai ir lengvai naikina net pa\u010dius patvarius kvapus (\u017euvies, svog\u016bn\u0173, \u010desnak\u0173) ir efektyviai &scaron;alina riebalus, tuo pa\u010diu mink&scaron;tina ir apsaugo. Naudojimas: tepti ant dr\u0117gn\u0173 rank\u0173, suputoti, nuplauti vandeniu.&nbsp; Laikyti t&deg; nuo +5&deg;\u0421 iki +25&deg;\u0421, saugoti nuo tiesiogini\u0173 saul\u0117s spinduli\u0173.&nbsp; Geriausias: 36 m\u0117n. nuo pagaminimo datos. &nbsp;<\/p>\n","protected":false},"featured_media":87734,"template":"","meta":[],"product_cat":[1748],"product_tag":[],"class_list":{"0":"post-41575","1":"product","2":"type-product","3":"status-publish","4":"has-post-thumbnail","6":"product_brand-viorica-cosmeplant_bg-lt","7":"product_cat-skystas-muilas","9":"first","10":"outofstock","11":"taxable","12":"shipping-taxable","13":"product-type-simple"},"_links":{"self":[{"href":"https:\/\/e.kosmolat.eu\/lt\/wp-json\/wp\/v2\/product\/41575","targetHints":{"allow":["GET"]}}],"collection":[{"href":"https:\/\/e.kosmolat.eu\/lt\/wp-json\/wp\/v2\/product"}],"about":[{"href":"https:\/\/e.kosmolat.eu\/lt\/wp-json\/wp\/v2\/types\/product"}],"wp:featuredmedia":[{"embeddable":true,"href":"https:\/\/e.kosmolat.eu\/lt\/wp-json\/wp\/v2\/media\/87734"}],"wp:attachment":[{"href":"https:\/\/e.kosmolat.eu\/lt\/wp-json\/wp\/v2\/media?parent=41575"}],"wp:term":[{"taxonomy":"product_cat","embeddable":true,"href":"https:\/\/e.kosmolat.eu\/lt\/wp-json\/wp\/v2\/product_cat?post=41575"},{"taxonomy":"product_tag","embeddable":true,"href":"https:\/\/e.kosmolat.eu\/lt\/wp-json\/wp\/v2\/product_tag?post=41575"}],"curies":[{"name":"wp","href":"https:\/\/api.w.org\/{rel}","templated":true}]}}