{"id":41571,"date":"2023-12-23T03:12:46","date_gmt":"2023-12-23T03:12:46","guid":{"rendered":"https:\/\/e.kosmolat.eu\/product\/cosmeplant-attir-skidras-ziepes-ar-salvijas-un-piparmetras-ekstr-400-ml\/"},"modified":"2026-04-10T05:28:46","modified_gmt":"2026-04-10T05:28:46","slug":"cosmeplant-attir-skidras-ziepes-ar-salvijas-un-piparmetras-ekstr-400-ml","status":"publish","type":"product","link":"https:\/\/e.kosmolat.eu\/lt\/produktas\/cosmeplant-attir-skidras-ziepes-ar-salvijas-un-piparmetras-ekstr-400-ml\/","title":{"rendered":"COSMEPLANT Valomasis skystas muilas su organiniais \u0161alavij\u0173 ir m\u0117t\u0173 ekstraktais, 400 ml"},"content":{"rendered":"<p>Prisotina od\u0105 vertingais mikroelementais ir apsaugo nuo neigiamo vandens i&scaron; \u010diaupo poveikio. Lengvai putoja, nesausina, suteikia pikanti&scaron;k\u0105 \u017eoleli\u0173 aromat\u0105.&nbsp;<\/p>\n<p><strong>Naudojimas:<\/strong> tepti ant dr\u0117gn\u0173 rank\u0173, suputoti, nuplauti vandeniu.&nbsp;<\/p>\n<p>Laikyti t&deg; nuo +5&deg;\u0421 iki +25&deg;\u0421, saugoti nuo tiesiogini\u0173 saul\u0117s spinduli\u0173.&nbsp;<\/p>\n<p><strong>Geriausias:<\/strong> 36 m\u0117n. nuo pagaminimo datos.<br \/>\n&nbsp;<\/p>\n","protected":false},"excerpt":{"rendered":"<p>Prisotina od\u0105 vertingais mikroelementais ir apsaugo nuo neigiamo vandens i&scaron; \u010diaupo poveikio. Lengvai putoja, nesausina, suteikia pikanti&scaron;k\u0105 \u017eoleli\u0173 aromat\u0105.&nbsp; Naudojimas: tepti ant dr\u0117gn\u0173 rank\u0173, suputoti, nuplauti vandeniu.&nbsp; Laikyti t&deg; nuo +5&deg;\u0421 iki +25&deg;\u0421, saugoti nuo tiesiogini\u0173 saul\u0117s spinduli\u0173.&nbsp; Geriausias: 36 m\u0117n. nuo pagaminimo datos. &nbsp;<\/p>\n","protected":false},"featured_media":87730,"template":"","meta":[],"product_cat":[1748],"product_tag":[],"class_list":{"0":"post-41571","1":"product","2":"type-product","3":"status-publish","4":"has-post-thumbnail","6":"product_brand-viorica-cosmeplant_bg-lt","7":"product_cat-skystas-muilas","9":"first","10":"outofstock","11":"taxable","12":"shipping-taxable","13":"product-type-simple"},"_links":{"self":[{"href":"https:\/\/e.kosmolat.eu\/lt\/wp-json\/wp\/v2\/product\/41571","targetHints":{"allow":["GET"]}}],"collection":[{"href":"https:\/\/e.kosmolat.eu\/lt\/wp-json\/wp\/v2\/product"}],"about":[{"href":"https:\/\/e.kosmolat.eu\/lt\/wp-json\/wp\/v2\/types\/product"}],"wp:featuredmedia":[{"embeddable":true,"href":"https:\/\/e.kosmolat.eu\/lt\/wp-json\/wp\/v2\/media\/87730"}],"wp:attachment":[{"href":"https:\/\/e.kosmolat.eu\/lt\/wp-json\/wp\/v2\/media?parent=41571"}],"wp:term":[{"taxonomy":"product_cat","embeddable":true,"href":"https:\/\/e.kosmolat.eu\/lt\/wp-json\/wp\/v2\/product_cat?post=41571"},{"taxonomy":"product_tag","embeddable":true,"href":"https:\/\/e.kosmolat.eu\/lt\/wp-json\/wp\/v2\/product_tag?post=41571"}],"curies":[{"name":"wp","href":"https:\/\/api.w.org\/{rel}","templated":true}]}}