{"id":41567,"date":"2023-12-23T03:12:23","date_gmt":"2023-12-23T03:12:23","guid":{"rendered":"https:\/\/e.kosmolat.eu\/product\/cosmeplant-aizsargaj-skidras-ziepes-ar-kumelites-ekstr-400-ml\/"},"modified":"2026-04-10T05:28:33","modified_gmt":"2026-04-10T05:28:33","slug":"cosmeplant-aizsargaj-skidras-ziepes-ar-kumelites-ekstr-400-ml","status":"publish","type":"product","link":"https:\/\/e.kosmolat.eu\/lt\/produktas\/cosmeplant-aizsargaj-skidras-ziepes-ar-kumelites-ekstr-400-ml\/","title":{"rendered":"COSMEPLANT Apsauginis skystas muilas su organiniu ramun\u0117li\u0173 ekstraktu, 400 ml"},"content":{"rendered":"<p>Kruop&scaron;\u010diai nuvalo ir tuo pa\u010diu pri\u017ei\u016bri od\u0105. Dr\u0117kina ir ramina od\u0105. Suteikia subtil\u0173 g\u0117li\u0173 aromat\u0105.<\/p>\n<p><strong>Naudojimas: <\/strong>tepti ant dr\u0117gn\u0173 rank\u0173, suputoti, nuplauti vandeniu.&nbsp;<\/p>\n<p>Laikyti t&deg; nuo +5&deg;\u0421 iki +25&deg;\u0421, saugoti nuo tiesiogini\u0173 saul\u0117s spinduli\u0173.&nbsp;<\/p>\n<p><strong>Geriausias:<\/strong> 36 m\u0117n. nuo pagaminimo datos.<br \/>\n&nbsp;<\/p>\n","protected":false},"excerpt":{"rendered":"<p>Kruop&scaron;\u010diai nuvalo ir tuo pa\u010diu pri\u017ei\u016bri od\u0105. Dr\u0117kina ir ramina od\u0105. Suteikia subtil\u0173 g\u0117li\u0173 aromat\u0105. Naudojimas: tepti ant dr\u0117gn\u0173 rank\u0173, suputoti, nuplauti vandeniu.&nbsp; Laikyti t&deg; nuo +5&deg;\u0421 iki +25&deg;\u0421, saugoti nuo tiesiogini\u0173 saul\u0117s spinduli\u0173.&nbsp; Geriausias: 36 m\u0117n. nuo pagaminimo datos. &nbsp;<\/p>\n","protected":false},"featured_media":87726,"template":"","meta":[],"product_cat":[1748],"product_tag":[],"class_list":{"0":"post-41567","1":"product","2":"type-product","3":"status-publish","4":"has-post-thumbnail","6":"product_brand-viorica-cosmeplant_bg-lt","7":"product_cat-skystas-muilas","9":"first","10":"outofstock","11":"taxable","12":"shipping-taxable","13":"product-type-simple"},"_links":{"self":[{"href":"https:\/\/e.kosmolat.eu\/lt\/wp-json\/wp\/v2\/product\/41567","targetHints":{"allow":["GET"]}}],"collection":[{"href":"https:\/\/e.kosmolat.eu\/lt\/wp-json\/wp\/v2\/product"}],"about":[{"href":"https:\/\/e.kosmolat.eu\/lt\/wp-json\/wp\/v2\/types\/product"}],"wp:featuredmedia":[{"embeddable":true,"href":"https:\/\/e.kosmolat.eu\/lt\/wp-json\/wp\/v2\/media\/87726"}],"wp:attachment":[{"href":"https:\/\/e.kosmolat.eu\/lt\/wp-json\/wp\/v2\/media?parent=41567"}],"wp:term":[{"taxonomy":"product_cat","embeddable":true,"href":"https:\/\/e.kosmolat.eu\/lt\/wp-json\/wp\/v2\/product_cat?post=41567"},{"taxonomy":"product_tag","embeddable":true,"href":"https:\/\/e.kosmolat.eu\/lt\/wp-json\/wp\/v2\/product_tag?post=41567"}],"curies":[{"name":"wp","href":"https:\/\/api.w.org\/{rel}","templated":true}]}}