{"id":41551,"date":"2023-12-23T03:10:45","date_gmt":"2023-12-23T03:10:45","guid":{"rendered":"https:\/\/e.kosmolat.eu\/product\/cosmeplant-victorita-bernu-samp-viegla-kemmesana-ar-zemenu-lapu-ekstr-250-ml\/"},"modified":"2026-04-11T18:21:34","modified_gmt":"2026-04-11T18:21:34","slug":"cosmeplant-victorita-bernu-samp-viegla-kemmesana-ar-zemenu-lapu-ekstr-250-ml","status":"publish","type":"product","link":"https:\/\/e.kosmolat.eu\/lt\/produktas\/cosmeplant-victorita-bernu-samp-viegla-kemmesana-ar-zemenu-lapu-ekstr-250-ml\/","title":{"rendered":"COSMEPLANT VICTORITA K\u016bdiki\u0173 \u0161amp\u016bnas &#8220;Easy Combing&#8221; su bra\u0161ki\u0173 lap\u0173 ekstraktu, 250 ml"},"content":{"rendered":"<p>Padeda kovoti su suv\u0117limais, kad net ilgus ir garbanotus plaukus &scaron;ukuoti b\u016bt\u0173 lengva ir malonu. Formul\u0117je &bdquo;be a&scaron;ar\u0173&ldquo; &nbsp;yra kruop&scaron;\u010diai patikrint\u0173 ingredient\u0173, kurie nesukelia alergini\u0173 reakcij\u0173, nesukelia odos sausumo ar dirginimo.&nbsp;<\/p>\n<p><strong>Naudojimas: <\/strong>paskirstykite ant dr\u0117gn\u0173 plauk\u0173, suputokite, tada nuplaukite vandeniu.&nbsp;<\/p>\n<p>Laikyti t&deg; nuo +5&deg;\u0421 iki +25&deg;\u0421, saugoti nuo tiesiogini\u0173 saul\u0117s spinduli\u0173.&nbsp;<\/p>\n<p><strong>Geriausias: <\/strong>36 m\u0117nesiai nuo pagaminimo datos.<br \/>\n&nbsp;<\/p>\n","protected":false},"excerpt":{"rendered":"<p>Padeda kovoti su suv\u0117limais, kad net ilgus ir garbanotus plaukus &scaron;ukuoti b\u016bt\u0173 lengva ir malonu. Formul\u0117je &bdquo;be a&scaron;ar\u0173&ldquo; &nbsp;yra kruop&scaron;\u010diai patikrint\u0173 ingredient\u0173, kurie nesukelia alergini\u0173 reakcij\u0173, nesukelia odos sausumo ar dirginimo.&nbsp; Naudojimas: paskirstykite ant dr\u0117gn\u0173 plauk\u0173, suputokite, tada nuplaukite vandeniu.&nbsp; Laikyti t&deg; nuo +5&deg;\u0421 iki +25&deg;\u0421, saugoti nuo tiesiogini\u0173 saul\u0117s spinduli\u0173.&nbsp; Geriausias: 36 m\u0117nesiai nuo [&#8230;]\n","protected":false},"featured_media":87714,"template":"","meta":[],"product_cat":[1793],"product_tag":[],"class_list":{"0":"post-41551","1":"product","2":"type-product","3":"status-publish","4":"has-post-thumbnail","6":"product_brand-viorica-cosmeplant_bg-lt","7":"product_cat-plauku-prieziura-vaikams","9":"first","10":"outofstock","11":"taxable","12":"shipping-taxable","13":"product-type-simple"},"_links":{"self":[{"href":"https:\/\/e.kosmolat.eu\/lt\/wp-json\/wp\/v2\/product\/41551","targetHints":{"allow":["GET"]}}],"collection":[{"href":"https:\/\/e.kosmolat.eu\/lt\/wp-json\/wp\/v2\/product"}],"about":[{"href":"https:\/\/e.kosmolat.eu\/lt\/wp-json\/wp\/v2\/types\/product"}],"wp:featuredmedia":[{"embeddable":true,"href":"https:\/\/e.kosmolat.eu\/lt\/wp-json\/wp\/v2\/media\/87714"}],"wp:attachment":[{"href":"https:\/\/e.kosmolat.eu\/lt\/wp-json\/wp\/v2\/media?parent=41551"}],"wp:term":[{"taxonomy":"product_cat","embeddable":true,"href":"https:\/\/e.kosmolat.eu\/lt\/wp-json\/wp\/v2\/product_cat?post=41551"},{"taxonomy":"product_tag","embeddable":true,"href":"https:\/\/e.kosmolat.eu\/lt\/wp-json\/wp\/v2\/product_tag?post=41551"}],"curies":[{"name":"wp","href":"https:\/\/api.w.org\/{rel}","templated":true}]}}