{"id":41547,"date":"2023-12-23T03:10:18","date_gmt":"2023-12-23T03:10:18","guid":{"rendered":"https:\/\/e.kosmolat.eu\/product\/cosmeplant-victorita-matu-sprejs-berniem-viegla-kemmesana-ar-zemenu-lapu-ekstr-200-ml\/"},"modified":"2026-04-20T10:28:36","modified_gmt":"2026-04-20T10:28:36","slug":"cosmeplant-victorita-matu-sprejs-berniem-viegla-kemmesana-ar-zemenu-lapu-ekstr-200-ml","status":"publish","type":"product","link":"https:\/\/e.kosmolat.eu\/lt\/produktas\/cosmeplant-victorita-matu-sprejs-berniem-viegla-kemmesana-ar-zemenu-lapu-ekstr-200-ml\/","title":{"rendered":"COSMEPLANT VICTORITA Vaiki\u0161kas plauk\u0173 pur\u0161kiklis \u201eLengvas \u0161ukavimas\u201c su bra\u0161ki\u0173 lap\u0173 ekstraktu, 200"},"content":{"rendered":"<p>\u017dymiai palengvina &scaron;ukavim\u0105 ir neleid\u017eia susivelti, neapsunkina plauk\u0173. Suteikia &scaron;ilko glotnumo, prabangaus blizgesio ir nuostabios apimties. Papildomas efektas &ndash; i&scaron; plauk\u0173 pa&scaron;alinama statin\u0117 elektros energija, d\u0117l to jie tampa &scaron;velnesni ir lengviau valdomi.&nbsp;<\/p>\n<p><strong>Naudojimas: <\/strong>Tepkite ant dr\u0117gn\u0173 arba saus\u0173 plauk\u0173, tolygiai paskirstydami &scaron;ukomis. Nereikalauja skalavimo.&nbsp;<\/p>\n<p>Laikyti t&deg; nuo +5&deg;\u0421 iki +25&deg;\u0421, saugoti nuo tiesiogini\u0173 saul\u0117s spinduli\u0173.&nbsp;<\/p>\n<p><strong>Geriausias:<\/strong> 36 m\u0117nesiai nuo pagaminimo datos.<br \/>\n&nbsp;<\/p>\n","protected":false},"excerpt":{"rendered":"<p>\u017dymiai palengvina &scaron;ukavim\u0105 ir neleid\u017eia susivelti, neapsunkina plauk\u0173. Suteikia &scaron;ilko glotnumo, prabangaus blizgesio ir nuostabios apimties. Papildomas efektas &ndash; i&scaron; plauk\u0173 pa&scaron;alinama statin\u0117 elektros energija, d\u0117l to jie tampa &scaron;velnesni ir lengviau valdomi.&nbsp; Naudojimas: Tepkite ant dr\u0117gn\u0173 arba saus\u0173 plauk\u0173, tolygiai paskirstydami &scaron;ukomis. Nereikalauja skalavimo.&nbsp; Laikyti t&deg; nuo +5&deg;\u0421 iki +25&deg;\u0421, saugoti nuo tiesiogini\u0173 saul\u0117s [&#8230;]\n","protected":false},"featured_media":87710,"template":"","meta":[],"product_cat":[1793],"product_tag":[],"class_list":{"0":"post-41547","1":"product","2":"type-product","3":"status-publish","4":"has-post-thumbnail","6":"product_brand-viorica-cosmeplant_bg-lt","7":"product_cat-plauku-prieziura-vaikams","9":"first","10":"instock","11":"taxable","12":"shipping-taxable","13":"product-type-simple"},"_links":{"self":[{"href":"https:\/\/e.kosmolat.eu\/lt\/wp-json\/wp\/v2\/product\/41547","targetHints":{"allow":["GET"]}}],"collection":[{"href":"https:\/\/e.kosmolat.eu\/lt\/wp-json\/wp\/v2\/product"}],"about":[{"href":"https:\/\/e.kosmolat.eu\/lt\/wp-json\/wp\/v2\/types\/product"}],"wp:featuredmedia":[{"embeddable":true,"href":"https:\/\/e.kosmolat.eu\/lt\/wp-json\/wp\/v2\/media\/87710"}],"wp:attachment":[{"href":"https:\/\/e.kosmolat.eu\/lt\/wp-json\/wp\/v2\/media?parent=41547"}],"wp:term":[{"taxonomy":"product_cat","embeddable":true,"href":"https:\/\/e.kosmolat.eu\/lt\/wp-json\/wp\/v2\/product_cat?post=41547"},{"taxonomy":"product_tag","embeddable":true,"href":"https:\/\/e.kosmolat.eu\/lt\/wp-json\/wp\/v2\/product_tag?post=41547"}],"curies":[{"name":"wp","href":"https:\/\/api.w.org\/{rel}","templated":true}]}}