{"id":41539,"date":"2023-12-23T03:09:38","date_gmt":"2023-12-23T03:09:38","guid":{"rendered":"https:\/\/e.kosmolat.eu\/product\/cosmeplant-vitam-dusas-kremzeleja-ar-meza-ogu-ekstr-1000-ml\/"},"modified":"2026-04-22T10:44:48","modified_gmt":"2026-04-22T10:44:48","slug":"cosmeplant-vitam-dusas-kremzeleja-ar-meza-ogu-ekstr-1000-ml","status":"publish","type":"product","link":"https:\/\/e.kosmolat.eu\/lt\/produktas\/cosmeplant-vitam-dusas-kremzeleja-ar-meza-ogu-ekstr-1000-ml\/","title":{"rendered":"COSMEPLANT Vitamininis du\u0161o kremas su organiniais mi\u0161ko uog\u0173 ekstraktais, 1 l"},"content":{"rendered":"<p>&Scaron;velniai valo, nesausina odos, prisotina j\u0105 vertingais vitaminais.<\/p>\n<p><strong>Naudojimas: <\/strong>tepti ant dr\u0117gnos odos, masa\u017euoti iki put\u0173, nuplauti vandeniu.<\/p>\n<p>&nbsp;Laikyti t&deg; nuo +5&deg;\u0421 iki +25&deg;\u0421, saugoti nuo tiesiogini\u0173 saul\u0117s spinduli\u0173.&nbsp;<\/p>\n<p><strong>Geriausias: <\/strong>30 m\u0117nesi\u0173.<br \/>\n&nbsp;<\/p>\n","protected":false},"excerpt":{"rendered":"<p>&Scaron;velniai valo, nesausina odos, prisotina j\u0105 vertingais vitaminais. Naudojimas: tepti ant dr\u0117gnos odos, masa\u017euoti iki put\u0173, nuplauti vandeniu. &nbsp;Laikyti t&deg; nuo +5&deg;\u0421 iki +25&deg;\u0421, saugoti nuo tiesiogini\u0173 saul\u0117s spinduli\u0173.&nbsp; Geriausias: 30 m\u0117nesi\u0173. &nbsp;<\/p>\n","protected":false},"featured_media":87702,"template":"","meta":[],"product_cat":[1282],"product_tag":[],"class_list":{"0":"post-41539","1":"product","2":"type-product","3":"status-publish","4":"has-post-thumbnail","6":"product_brand-viorica-cosmeplant_bg-lt","7":"product_cat-duso-geliai-ir-duso-aliejai","9":"first","10":"instock","11":"taxable","12":"shipping-taxable","13":"product-type-simple"},"_links":{"self":[{"href":"https:\/\/e.kosmolat.eu\/lt\/wp-json\/wp\/v2\/product\/41539","targetHints":{"allow":["GET"]}}],"collection":[{"href":"https:\/\/e.kosmolat.eu\/lt\/wp-json\/wp\/v2\/product"}],"about":[{"href":"https:\/\/e.kosmolat.eu\/lt\/wp-json\/wp\/v2\/types\/product"}],"wp:featuredmedia":[{"embeddable":true,"href":"https:\/\/e.kosmolat.eu\/lt\/wp-json\/wp\/v2\/media\/87702"}],"wp:attachment":[{"href":"https:\/\/e.kosmolat.eu\/lt\/wp-json\/wp\/v2\/media?parent=41539"}],"wp:term":[{"taxonomy":"product_cat","embeddable":true,"href":"https:\/\/e.kosmolat.eu\/lt\/wp-json\/wp\/v2\/product_cat?post=41539"},{"taxonomy":"product_tag","embeddable":true,"href":"https:\/\/e.kosmolat.eu\/lt\/wp-json\/wp\/v2\/product_tag?post=41539"}],"curies":[{"name":"wp","href":"https:\/\/api.w.org\/{rel}","templated":true}]}}