{"id":41531,"date":"2023-12-23T03:08:59","date_gmt":"2023-12-23T03:08:59","guid":{"rendered":"https:\/\/e.kosmolat.eu\/product\/cosmeplant-atsvaidzin-dusas-zeleja-ar-salvijas-un-piparmetras-ekstr-500-ml\/"},"modified":"2026-04-11T18:20:36","modified_gmt":"2026-04-11T18:20:36","slug":"cosmeplant-atsvaidzin-dusas-zeleja-ar-salvijas-un-piparmetras-ekstr-500-ml","status":"publish","type":"product","link":"https:\/\/e.kosmolat.eu\/lt\/produktas\/cosmeplant-atsvaidzin-dusas-zeleja-ar-salvijas-un-piparmetras-ekstr-500-ml\/","title":{"rendered":"COSMEPLANT Gaivinanti du\u0161o \u017eel\u0117 su organiniais \u0161alavij\u0173 ir m\u0117t\u0173 ekstraktais, 500 ml"},"content":{"rendered":"<p>Kruop&scaron;\u010diai nuvalo, nesausina odos, palieka od\u0105 maloniai gaivi\u0105 ir v\u0117si\u0105.<\/p>\n<p><strong>Naudojimas:<\/strong> tepti ant dr\u0117gnos odos, masa\u017euoti iki put\u0173, nuplauti vandeniu.&nbsp;<\/p>\n<p>Laikyti t&deg; nuo +5&deg;\u0421 iki +25&deg;\u0421, saugoti nuo tiesiogini\u0173 saul\u0117s spinduli\u0173.&nbsp;<\/p>\n<p><strong>Geriausias:<\/strong> 36 m\u0117nesi\u0173.<br \/>\n&nbsp;<\/p>\n","protected":false},"excerpt":{"rendered":"<p>Kruop&scaron;\u010diai nuvalo, nesausina odos, palieka od\u0105 maloniai gaivi\u0105 ir v\u0117si\u0105. Naudojimas: tepti ant dr\u0117gnos odos, masa\u017euoti iki put\u0173, nuplauti vandeniu.&nbsp; Laikyti t&deg; nuo +5&deg;\u0421 iki +25&deg;\u0421, saugoti nuo tiesiogini\u0173 saul\u0117s spinduli\u0173.&nbsp; Geriausias: 36 m\u0117nesi\u0173. &nbsp;<\/p>\n","protected":false},"featured_media":87694,"template":"","meta":[],"product_cat":[1282],"product_tag":[],"class_list":{"0":"post-41531","1":"product","2":"type-product","3":"status-publish","4":"has-post-thumbnail","6":"product_brand-viorica-cosmeplant_bg-lt","7":"product_cat-duso-geliai-ir-duso-aliejai","9":"first","10":"instock","11":"taxable","12":"shipping-taxable","13":"product-type-simple"},"_links":{"self":[{"href":"https:\/\/e.kosmolat.eu\/lt\/wp-json\/wp\/v2\/product\/41531","targetHints":{"allow":["GET"]}}],"collection":[{"href":"https:\/\/e.kosmolat.eu\/lt\/wp-json\/wp\/v2\/product"}],"about":[{"href":"https:\/\/e.kosmolat.eu\/lt\/wp-json\/wp\/v2\/types\/product"}],"wp:featuredmedia":[{"embeddable":true,"href":"https:\/\/e.kosmolat.eu\/lt\/wp-json\/wp\/v2\/media\/87694"}],"wp:attachment":[{"href":"https:\/\/e.kosmolat.eu\/lt\/wp-json\/wp\/v2\/media?parent=41531"}],"wp:term":[{"taxonomy":"product_cat","embeddable":true,"href":"https:\/\/e.kosmolat.eu\/lt\/wp-json\/wp\/v2\/product_cat?post=41531"},{"taxonomy":"product_tag","embeddable":true,"href":"https:\/\/e.kosmolat.eu\/lt\/wp-json\/wp\/v2\/product_tag?post=41531"}],"curies":[{"name":"wp","href":"https:\/\/api.w.org\/{rel}","templated":true}]}}