{"id":41519,"date":"2023-12-23T03:08:02","date_gmt":"2023-12-23T03:08:02","guid":{"rendered":"https:\/\/e.kosmolat.eu\/product\/cosmeplant-relaks-dusas-zeleja-ar-lavandas-ekstraktu-500-ml\/"},"modified":"2026-04-21T09:15:16","modified_gmt":"2026-04-21T09:15:16","slug":"cosmeplant-relaks-dusas-zeleja-ar-lavandas-ekstraktu-500-ml","status":"publish","type":"product","link":"https:\/\/e.kosmolat.eu\/lt\/produktas\/cosmeplant-relaks-dusas-zeleja-ar-lavandas-ekstraktu-500-ml\/","title":{"rendered":"COSMEPLANT Atpalaiduojanti du\u0161o \u017eel\u0117 su organiniu levand\u0173 ekstraktu, 500 ml"},"content":{"rendered":"<p>Kruop&scaron;\u010diai nuvalo, nesausindamas odos.&nbsp;<\/p>\n<p><strong>Naudojimas:<\/strong> tepti ant dr\u0117gnos odos, masa\u017euoti iki put\u0173, nuplauti vandeniu.&nbsp;<\/p>\n<p>Laikyti t&deg; nuo +5&deg;\u0421 iki +25&deg;\u0421, saugoti nuo tiesiogini\u0173 saul\u0117s spinduli\u0173.&nbsp;<\/p>\n<p><strong>Geriausias: <\/strong>36 m\u0117nesi\u0173.<br \/>\n&nbsp;<\/p>\n","protected":false},"excerpt":{"rendered":"<p>Kruop&scaron;\u010diai nuvalo, nesausindamas odos.&nbsp; Naudojimas: tepti ant dr\u0117gnos odos, masa\u017euoti iki put\u0173, nuplauti vandeniu.&nbsp; Laikyti t&deg; nuo +5&deg;\u0421 iki +25&deg;\u0421, saugoti nuo tiesiogini\u0173 saul\u0117s spinduli\u0173.&nbsp; Geriausias: 36 m\u0117nesi\u0173. &nbsp;<\/p>\n","protected":false},"featured_media":87682,"template":"","meta":[],"product_cat":[2181],"product_tag":[],"class_list":{"0":"post-41519","1":"product","2":"type-product","3":"status-publish","4":"has-post-thumbnail","6":"product_brand-viorica-cosmeplant_bg-lt","7":"product_cat-bez-kategorijas-lt","9":"first","10":"instock","11":"taxable","12":"shipping-taxable","13":"product-type-simple"},"_links":{"self":[{"href":"https:\/\/e.kosmolat.eu\/lt\/wp-json\/wp\/v2\/product\/41519","targetHints":{"allow":["GET"]}}],"collection":[{"href":"https:\/\/e.kosmolat.eu\/lt\/wp-json\/wp\/v2\/product"}],"about":[{"href":"https:\/\/e.kosmolat.eu\/lt\/wp-json\/wp\/v2\/types\/product"}],"wp:featuredmedia":[{"embeddable":true,"href":"https:\/\/e.kosmolat.eu\/lt\/wp-json\/wp\/v2\/media\/87682"}],"wp:attachment":[{"href":"https:\/\/e.kosmolat.eu\/lt\/wp-json\/wp\/v2\/media?parent=41519"}],"wp:term":[{"taxonomy":"product_cat","embeddable":true,"href":"https:\/\/e.kosmolat.eu\/lt\/wp-json\/wp\/v2\/product_cat?post=41519"},{"taxonomy":"product_tag","embeddable":true,"href":"https:\/\/e.kosmolat.eu\/lt\/wp-json\/wp\/v2\/product_tag?post=41519"}],"curies":[{"name":"wp","href":"https:\/\/api.w.org\/{rel}","templated":true}]}}