{"id":41515,"date":"2023-12-23T03:07:45","date_gmt":"2023-12-23T03:07:45","guid":{"rendered":"https:\/\/e.kosmolat.eu\/product\/cosmeplant-masazas-ella-ar-smiltserkska-ellu-200-ml\/"},"modified":"2026-04-11T18:20:13","modified_gmt":"2026-04-11T18:20:13","slug":"cosmeplant-masazas-ella-ar-smiltserkska-ellu-200-ml","status":"publish","type":"product","link":"https:\/\/e.kosmolat.eu\/lt\/produktas\/cosmeplant-masazas-ella-ar-smiltserkska-ellu-200-ml\/","title":{"rendered":"COSMEPLANT Masa\u017eo aliejus su \u0161altalanki\u0173 aliejumi, 200 ml"},"content":{"rendered":"<p>Prisotina od\u0105 vertingais vitaminais, saugo nuo prie&scaron;laikinio sen\u0117jimo, gerina elastingum\u0105<\/p>\n<p><strong>Naudojimas:<\/strong> tepkite ant &scaron;varios ir sausos odos, masa\u017euokite.&nbsp;<\/p>\n<p>Laikyti t&deg; nuo +5&deg;\u0421 iki +25&deg;\u0421, saugoti nuo tiesiogini\u0173 saul\u0117s spinduli\u0173.&nbsp;<\/p>\n<p><strong>Geriausias: <\/strong>24 m\u0117nesiai nuo pagaminimo datos.<br \/>\n&nbsp;<\/p>\n","protected":false},"excerpt":{"rendered":"<p>Prisotina od\u0105 vertingais vitaminais, saugo nuo prie&scaron;laikinio sen\u0117jimo, gerina elastingum\u0105 Naudojimas: tepkite ant &scaron;varios ir sausos odos, masa\u017euokite.&nbsp; Laikyti t&deg; nuo +5&deg;\u0421 iki +25&deg;\u0421, saugoti nuo tiesiogini\u0173 saul\u0117s spinduli\u0173.&nbsp; Geriausias: 24 m\u0117nesiai nuo pagaminimo datos. &nbsp;<\/p>\n","protected":false},"featured_media":87678,"template":"","meta":[],"product_cat":[1621],"product_tag":[],"class_list":{"0":"post-41515","1":"product","2":"type-product","3":"status-publish","4":"has-post-thumbnail","6":"product_brand-viorica-cosmeplant_bg-lt","7":"product_cat-aliejai","9":"first","10":"outofstock","11":"taxable","12":"shipping-taxable","13":"product-type-simple"},"_links":{"self":[{"href":"https:\/\/e.kosmolat.eu\/lt\/wp-json\/wp\/v2\/product\/41515","targetHints":{"allow":["GET"]}}],"collection":[{"href":"https:\/\/e.kosmolat.eu\/lt\/wp-json\/wp\/v2\/product"}],"about":[{"href":"https:\/\/e.kosmolat.eu\/lt\/wp-json\/wp\/v2\/types\/product"}],"wp:featuredmedia":[{"embeddable":true,"href":"https:\/\/e.kosmolat.eu\/lt\/wp-json\/wp\/v2\/media\/87678"}],"wp:attachment":[{"href":"https:\/\/e.kosmolat.eu\/lt\/wp-json\/wp\/v2\/media?parent=41515"}],"wp:term":[{"taxonomy":"product_cat","embeddable":true,"href":"https:\/\/e.kosmolat.eu\/lt\/wp-json\/wp\/v2\/product_cat?post=41515"},{"taxonomy":"product_tag","embeddable":true,"href":"https:\/\/e.kosmolat.eu\/lt\/wp-json\/wp\/v2\/product_tag?post=41515"}],"curies":[{"name":"wp","href":"https:\/\/api.w.org\/{rel}","templated":true}]}}