{"id":41511,"date":"2023-12-23T03:07:25","date_gmt":"2023-12-23T03:07:25","guid":{"rendered":"https:\/\/e.kosmolat.eu\/product\/cosmeplant-masazas-ella-ar-mardadza-ellu-un-e-vitaminu-200-ml\/"},"modified":"2026-04-21T09:15:00","modified_gmt":"2026-04-21T09:15:00","slug":"cosmeplant-masazas-ella-ar-mardadza-ellu-un-e-vitaminu-200-ml","status":"publish","type":"product","link":"https:\/\/e.kosmolat.eu\/lt\/produktas\/cosmeplant-masazas-ella-ar-mardadza-ellu-un-e-vitaminu-200-ml\/","title":{"rendered":"COSMEPLANT Masa\u017eo aliejus su er\u0161k\u0117tro\u017ei\u0173 aliejumi ir vitaminu E, 200 ml"},"content":{"rendered":"<p>Prisotina od\u0105 vertingais vitaminais, atkuria, ramina.<\/p>\n<p><strong>Naudojimas: <\/strong>tepkite ant &scaron;varios ir sausos odos, masa\u017euokite.&nbsp;<\/p>\n<p>Laikyti t&deg; nuo +5&deg;\u0421 iki +25&deg;\u0421, saugoti nuo tiesiogini\u0173 saul\u0117s spinduli\u0173.<\/p>\n<p><strong>Geriausias: <\/strong>24 m\u0117nesiai nuo pagaminimo datos.<br \/>\n&nbsp;<\/p>\n","protected":false},"excerpt":{"rendered":"<p>Prisotina od\u0105 vertingais vitaminais, atkuria, ramina. Naudojimas: tepkite ant &scaron;varios ir sausos odos, masa\u017euokite.&nbsp; Laikyti t&deg; nuo +5&deg;\u0421 iki +25&deg;\u0421, saugoti nuo tiesiogini\u0173 saul\u0117s spinduli\u0173. Geriausias: 24 m\u0117nesiai nuo pagaminimo datos. &nbsp;<\/p>\n","protected":false},"featured_media":87674,"template":"","meta":[],"product_cat":[2181],"product_tag":[],"class_list":{"0":"post-41511","1":"product","2":"type-product","3":"status-publish","4":"has-post-thumbnail","6":"product_brand-viorica-cosmeplant_bg-lt","7":"product_cat-bez-kategorijas-lt","9":"first","10":"instock","11":"taxable","12":"shipping-taxable","13":"product-type-simple"},"_links":{"self":[{"href":"https:\/\/e.kosmolat.eu\/lt\/wp-json\/wp\/v2\/product\/41511","targetHints":{"allow":["GET"]}}],"collection":[{"href":"https:\/\/e.kosmolat.eu\/lt\/wp-json\/wp\/v2\/product"}],"about":[{"href":"https:\/\/e.kosmolat.eu\/lt\/wp-json\/wp\/v2\/types\/product"}],"wp:featuredmedia":[{"embeddable":true,"href":"https:\/\/e.kosmolat.eu\/lt\/wp-json\/wp\/v2\/media\/87674"}],"wp:attachment":[{"href":"https:\/\/e.kosmolat.eu\/lt\/wp-json\/wp\/v2\/media?parent=41511"}],"wp:term":[{"taxonomy":"product_cat","embeddable":true,"href":"https:\/\/e.kosmolat.eu\/lt\/wp-json\/wp\/v2\/product_cat?post=41511"},{"taxonomy":"product_tag","embeddable":true,"href":"https:\/\/e.kosmolat.eu\/lt\/wp-json\/wp\/v2\/product_tag?post=41511"}],"curies":[{"name":"wp","href":"https:\/\/api.w.org\/{rel}","templated":true}]}}