{"id":41503,"date":"2023-12-23T03:06:40","date_gmt":"2023-12-23T03:06:40","guid":{"rendered":"https:\/\/e.kosmolat.eu\/product\/cosmeplant-dezodor-kaju-krems-noguruma-mazin-ar-piparmetras-un-natres-ekstr-100-ml\/"},"modified":"2026-04-18T12:52:35","modified_gmt":"2026-04-18T12:52:35","slug":"cosmeplant-dezodor-kaju-krems-noguruma-mazin-ar-piparmetras-un-natres-ekstr-100-ml","status":"publish","type":"product","link":"https:\/\/e.kosmolat.eu\/lt\/produktas\/cosmeplant-dezodor-kaju-krems-noguruma-mazin-ar-piparmetras-un-natres-ekstr-100-ml\/","title":{"rendered":"COSMEPLANT Dezodorantas p\u0117d\u0173 kremas nuo nuovargio su organiniais m\u0117t\u0173 ir dilg\u0117li\u0173 ekstraktais, 100 m"},"content":{"rendered":"<p>Apsaugo nuo prakaito kvapo atsiradimo, naikina sunkumo jausm\u0105, maloniai v\u0117sina.&nbsp;<\/p>\n<p><strong>Naudojimas: <\/strong>Tepkite krem\u0105 ant &scaron;varios ir sausos p\u0117d\u0173 odos prie&scaron; apsiaunant batus ir prie&scaron; einant miegoti. Masa\u017euokite, kol visi&scaron;kai \u012fsigers.<\/p>\n<p>Laikyti t&deg; nuo +5&deg;\u0421 iki +25&deg;\u0421, saugoti nuo tiesiogini\u0173 saul\u0117s spinduli\u0173.&nbsp;<\/p>\n<p><strong>Geriausias: <\/strong>30 m\u0117nesi\u0173 nuo pagaminimo datos.<br \/>\n&nbsp;<\/p>\n","protected":false},"excerpt":{"rendered":"<p>Apsaugo nuo prakaito kvapo atsiradimo, naikina sunkumo jausm\u0105, maloniai v\u0117sina.&nbsp; Naudojimas: Tepkite krem\u0105 ant &scaron;varios ir sausos p\u0117d\u0173 odos prie&scaron; apsiaunant batus ir prie&scaron; einant miegoti. Masa\u017euokite, kol visi&scaron;kai \u012fsigers. Laikyti t&deg; nuo +5&deg;\u0421 iki +25&deg;\u0421, saugoti nuo tiesiogini\u0173 saul\u0117s spinduli\u0173.&nbsp; Geriausias: 30 m\u0117nesi\u0173 nuo pagaminimo datos. &nbsp;<\/p>\n","protected":false},"featured_media":87662,"template":"","meta":[],"product_cat":[1763],"product_tag":[],"class_list":{"0":"post-41503","1":"product","2":"type-product","3":"status-publish","4":"has-post-thumbnail","6":"product_brand-viorica-cosmeplant_bg-lt","7":"product_cat-koju-prieziuros-kosmetika","9":"first","10":"instock","11":"taxable","12":"shipping-taxable","13":"product-type-simple"},"_links":{"self":[{"href":"https:\/\/e.kosmolat.eu\/lt\/wp-json\/wp\/v2\/product\/41503","targetHints":{"allow":["GET"]}}],"collection":[{"href":"https:\/\/e.kosmolat.eu\/lt\/wp-json\/wp\/v2\/product"}],"about":[{"href":"https:\/\/e.kosmolat.eu\/lt\/wp-json\/wp\/v2\/types\/product"}],"wp:featuredmedia":[{"embeddable":true,"href":"https:\/\/e.kosmolat.eu\/lt\/wp-json\/wp\/v2\/media\/87662"}],"wp:attachment":[{"href":"https:\/\/e.kosmolat.eu\/lt\/wp-json\/wp\/v2\/media?parent=41503"}],"wp:term":[{"taxonomy":"product_cat","embeddable":true,"href":"https:\/\/e.kosmolat.eu\/lt\/wp-json\/wp\/v2\/product_cat?post=41503"},{"taxonomy":"product_tag","embeddable":true,"href":"https:\/\/e.kosmolat.eu\/lt\/wp-json\/wp\/v2\/product_tag?post=41503"}],"curies":[{"name":"wp","href":"https:\/\/api.w.org\/{rel}","templated":true}]}}