{"id":41499,"date":"2023-12-23T03:06:16","date_gmt":"2023-12-23T03:06:16","guid":{"rendered":"https:\/\/e.kosmolat.eu\/product\/cosmeplant-mikstinoss-pedu-krems-ar-meza-ogu-ekstr-100-ml\/"},"modified":"2026-04-17T13:09:10","modified_gmt":"2026-04-17T13:09:10","slug":"cosmeplant-mikstinoss-pedu-krems-ar-meza-ogu-ekstr-100-ml","status":"publish","type":"product","link":"https:\/\/e.kosmolat.eu\/lt\/produktas\/cosmeplant-mikstinoss-pedu-krems-ar-meza-ogu-ekstr-100-ml\/","title":{"rendered":"COSMEPLANT Raminamasis p\u0117d\u0173 kremas su organiniais  mi\u0161ko uog\u0173 ekstraktais, 100 ml"},"content":{"rendered":"<p>Giliai maitina, mink&scaron;tina sukiet\u0117jusias vietas, pagreitina \u012ftr\u016bkim\u0173 ir kukur\u016bz\u0173 gijim\u0105.&nbsp;<\/p>\n<p><strong>Naudojimas: <\/strong>tepkite krem\u0105 ant &scaron;varios ir sausos p\u0117d\u0173 odos, ypating\u0105 d\u0117mes\u012f skirdami kulnams. Masa\u017euokite, kol visi&scaron;kai \u012fsigers.&nbsp;<\/p>\n<p>Laikyti t&deg; nuo +5&deg;\u0421 iki +25&deg;\u0421, saugoti nuo tiesiogini\u0173 saul\u0117s spinduli\u0173.<\/p>\n<p><strong>Geriausias:<\/strong> 30 m\u0117nesi\u0173 nuo pagaminimo datos.&nbsp;<br \/>\n&nbsp;<\/p>\n","protected":false},"excerpt":{"rendered":"<p>Giliai maitina, mink&scaron;tina sukiet\u0117jusias vietas, pagreitina \u012ftr\u016bkim\u0173 ir kukur\u016bz\u0173 gijim\u0105.&nbsp; Naudojimas: tepkite krem\u0105 ant &scaron;varios ir sausos p\u0117d\u0173 odos, ypating\u0105 d\u0117mes\u012f skirdami kulnams. Masa\u017euokite, kol visi&scaron;kai \u012fsigers.&nbsp; Laikyti t&deg; nuo +5&deg;\u0421 iki +25&deg;\u0421, saugoti nuo tiesiogini\u0173 saul\u0117s spinduli\u0173. Geriausias: 30 m\u0117nesi\u0173 nuo pagaminimo datos.&nbsp; &nbsp;<\/p>\n","protected":false},"featured_media":87658,"template":"","meta":[],"product_cat":[1763],"product_tag":[],"class_list":{"0":"post-41499","1":"product","2":"type-product","3":"status-publish","4":"has-post-thumbnail","6":"product_brand-viorica-cosmeplant_bg-lt","7":"product_cat-koju-prieziuros-kosmetika","9":"first","10":"outofstock","11":"taxable","12":"shipping-taxable","13":"product-type-simple"},"_links":{"self":[{"href":"https:\/\/e.kosmolat.eu\/lt\/wp-json\/wp\/v2\/product\/41499","targetHints":{"allow":["GET"]}}],"collection":[{"href":"https:\/\/e.kosmolat.eu\/lt\/wp-json\/wp\/v2\/product"}],"about":[{"href":"https:\/\/e.kosmolat.eu\/lt\/wp-json\/wp\/v2\/types\/product"}],"wp:featuredmedia":[{"embeddable":true,"href":"https:\/\/e.kosmolat.eu\/lt\/wp-json\/wp\/v2\/media\/87658"}],"wp:attachment":[{"href":"https:\/\/e.kosmolat.eu\/lt\/wp-json\/wp\/v2\/media?parent=41499"}],"wp:term":[{"taxonomy":"product_cat","embeddable":true,"href":"https:\/\/e.kosmolat.eu\/lt\/wp-json\/wp\/v2\/product_cat?post=41499"},{"taxonomy":"product_tag","embeddable":true,"href":"https:\/\/e.kosmolat.eu\/lt\/wp-json\/wp\/v2\/product_tag?post=41499"}],"curies":[{"name":"wp","href":"https:\/\/api.w.org\/{rel}","templated":true}]}}