{"id":41495,"date":"2023-12-23T03:05:58","date_gmt":"2023-12-23T03:05:58","guid":{"rendered":"https:\/\/e.kosmolat.eu\/product\/cosmeplant-vitam-krems-rokam-nagiem-un-kutikulam-ar-meza-ogu-ekstr-75-ml\/"},"modified":"2026-04-11T18:19:10","modified_gmt":"2026-04-11T18:19:10","slug":"cosmeplant-vitam-krems-rokam-nagiem-un-kutikulam-ar-meza-ogu-ekstr-75-ml","status":"publish","type":"product","link":"https:\/\/e.kosmolat.eu\/lt\/produktas\/cosmeplant-vitam-krems-rokam-nagiem-un-kutikulam-ar-meza-ogu-ekstr-75-ml\/","title":{"rendered":"COSMEPLANT Vitamininis kremas rankoms, nagams ir odel\u0117ms su organini\u0173 mi\u0161ko uog\u0173 ekstraktais, 75 ml"},"content":{"rendered":"<p>Visapusei rank\u0173 prie\u017ei\u016brai. Prisotina od\u0105 ir nagus vitaminais, mink\u0161tina odel\u0119. <\/p>\n<p>Sud\u0117tyje yra vitamino A. Prie\u0161 naudojant atsi\u017evelgti \u012f paros doz\u0119.<\/p>\n<p>Naudojimas: tepkite krem\u0105 ant \u0161varios ir sausos rank\u0173 odos, masa\u017euokite, kol visi\u0161kai \u012fsigers. <\/p>\n<p>Laikyti t\u00b0 nuo +5\u00b0\u0421 iki +25\u00b0\u0421, saugoti nuo tiesiogini\u0173 saul\u0117s spinduli\u0173. <\/p>\n<p>Geriausias: 30 m\u0117nesi\u0173 nuo pagaminimo datos.<\/p>\n","protected":false},"excerpt":{"rendered":"<p>Visapusei rank\u0173 prie\u017ei\u016brai. Prisotina od\u0105 ir nagus vitaminais, mink\u0161tina odel\u0119. Sud\u0117tyje yra vitamino A. Prie\u0161 naudojant atsi\u017evelgti \u012f paros doz\u0119. Naudojimas: tepkite krem\u0105 ant \u0161varios ir sausos rank\u0173 odos, masa\u017euokite, kol visi\u0161kai \u012fsigers. Laikyti t\u00b0 nuo +5\u00b0\u0421 iki +25\u00b0\u0421, saugoti nuo tiesiogini\u0173 saul\u0117s spinduli\u0173. Geriausias: 30 m\u0117nesi\u0173 nuo pagaminimo datos.<\/p>\n","protected":false},"featured_media":87654,"template":"","meta":[],"product_cat":[1304],"product_tag":[],"class_list":{"0":"post-41495","1":"product","2":"type-product","3":"status-publish","4":"has-post-thumbnail","6":"product_brand-viorica-cosmeplant_bg-lt","7":"product_cat-ranku-prieziuros-kosmetika","9":"first","10":"outofstock","11":"taxable","12":"shipping-taxable","13":"product-type-simple"},"_links":{"self":[{"href":"https:\/\/e.kosmolat.eu\/lt\/wp-json\/wp\/v2\/product\/41495","targetHints":{"allow":["GET"]}}],"collection":[{"href":"https:\/\/e.kosmolat.eu\/lt\/wp-json\/wp\/v2\/product"}],"about":[{"href":"https:\/\/e.kosmolat.eu\/lt\/wp-json\/wp\/v2\/types\/product"}],"wp:featuredmedia":[{"embeddable":true,"href":"https:\/\/e.kosmolat.eu\/lt\/wp-json\/wp\/v2\/media\/87654"}],"wp:attachment":[{"href":"https:\/\/e.kosmolat.eu\/lt\/wp-json\/wp\/v2\/media?parent=41495"}],"wp:term":[{"taxonomy":"product_cat","embeddable":true,"href":"https:\/\/e.kosmolat.eu\/lt\/wp-json\/wp\/v2\/product_cat?post=41495"},{"taxonomy":"product_tag","embeddable":true,"href":"https:\/\/e.kosmolat.eu\/lt\/wp-json\/wp\/v2\/product_tag?post=41495"}],"curies":[{"name":"wp","href":"https:\/\/api.w.org\/{rel}","templated":true}]}}