{"id":41491,"date":"2023-12-23T03:05:41","date_gmt":"2023-12-23T03:05:41","guid":{"rendered":"https:\/\/e.kosmolat.eu\/product\/cosmeplant-mitrin-roku-krems-ar-gurka-ekstr-visiem-adas-tipiem-75-ml\/"},"modified":"2026-04-11T18:18:58","modified_gmt":"2026-04-11T18:18:58","slug":"cosmeplant-mitrin-roku-krems-ar-gurka-ekstr-visiem-adas-tipiem-75-ml","status":"publish","type":"product","link":"https:\/\/e.kosmolat.eu\/lt\/produktas\/cosmeplant-mitrin-roku-krems-ar-gurka-ekstr-visiem-adas-tipiem-75-ml\/","title":{"rendered":"COSMEPLANT Dr\u0117kinamasis rank\u0173 kremas su organiniu agurk\u0173 ekstraktu vis\u0173 tip\u0173 odai, 75 ml"},"content":{"rendered":"<p>Susigeria akimirksniu, apsaugo nuo i&scaron;saus\u0117jimo, suteikia komforto jausm\u0105.&nbsp;<\/p>\n<p><strong>Naudojimas: <\/strong>tepkite krem\u0105 ant &scaron;varios ir sausos rank\u0173 odos, masa\u017euokite, kol visi&scaron;kai \u012fsigers.&nbsp;<\/p>\n<p>Laikyti t&deg; nuo +5&deg;\u0421 iki +25&deg;\u0421, saugoti nuo tiesiogini\u0173 saul\u0117s spinduli\u0173.<\/p>\n<p><strong>Geriausias: <\/strong>30 m\u0117n. nuo pagaminimo datos.&nbsp;<\/p>\n","protected":false},"excerpt":{"rendered":"<p>Susigeria akimirksniu, apsaugo nuo i&scaron;saus\u0117jimo, suteikia komforto jausm\u0105.&nbsp; Naudojimas: tepkite krem\u0105 ant &scaron;varios ir sausos rank\u0173 odos, masa\u017euokite, kol visi&scaron;kai \u012fsigers.&nbsp; Laikyti t&deg; nuo +5&deg;\u0421 iki +25&deg;\u0421, saugoti nuo tiesiogini\u0173 saul\u0117s spinduli\u0173. Geriausias: 30 m\u0117n. nuo pagaminimo datos.&nbsp;<\/p>\n","protected":false},"featured_media":87650,"template":"","meta":[],"product_cat":[1304],"product_tag":[],"class_list":{"0":"post-41491","1":"product","2":"type-product","3":"status-publish","4":"has-post-thumbnail","6":"product_brand-viorica-cosmeplant_bg-lt","7":"product_cat-ranku-prieziuros-kosmetika","9":"first","10":"outofstock","11":"taxable","12":"shipping-taxable","13":"product-type-simple"},"_links":{"self":[{"href":"https:\/\/e.kosmolat.eu\/lt\/wp-json\/wp\/v2\/product\/41491","targetHints":{"allow":["GET"]}}],"collection":[{"href":"https:\/\/e.kosmolat.eu\/lt\/wp-json\/wp\/v2\/product"}],"about":[{"href":"https:\/\/e.kosmolat.eu\/lt\/wp-json\/wp\/v2\/types\/product"}],"wp:featuredmedia":[{"embeddable":true,"href":"https:\/\/e.kosmolat.eu\/lt\/wp-json\/wp\/v2\/media\/87650"}],"wp:attachment":[{"href":"https:\/\/e.kosmolat.eu\/lt\/wp-json\/wp\/v2\/media?parent=41491"}],"wp:term":[{"taxonomy":"product_cat","embeddable":true,"href":"https:\/\/e.kosmolat.eu\/lt\/wp-json\/wp\/v2\/product_cat?post=41491"},{"taxonomy":"product_tag","embeddable":true,"href":"https:\/\/e.kosmolat.eu\/lt\/wp-json\/wp\/v2\/product_tag?post=41491"}],"curies":[{"name":"wp","href":"https:\/\/api.w.org\/{rel}","templated":true}]}}