{"id":41487,"date":"2023-12-23T03:05:16","date_gmt":"2023-12-23T03:05:16","guid":{"rendered":"https:\/\/e.kosmolat.eu\/product\/cosmeplant-balzams-boj-matiem-dubultais-keratins-ar-a-b5-e-vitam-200-ml\/"},"modified":"2026-04-11T18:18:30","modified_gmt":"2026-04-11T18:18:30","slug":"cosmeplant-balzams-boj-matiem-dubultais-keratins-ar-a-b5-e-vitam-200-ml","status":"publish","type":"product","link":"https:\/\/e.kosmolat.eu\/lt\/produktas\/cosmeplant-balzams-boj-matiem-dubultais-keratins-ar-a-b5-e-vitam-200-ml\/","title":{"rendered":"COSMEPLANT Balzamas pa\u017eeistiems plaukams &#8220;Dvigubas keratinas&#8221; su vitaminais A, B5, E, 200 ml"},"content":{"rendered":"<p>Nat\u016brali priemon\u0117 su 2 r\u016b\u0161i\u0173 keratinu ir organiniu liep\u0173 \u017eied\u0173 ekstraktu. Akimirksniu dr\u0117kina ir maitina, i\u0161lygina plauko stiebo strukt\u016br\u0105, u\u017esandarina i\u0161si\u0161akojusius galiukus, atkuria nat\u016bral\u0173 plauk\u0173 stiprum\u0105 ir elastingum\u0105. Sruogos tampa blizgios ir gerai pri\u017ei\u016brimos.<\/p>\n<p>Sud\u0117tyje yra vitamino A. Prie\u0161 naudojant atsi\u017evelgti \u012f paros doz\u0119.<\/p>\n<p>Naudojimas: paskirstykite priemon\u0119 ant \u0161vari\u0173 ir dr\u0117gn\u0173 plauk\u0173,  nuo \u0161akn\u0173. Po 1-2 minu\u010di\u0173 gerai nuplaukite vandeniu.<\/p>\n<p>Laikyti t\u00b0 nuo +5\u00b0\u0421 iki +25\u00b0\u0421, saugoti nuo tiesiogini\u0173 saul\u0117s spinduli\u0173. <\/p>\n<p>Geriausias: 30 m\u0117nesi\u0173 nuo pagaminimo datos.<\/p>\n","protected":false},"excerpt":{"rendered":"<p>Nat\u016brali priemon\u0117 su 2 r\u016b\u0161i\u0173 keratinu ir organiniu liep\u0173 \u017eied\u0173 ekstraktu. Akimirksniu dr\u0117kina ir maitina, i\u0161lygina plauko stiebo strukt\u016br\u0105, u\u017esandarina i\u0161si\u0161akojusius galiukus, atkuria nat\u016bral\u0173 plauk\u0173 stiprum\u0105 ir elastingum\u0105. Sruogos tampa blizgios ir gerai pri\u017ei\u016brimos. Sud\u0117tyje yra vitamino A. Prie\u0161 naudojant atsi\u017evelgti \u012f paros doz\u0119. Naudojimas: paskirstykite priemon\u0119 ant \u0161vari\u0173 ir dr\u0117gn\u0173 plauk\u0173, nuo \u0161akn\u0173. Po [&#8230;]\n","protected":false},"featured_media":87642,"template":"","meta":[],"product_cat":[1640],"product_tag":[],"class_list":{"0":"post-41487","1":"product","2":"type-product","3":"status-publish","4":"has-post-thumbnail","6":"product_brand-viorica-cosmeplant_bg-lt","7":"product_cat-balzamai","9":"first","10":"instock","11":"taxable","12":"shipping-taxable","13":"product-type-simple"},"_links":{"self":[{"href":"https:\/\/e.kosmolat.eu\/lt\/wp-json\/wp\/v2\/product\/41487","targetHints":{"allow":["GET"]}}],"collection":[{"href":"https:\/\/e.kosmolat.eu\/lt\/wp-json\/wp\/v2\/product"}],"about":[{"href":"https:\/\/e.kosmolat.eu\/lt\/wp-json\/wp\/v2\/types\/product"}],"wp:featuredmedia":[{"embeddable":true,"href":"https:\/\/e.kosmolat.eu\/lt\/wp-json\/wp\/v2\/media\/87642"}],"wp:attachment":[{"href":"https:\/\/e.kosmolat.eu\/lt\/wp-json\/wp\/v2\/media?parent=41487"}],"wp:term":[{"taxonomy":"product_cat","embeddable":true,"href":"https:\/\/e.kosmolat.eu\/lt\/wp-json\/wp\/v2\/product_cat?post=41487"},{"taxonomy":"product_tag","embeddable":true,"href":"https:\/\/e.kosmolat.eu\/lt\/wp-json\/wp\/v2\/product_tag?post=41487"}],"curies":[{"name":"wp","href":"https:\/\/api.w.org\/{rel}","templated":true}]}}