{"id":41483,"date":"2023-12-23T03:04:50","date_gmt":"2023-12-23T03:04:50","guid":{"rendered":"https:\/\/e.kosmolat.eu\/product\/cosmeplant-balzams-pret-matu-izkris-ar-natres-un-dizdadza-ekstr-un-ricinellu-200-ml\/"},"modified":"2026-04-23T09:30:56","modified_gmt":"2026-04-23T09:30:56","slug":"cosmeplant-balzams-pret-matu-izkris-ar-natres-un-dizdadza-ekstr-un-ricinellu-200-ml","status":"publish","type":"product","link":"https:\/\/e.kosmolat.eu\/lt\/produktas\/cosmeplant-balzams-pret-matu-izkris-ar-natres-un-dizdadza-ekstr-un-ricinellu-200-ml\/","title":{"rendered":"COSMEPLANT Balzamas nuo plauk\u0173 slinkimo su organi\u0161ku dilg\u0117li\u0173 ir varnal\u0117\u0161\u0173 ekstraktu bei ricinos ali"},"content":{"rendered":"<p>Giliai \u012fsiskverbia \u012f plauko strukt\u016br\u0105, atkuria ir apsaugo kutikul\u0119, kondicionuoja, taip suma\u017eina plauk\u0173 slinkim\u0105 &scaron;ukuojant ir formuojant. Sruogos tampa stiprios, blizgios ir paklusnios.<\/p>\n<p><strong>Naudojimas: <\/strong>paskirstykite priemon\u0119 ant &scaron;vari\u0173 ir dr\u0117gn\u0173 plauk\u0173, &nbsp;nuo &scaron;akn\u0173. Po 1-2 minu\u010di\u0173 gerai nuplaukite vandeniu.<\/p>\n<p>Laikyti t&deg; nuo +5&deg;\u0421 iki +25&deg;\u0421, saugoti nuo tiesiogini\u0173 saul\u0117s spinduli\u0173.&nbsp;<\/p>\n<p><strong>Geriausias:<\/strong> 30 m\u0117nesi\u0173 nuo pagaminimo datos.<br \/>\n&nbsp;<\/p>\n","protected":false},"excerpt":{"rendered":"<p>Giliai \u012fsiskverbia \u012f plauko strukt\u016br\u0105, atkuria ir apsaugo kutikul\u0119, kondicionuoja, taip suma\u017eina plauk\u0173 slinkim\u0105 &scaron;ukuojant ir formuojant. Sruogos tampa stiprios, blizgios ir paklusnios. Naudojimas: paskirstykite priemon\u0119 ant &scaron;vari\u0173 ir dr\u0117gn\u0173 plauk\u0173, &nbsp;nuo &scaron;akn\u0173. Po 1-2 minu\u010di\u0173 gerai nuplaukite vandeniu. Laikyti t&deg; nuo +5&deg;\u0421 iki +25&deg;\u0421, saugoti nuo tiesiogini\u0173 saul\u0117s spinduli\u0173.&nbsp; Geriausias: 30 m\u0117nesi\u0173 nuo pagaminimo [&#8230;]\n","protected":false},"featured_media":87638,"template":"","meta":[],"product_cat":[1640],"product_tag":[],"class_list":{"0":"post-41483","1":"product","2":"type-product","3":"status-publish","4":"has-post-thumbnail","6":"product_brand-viorica-cosmeplant_bg-lt","7":"product_cat-balzamai","9":"first","10":"instock","11":"taxable","12":"shipping-taxable","13":"product-type-simple"},"_links":{"self":[{"href":"https:\/\/e.kosmolat.eu\/lt\/wp-json\/wp\/v2\/product\/41483","targetHints":{"allow":["GET"]}}],"collection":[{"href":"https:\/\/e.kosmolat.eu\/lt\/wp-json\/wp\/v2\/product"}],"about":[{"href":"https:\/\/e.kosmolat.eu\/lt\/wp-json\/wp\/v2\/types\/product"}],"wp:featuredmedia":[{"embeddable":true,"href":"https:\/\/e.kosmolat.eu\/lt\/wp-json\/wp\/v2\/media\/87638"}],"wp:attachment":[{"href":"https:\/\/e.kosmolat.eu\/lt\/wp-json\/wp\/v2\/media?parent=41483"}],"wp:term":[{"taxonomy":"product_cat","embeddable":true,"href":"https:\/\/e.kosmolat.eu\/lt\/wp-json\/wp\/v2\/product_cat?post=41483"},{"taxonomy":"product_tag","embeddable":true,"href":"https:\/\/e.kosmolat.eu\/lt\/wp-json\/wp\/v2\/product_tag?post=41483"}],"curies":[{"name":"wp","href":"https:\/\/api.w.org\/{rel}","templated":true}]}}