{"id":41479,"date":"2023-12-23T03:04:25","date_gmt":"2023-12-23T03:04:25","guid":{"rendered":"https:\/\/e.kosmolat.eu\/product\/cosmeplant-baroj-matu-balzams-ar-klingerisu-ziedu-ekstr-un-smiltserksku-ellu-200-ml\/"},"modified":"2026-04-20T10:28:09","modified_gmt":"2026-04-20T10:28:09","slug":"cosmeplant-baroj-matu-balzams-ar-klingerisu-ziedu-ekstr-un-smiltserksku-ellu-200-ml","status":"publish","type":"product","link":"https:\/\/e.kosmolat.eu\/lt\/produktas\/cosmeplant-baroj-matu-balzams-ar-klingerisu-ziedu-ekstr-un-smiltserksku-ellu-200-ml\/","title":{"rendered":"COSMEPLANT Maitinamasis balzamas su organiniu medetk\u0173 \u017eied\u0173 ekstraktu ir \u0161altalanki\u0173 aliejumi, 200 m"},"content":{"rendered":"<p>Intensyviai maitina pavargusius ir negyvus plaukus. Prisotina verting\u0173 vitamin\u0173, lygina plauk\u0173 \u017evynelius, atkuria strukt\u016brinius pa\u017eeidimus, naikina sausus galiukus. Sruogos \u012fgauna sveik\u0105 i&scaron;vaizd\u0105, blizges\u012f ir elastingum\u0105.<\/p>\n<p><strong>Naudojimas: <\/strong>paskirstykite priemon\u0119 ant &scaron;vari\u0173 ir dr\u0117gn\u0173 plauk\u0173, nuo &scaron;akn\u0173. Po 1-2 minu\u010di\u0173 gerai nuplaukite vandeniu.<\/p>\n<p>Laikyti t&deg; nuo +5&deg;\u0421 iki +25&deg;\u0421, saugoti nuo tiesiogini\u0173 saul\u0117s spinduli\u0173.&nbsp;<\/p>\n<p><strong>Geriausias: <\/strong>30 m\u0117nesi\u0173 nuo pagaminimo datos.<br \/>\n&nbsp;<\/p>\n","protected":false},"excerpt":{"rendered":"<p>Intensyviai maitina pavargusius ir negyvus plaukus. Prisotina verting\u0173 vitamin\u0173, lygina plauk\u0173 \u017evynelius, atkuria strukt\u016brinius pa\u017eeidimus, naikina sausus galiukus. Sruogos \u012fgauna sveik\u0105 i&scaron;vaizd\u0105, blizges\u012f ir elastingum\u0105. Naudojimas: paskirstykite priemon\u0119 ant &scaron;vari\u0173 ir dr\u0117gn\u0173 plauk\u0173, nuo &scaron;akn\u0173. Po 1-2 minu\u010di\u0173 gerai nuplaukite vandeniu. Laikyti t&deg; nuo +5&deg;\u0421 iki +25&deg;\u0421, saugoti nuo tiesiogini\u0173 saul\u0117s spinduli\u0173.&nbsp; Geriausias: 30 m\u0117nesi\u0173 [&#8230;]\n","protected":false},"featured_media":87634,"template":"","meta":[],"product_cat":[1640],"product_tag":[],"class_list":{"0":"post-41479","1":"product","2":"type-product","3":"status-publish","4":"has-post-thumbnail","6":"product_brand-viorica-cosmeplant_bg-lt","7":"product_cat-balzamai","9":"first","10":"instock","11":"taxable","12":"shipping-taxable","13":"product-type-simple"},"_links":{"self":[{"href":"https:\/\/e.kosmolat.eu\/lt\/wp-json\/wp\/v2\/product\/41479","targetHints":{"allow":["GET"]}}],"collection":[{"href":"https:\/\/e.kosmolat.eu\/lt\/wp-json\/wp\/v2\/product"}],"about":[{"href":"https:\/\/e.kosmolat.eu\/lt\/wp-json\/wp\/v2\/types\/product"}],"wp:featuredmedia":[{"embeddable":true,"href":"https:\/\/e.kosmolat.eu\/lt\/wp-json\/wp\/v2\/media\/87634"}],"wp:attachment":[{"href":"https:\/\/e.kosmolat.eu\/lt\/wp-json\/wp\/v2\/media?parent=41479"}],"wp:term":[{"taxonomy":"product_cat","embeddable":true,"href":"https:\/\/e.kosmolat.eu\/lt\/wp-json\/wp\/v2\/product_cat?post=41479"},{"taxonomy":"product_tag","embeddable":true,"href":"https:\/\/e.kosmolat.eu\/lt\/wp-json\/wp\/v2\/product_tag?post=41479"}],"curies":[{"name":"wp","href":"https:\/\/api.w.org\/{rel}","templated":true}]}}