{"id":41475,"date":"2023-12-23T03:04:04","date_gmt":"2023-12-23T03:04:04","guid":{"rendered":"https:\/\/e.kosmolat.eu\/product\/cosmeplant-samp-boj-matiem-dubultais-keratins-ar-a-b5-e-vitam-400-ml\/"},"modified":"2026-04-11T18:17:48","modified_gmt":"2026-04-11T18:17:48","slug":"cosmeplant-samp-boj-matiem-dubultais-keratins-ar-a-b5-e-vitam-400-ml","status":"publish","type":"product","link":"https:\/\/e.kosmolat.eu\/lt\/produktas\/cosmeplant-samp-boj-matiem-dubultais-keratins-ar-a-b5-e-vitam-400-ml\/","title":{"rendered":"COSMEPLANT \u0160amp\u016bnas pa\u017eeistiems plaukams \u201eDvigubas keratinasn\u201c su vitaminais A, B5, E, 400 ml"},"content":{"rendered":"<p>Kruop&scaron;\u010diai i&scaron;valo, u\u017epildo tu&scaron;tumas plauk\u0173 stiebeliuose, tod\u0117l jie tampa ma\u017eiau trap\u016bs, ma\u017eina galiuk\u0173 &scaron;akojim\u0105s\u012f. Suteikia plaukams tankumo, pa&scaron;alina statin\u0119 kr\u016bv\u012f. Sruogos tampa paklusnios ir gyvos.<\/p>\n<p><strong>Naudojimas: <\/strong>u\u017etepkite &scaron;amp\u016bn\u0105 ant dr\u0117gn\u0173 plauk\u0173, suputokite ir masa\u017euokite. Kruop&scaron;\u010diai nuplaukite &scaron;iltu vandeniu. Jei reikia, pakartokite. Tinka da\u017enam naudojimui.&nbsp;<\/p>\n<p>Laikyti t&deg; nuo +5&deg;\u0421 iki +25&deg;\u0421, saugoti nuo tiesiogini\u0173 saul\u0117s spinduli\u0173.&nbsp;<\/p>\n<p><strong>Geriausias: <\/strong>36 m\u0117nesi\u0173 nuo pagaminimo datos.<br \/>\n&nbsp;<\/p>\n","protected":false},"excerpt":{"rendered":"<p>Kruop&scaron;\u010diai i&scaron;valo, u\u017epildo tu&scaron;tumas plauk\u0173 stiebeliuose, tod\u0117l jie tampa ma\u017eiau trap\u016bs, ma\u017eina galiuk\u0173 &scaron;akojim\u0105s\u012f. Suteikia plaukams tankumo, pa&scaron;alina statin\u0119 kr\u016bv\u012f. Sruogos tampa paklusnios ir gyvos. Naudojimas: u\u017etepkite &scaron;amp\u016bn\u0105 ant dr\u0117gn\u0173 plauk\u0173, suputokite ir masa\u017euokite. Kruop&scaron;\u010diai nuplaukite &scaron;iltu vandeniu. Jei reikia, pakartokite. Tinka da\u017enam naudojimui.&nbsp; Laikyti t&deg; nuo +5&deg;\u0421 iki +25&deg;\u0421, saugoti nuo tiesiogini\u0173 saul\u0117s spinduli\u0173.&nbsp; [&#8230;]\n","protected":false},"featured_media":87630,"template":"","meta":[],"product_cat":[1251],"product_tag":[],"class_list":{"0":"post-41475","1":"product","2":"type-product","3":"status-publish","4":"has-post-thumbnail","6":"product_brand-viorica-cosmeplant_bg-lt","7":"product_cat-sampunai","9":"first","10":"instock","11":"taxable","12":"shipping-taxable","13":"product-type-simple"},"_links":{"self":[{"href":"https:\/\/e.kosmolat.eu\/lt\/wp-json\/wp\/v2\/product\/41475","targetHints":{"allow":["GET"]}}],"collection":[{"href":"https:\/\/e.kosmolat.eu\/lt\/wp-json\/wp\/v2\/product"}],"about":[{"href":"https:\/\/e.kosmolat.eu\/lt\/wp-json\/wp\/v2\/types\/product"}],"wp:featuredmedia":[{"embeddable":true,"href":"https:\/\/e.kosmolat.eu\/lt\/wp-json\/wp\/v2\/media\/87630"}],"wp:attachment":[{"href":"https:\/\/e.kosmolat.eu\/lt\/wp-json\/wp\/v2\/media?parent=41475"}],"wp:term":[{"taxonomy":"product_cat","embeddable":true,"href":"https:\/\/e.kosmolat.eu\/lt\/wp-json\/wp\/v2\/product_cat?post=41475"},{"taxonomy":"product_tag","embeddable":true,"href":"https:\/\/e.kosmolat.eu\/lt\/wp-json\/wp\/v2\/product_tag?post=41475"}],"curies":[{"name":"wp","href":"https:\/\/api.w.org\/{rel}","templated":true}]}}