{"id":41471,"date":"2023-12-23T03:03:40","date_gmt":"2023-12-23T03:03:40","guid":{"rendered":"https:\/\/e.kosmolat.eu\/product\/cosmeplant-pretblaugznu-samp-ar-salvijas-ekstr-propolisu-un-klimbazolu-400-ml\/"},"modified":"2026-04-20T12:27:15","modified_gmt":"2026-04-20T12:27:15","slug":"cosmeplant-pretblaugznu-samp-ar-salvijas-ekstr-propolisu-un-klimbazolu-400-ml","status":"publish","type":"product","link":"https:\/\/e.kosmolat.eu\/lt\/produktas\/cosmeplant-pretblaugznu-samp-ar-salvijas-ekstr-propolisu-un-klimbazolu-400-ml\/","title":{"rendered":"COSMEPLANT \u0160amp\u016bnas nuo pleiskan\u0173 su organi\u0161ku \u0161alavij\u0173 ekstraktu, propoliu ir klimbazolu, 400 ml"},"content":{"rendered":"<p>Kruop&scaron;\u010diai valo ir ma\u017eina pleiskan\u0173 atsiradim\u0105. Gerina bendr\u0105 galvos odos b\u016bkl\u0119, ma\u017eina nie\u017eul\u012f, pleiskanojim\u0105 ir dirginim\u0105, stiprina plauk\u0173 folikulus. Plaukai \u012fgauna apimties ir sveik\u0105 blizges\u012f.<\/p>\n<p><strong>Naudojimas:<\/strong> u\u017etepkite &scaron;amp\u016bn\u0105 ant dr\u0117gn\u0173 plauk\u0173, suputokite ir masa\u017euokite. Kruop&scaron;\u010diai nuplaukite &scaron;iltu vandeniu. Jei reikia, pakartokite. Tinka da\u017enam naudojimui.&nbsp;<\/p>\n<p>Laikyti t&deg; nuo +5&deg;\u0421 iki +25&deg;\u0421, saugoti nuo tiesiogini\u0173 saul\u0117s spinduli\u0173.&nbsp;<\/p>\n<p><strong>Geriausias: <\/strong>36 m\u0117nesi\u0173 nuo pagaminimo datos.<br \/>\n&nbsp;<\/p>\n","protected":false},"excerpt":{"rendered":"<p>Kruop&scaron;\u010diai valo ir ma\u017eina pleiskan\u0173 atsiradim\u0105. Gerina bendr\u0105 galvos odos b\u016bkl\u0119, ma\u017eina nie\u017eul\u012f, pleiskanojim\u0105 ir dirginim\u0105, stiprina plauk\u0173 folikulus. Plaukai \u012fgauna apimties ir sveik\u0105 blizges\u012f. Naudojimas: u\u017etepkite &scaron;amp\u016bn\u0105 ant dr\u0117gn\u0173 plauk\u0173, suputokite ir masa\u017euokite. Kruop&scaron;\u010diai nuplaukite &scaron;iltu vandeniu. Jei reikia, pakartokite. Tinka da\u017enam naudojimui.&nbsp; Laikyti t&deg; nuo +5&deg;\u0421 iki +25&deg;\u0421, saugoti nuo tiesiogini\u0173 saul\u0117s spinduli\u0173.&nbsp; [&#8230;]\n","protected":false},"featured_media":87626,"template":"","meta":[],"product_cat":[1251],"product_tag":[],"class_list":{"0":"post-41471","1":"product","2":"type-product","3":"status-publish","4":"has-post-thumbnail","6":"product_brand-viorica-cosmeplant_bg-lt","7":"product_cat-sampunai","9":"first","10":"instock","11":"taxable","12":"shipping-taxable","13":"product-type-simple"},"_links":{"self":[{"href":"https:\/\/e.kosmolat.eu\/lt\/wp-json\/wp\/v2\/product\/41471","targetHints":{"allow":["GET"]}}],"collection":[{"href":"https:\/\/e.kosmolat.eu\/lt\/wp-json\/wp\/v2\/product"}],"about":[{"href":"https:\/\/e.kosmolat.eu\/lt\/wp-json\/wp\/v2\/types\/product"}],"wp:featuredmedia":[{"embeddable":true,"href":"https:\/\/e.kosmolat.eu\/lt\/wp-json\/wp\/v2\/media\/87626"}],"wp:attachment":[{"href":"https:\/\/e.kosmolat.eu\/lt\/wp-json\/wp\/v2\/media?parent=41471"}],"wp:term":[{"taxonomy":"product_cat","embeddable":true,"href":"https:\/\/e.kosmolat.eu\/lt\/wp-json\/wp\/v2\/product_cat?post=41471"},{"taxonomy":"product_tag","embeddable":true,"href":"https:\/\/e.kosmolat.eu\/lt\/wp-json\/wp\/v2\/product_tag?post=41471"}],"curies":[{"name":"wp","href":"https:\/\/api.w.org\/{rel}","templated":true}]}}