{"id":41467,"date":"2023-12-23T03:03:18","date_gmt":"2023-12-23T03:03:18","guid":{"rendered":"https:\/\/e.kosmolat.eu\/product\/cosmeplant-normaliz-micel-samp-ar-melisas-un-upenes-lapu-ekstr-400-ml\/"},"modified":"2026-04-21T09:14:45","modified_gmt":"2026-04-21T09:14:45","slug":"cosmeplant-normaliz-micel-samp-ar-melisas-un-upenes-lapu-ekstr-400-ml","status":"publish","type":"product","link":"https:\/\/e.kosmolat.eu\/lt\/produktas\/cosmeplant-normaliz-micel-samp-ar-melisas-un-upenes-lapu-ekstr-400-ml\/","title":{"rendered":"COSMEPLANT Normalizuojantis micelinis \u0161amp\u016bnas su organi\u0161kais melis\u0173 ir serbent\u0173 lap\u0173 ekstraktais, 4"},"content":{"rendered":"<p>Greitai susiriebaluojantiems plaukams. Giliai valo, ramina galvos od\u0105, normalizuoja jos mikroflor\u0105, reguliuoja riebalini\u0173 liauk\u0173 veikl\u0105. Atgaivina plaukus ir atkuria nat\u016brali\u0105 j\u0173 galiuk\u0173 dr\u0117gm\u0119. Sruogos atrodo gerai pri\u017ei\u016brimos ir sveikos.&nbsp;<\/p>\n<p><strong>Naudojimas:<\/strong> u\u017etepkite &scaron;amp\u016bn\u0105 ant dr\u0117gn\u0173 plauk\u0173, suputokite ir masa\u017euokite. Kruop&scaron;\u010diai nuplaukite &scaron;iltu vandeniu. Jei reikia, pakartokite. Tinka da\u017enam naudojimui.&nbsp;<\/p>\n<p>Laikyti t&deg; nuo +5&deg;\u0421 iki +25&deg;\u0421, saugoti nuo tiesiogini\u0173 saul\u0117s spinduli\u0173.&nbsp;<\/p>\n<p><strong>Geriausias: <\/strong>36 m\u0117nesi\u0173 nuo pagaminimo datos.&nbsp;<br \/>\n&nbsp;<\/p>\n","protected":false},"excerpt":{"rendered":"<p>Greitai susiriebaluojantiems plaukams. Giliai valo, ramina galvos od\u0105, normalizuoja jos mikroflor\u0105, reguliuoja riebalini\u0173 liauk\u0173 veikl\u0105. Atgaivina plaukus ir atkuria nat\u016brali\u0105 j\u0173 galiuk\u0173 dr\u0117gm\u0119. Sruogos atrodo gerai pri\u017ei\u016brimos ir sveikos.&nbsp; Naudojimas: u\u017etepkite &scaron;amp\u016bn\u0105 ant dr\u0117gn\u0173 plauk\u0173, suputokite ir masa\u017euokite. Kruop&scaron;\u010diai nuplaukite &scaron;iltu vandeniu. Jei reikia, pakartokite. Tinka da\u017enam naudojimui.&nbsp; Laikyti t&deg; nuo +5&deg;\u0421 iki +25&deg;\u0421, saugoti [&#8230;]\n","protected":false},"featured_media":87622,"template":"","meta":[],"product_cat":[2181],"product_tag":[],"class_list":{"0":"post-41467","1":"product","2":"type-product","3":"status-publish","4":"has-post-thumbnail","6":"product_brand-viorica-cosmeplant_bg-lt","7":"product_cat-bez-kategorijas-lt","9":"first","10":"instock","11":"taxable","12":"shipping-taxable","13":"product-type-simple"},"_links":{"self":[{"href":"https:\/\/e.kosmolat.eu\/lt\/wp-json\/wp\/v2\/product\/41467","targetHints":{"allow":["GET"]}}],"collection":[{"href":"https:\/\/e.kosmolat.eu\/lt\/wp-json\/wp\/v2\/product"}],"about":[{"href":"https:\/\/e.kosmolat.eu\/lt\/wp-json\/wp\/v2\/types\/product"}],"wp:featuredmedia":[{"embeddable":true,"href":"https:\/\/e.kosmolat.eu\/lt\/wp-json\/wp\/v2\/media\/87622"}],"wp:attachment":[{"href":"https:\/\/e.kosmolat.eu\/lt\/wp-json\/wp\/v2\/media?parent=41467"}],"wp:term":[{"taxonomy":"product_cat","embeddable":true,"href":"https:\/\/e.kosmolat.eu\/lt\/wp-json\/wp\/v2\/product_cat?post=41467"},{"taxonomy":"product_tag","embeddable":true,"href":"https:\/\/e.kosmolat.eu\/lt\/wp-json\/wp\/v2\/product_tag?post=41467"}],"curies":[{"name":"wp","href":"https:\/\/api.w.org\/{rel}","templated":true}]}}