{"id":41463,"date":"2023-12-23T03:02:55","date_gmt":"2023-12-23T03:02:55","guid":{"rendered":"https:\/\/e.kosmolat.eu\/product\/cosmeplant-samp-apjoms-un-stiprums-ar-rozmarina-un-ehinacijas-ekstr-400-ml\/"},"modified":"2026-04-20T10:27:43","modified_gmt":"2026-04-20T10:27:43","slug":"cosmeplant-samp-apjoms-un-stiprums-ar-rozmarina-un-ehinacijas-ekstr-400-ml","status":"publish","type":"product","link":"https:\/\/e.kosmolat.eu\/lt\/produktas\/cosmeplant-samp-apjoms-un-stiprums-ar-rozmarina-un-ehinacijas-ekstr-400-ml\/","title":{"rendered":"COSMEPLANT T\u016br\u012f didinantis ir stiprinantis \u0161amp\u016bnas su organiniais rozmarin\u0173 ir e\u017eiuoli\u0173 ekstraktais"},"content":{"rendered":"<p>Ploniems, pa\u017eeistiems plaukams. &Scaron;amp\u016bno sudedamosios dalys kruop&scaron;\u010diai valo, stiprina plauk\u0173 strukt\u016br\u0105, atkuria gyvybingum\u0105 ir suteikia stiprumo, spindesio ir elastingumo. Apsaugoti plaukus nuo sen\u0117jimo, u\u017ekerta keli\u0105 plauk\u0173 slinkimui.<\/p>\n<p><strong>Naudojimas: <\/strong>u\u017etepkite &scaron;amp\u016bn\u0105 ant dr\u0117gn\u0173 plauk\u0173, suputokite ir masa\u017euokite. Kruop&scaron;\u010diai nuplaukite &scaron;iltu vandeniu. Jei reikia, pakartokite. Tinka da\u017enam naudojimui.<\/p>\n<p>Laikyti nuo +5&deg;\u0421 iki +25&deg;\u0421, saugoti nuo tiesiogini\u0173 saul\u0117s spinduli\u0173.<\/p>\n<p><strong>Geriausias:<\/strong> 36 m\u0117nesi\u0173 nuo pagaminimo datos.&nbsp;<br \/>\n&nbsp;<\/p>\n","protected":false},"excerpt":{"rendered":"<p>Ploniems, pa\u017eeistiems plaukams. &Scaron;amp\u016bno sudedamosios dalys kruop&scaron;\u010diai valo, stiprina plauk\u0173 strukt\u016br\u0105, atkuria gyvybingum\u0105 ir suteikia stiprumo, spindesio ir elastingumo. Apsaugoti plaukus nuo sen\u0117jimo, u\u017ekerta keli\u0105 plauk\u0173 slinkimui. Naudojimas: u\u017etepkite &scaron;amp\u016bn\u0105 ant dr\u0117gn\u0173 plauk\u0173, suputokite ir masa\u017euokite. Kruop&scaron;\u010diai nuplaukite &scaron;iltu vandeniu. Jei reikia, pakartokite. Tinka da\u017enam naudojimui. Laikyti nuo +5&deg;\u0421 iki +25&deg;\u0421, saugoti nuo tiesiogini\u0173 saul\u0117s [&#8230;]\n","protected":false},"featured_media":87618,"template":"","meta":[],"product_cat":[1251],"product_tag":[],"class_list":{"0":"post-41463","1":"product","2":"type-product","3":"status-publish","4":"has-post-thumbnail","6":"product_brand-viorica-cosmeplant_bg-lt","7":"product_cat-sampunai","9":"first","10":"instock","11":"taxable","12":"shipping-taxable","13":"product-type-simple"},"_links":{"self":[{"href":"https:\/\/e.kosmolat.eu\/lt\/wp-json\/wp\/v2\/product\/41463","targetHints":{"allow":["GET"]}}],"collection":[{"href":"https:\/\/e.kosmolat.eu\/lt\/wp-json\/wp\/v2\/product"}],"about":[{"href":"https:\/\/e.kosmolat.eu\/lt\/wp-json\/wp\/v2\/types\/product"}],"wp:featuredmedia":[{"embeddable":true,"href":"https:\/\/e.kosmolat.eu\/lt\/wp-json\/wp\/v2\/media\/87618"}],"wp:attachment":[{"href":"https:\/\/e.kosmolat.eu\/lt\/wp-json\/wp\/v2\/media?parent=41463"}],"wp:term":[{"taxonomy":"product_cat","embeddable":true,"href":"https:\/\/e.kosmolat.eu\/lt\/wp-json\/wp\/v2\/product_cat?post=41463"},{"taxonomy":"product_tag","embeddable":true,"href":"https:\/\/e.kosmolat.eu\/lt\/wp-json\/wp\/v2\/product_tag?post=41463"}],"curies":[{"name":"wp","href":"https:\/\/api.w.org\/{rel}","templated":true}]}}