{"id":41451,"date":"2023-12-23T03:01:41","date_gmt":"2023-12-23T03:01:41","guid":{"rendered":"https:\/\/e.kosmolat.eu\/product\/cosmeplant-samp-pret-matu-izkris-ar-natres-ricinellas-ekstr-vis-matu-tip-400-ml\/"},"modified":"2026-04-21T11:56:28","modified_gmt":"2026-04-21T11:56:28","slug":"cosmeplant-samp-pret-matu-izkris-ar-natres-ricinellas-ekstr-vis-matu-tip-400-ml","status":"publish","type":"product","link":"https:\/\/e.kosmolat.eu\/lt\/produktas\/cosmeplant-samp-pret-matu-izkris-ar-natres-ricinellas-ekstr-vis-matu-tip-400-ml\/","title":{"rendered":"COSMEPLANT \u0160amp\u016bnas nuo plauk\u0173 slinkimo su organiniu dilg\u0117li\u0173 ekstraktu ir ricinos aliejumi vis\u0173 tip"},"content":{"rendered":"<p>&Scaron;amp\u016bno sudedamosios dalys kruop&scaron;\u010diai valo, atgaivina susilpn\u0117jusius plauk\u0173 folikulus, skatina nat\u016bral\u0173 nauj\u0173 plauk\u0173 augim\u0105. Veiksmingai paveikti galvos od\u0105 ir sruog\u0173 strukt\u016br\u0105, suteikdama joms tvirtumo, tankumo ir sveikos i&scaron;vaizdos.&nbsp;<\/p>\n<p><strong>Naudojimas:<\/strong> u\u017etepkite &scaron;amp\u016bn\u0105 ant dr\u0117gn\u0173 plauk\u0173, suputokite ir masa\u017euokite. Kruop&scaron;\u010diai nuplaukite &scaron;iltu vandeniu. Jei reikia, pakartokite. Tinka da\u017enam naudojimui.<\/p>\n<p>Laikyti nuo +5&deg;\u0421 iki +25&deg;\u0421, saugoti nuo tiesiogini\u0173 saul\u0117s spinduli\u0173.&nbsp;<\/p>\n<p><strong>Geriausias: <\/strong>36 m\u0117nesi\u0173 nuo pagaminimo datos.<br \/>\n&nbsp;<\/p>\n","protected":false},"excerpt":{"rendered":"<p>&Scaron;amp\u016bno sudedamosios dalys kruop&scaron;\u010diai valo, atgaivina susilpn\u0117jusius plauk\u0173 folikulus, skatina nat\u016bral\u0173 nauj\u0173 plauk\u0173 augim\u0105. Veiksmingai paveikti galvos od\u0105 ir sruog\u0173 strukt\u016br\u0105, suteikdama joms tvirtumo, tankumo ir sveikos i&scaron;vaizdos.&nbsp; Naudojimas: u\u017etepkite &scaron;amp\u016bn\u0105 ant dr\u0117gn\u0173 plauk\u0173, suputokite ir masa\u017euokite. Kruop&scaron;\u010diai nuplaukite &scaron;iltu vandeniu. Jei reikia, pakartokite. Tinka da\u017enam naudojimui. Laikyti nuo +5&deg;\u0421 iki +25&deg;\u0421, saugoti nuo tiesiogini\u0173 [&#8230;]\n","protected":false},"featured_media":87606,"template":"","meta":[],"product_cat":[1251],"product_tag":[],"class_list":{"0":"post-41451","1":"product","2":"type-product","3":"status-publish","4":"has-post-thumbnail","6":"product_brand-viorica-cosmeplant_bg-lt","7":"product_cat-sampunai","9":"first","10":"instock","11":"taxable","12":"shipping-taxable","13":"product-type-simple"},"_links":{"self":[{"href":"https:\/\/e.kosmolat.eu\/lt\/wp-json\/wp\/v2\/product\/41451","targetHints":{"allow":["GET"]}}],"collection":[{"href":"https:\/\/e.kosmolat.eu\/lt\/wp-json\/wp\/v2\/product"}],"about":[{"href":"https:\/\/e.kosmolat.eu\/lt\/wp-json\/wp\/v2\/types\/product"}],"wp:featuredmedia":[{"embeddable":true,"href":"https:\/\/e.kosmolat.eu\/lt\/wp-json\/wp\/v2\/media\/87606"}],"wp:attachment":[{"href":"https:\/\/e.kosmolat.eu\/lt\/wp-json\/wp\/v2\/media?parent=41451"}],"wp:term":[{"taxonomy":"product_cat","embeddable":true,"href":"https:\/\/e.kosmolat.eu\/lt\/wp-json\/wp\/v2\/product_cat?post=41451"},{"taxonomy":"product_tag","embeddable":true,"href":"https:\/\/e.kosmolat.eu\/lt\/wp-json\/wp\/v2\/product_tag?post=41451"}],"curies":[{"name":"wp","href":"https:\/\/api.w.org\/{rel}","templated":true}]}}