{"id":41447,"date":"2023-12-23T03:01:16","date_gmt":"2023-12-23T03:01:16","guid":{"rendered":"https:\/\/e.kosmolat.eu\/product\/cosmeplant-samp-gludums-un-spidums-ar-apina-ekstr-un-kviesu-prot-400-ml\/"},"modified":"2026-04-11T18:16:45","modified_gmt":"2026-04-11T18:16:45","slug":"cosmeplant-samp-gludums-un-spidums-ar-apina-ekstr-un-kviesu-prot-400-ml","status":"publish","type":"product","link":"https:\/\/e.kosmolat.eu\/lt\/produktas\/cosmeplant-samp-gludums-un-spidums-ar-apina-ekstr-un-kviesu-prot-400-ml\/","title":{"rendered":"COSMEPLANT Lygumas ir spindesys\u201c \u0161amp\u016bnas su organiniu apyni\u0173 ekstraktu ir kvie\u010di\u0173 baltymais, 400 ml"},"content":{"rendered":"<p>Skirtas bly&scaron;kiems ir nepaklusniems plaukams. &Scaron;amp\u016bno sudedamosios dalys kruop&scaron;\u010diai i&scaron;valo, prisotina plaukus energijos, i&scaron;lygina j\u0173 pavir&scaron;i\u0173, tod\u0117l jie tampa lengviau valdomi ir gerai pri\u017ei\u016brimi, apsaugo nuo galiuk\u0173 skilin\u0117jimo. Sruogos tampa &scaron;ilkin\u0117s, elastingos ir laisvos.&nbsp;<\/p>\n<p><strong>Naudojimas:<\/strong> u\u017etepkite &scaron;amp\u016bn\u0105 ant dr\u0117gn\u0173 plauk\u0173, suputokite ir masa\u017euokite. Kruop&scaron;\u010diai nuplaukite &scaron;iltu vandeniu. Jei reikia, pakartokite. Tinka da\u017enam naudojimui.<\/p>\n<p>Laikyti nuo +5&deg;\u0421 iki +25&deg;\u0421, saugoti nuo tiesiogini\u0173 saul\u0117s spinduli\u0173.&nbsp;<\/p>\n<p><strong>Geriausias: <\/strong>36 m\u0117nesi\u0173 nuo pagaminimo datos.<br \/>\n&nbsp;<\/p>\n","protected":false},"excerpt":{"rendered":"<p>Skirtas bly&scaron;kiems ir nepaklusniems plaukams. &Scaron;amp\u016bno sudedamosios dalys kruop&scaron;\u010diai i&scaron;valo, prisotina plaukus energijos, i&scaron;lygina j\u0173 pavir&scaron;i\u0173, tod\u0117l jie tampa lengviau valdomi ir gerai pri\u017ei\u016brimi, apsaugo nuo galiuk\u0173 skilin\u0117jimo. Sruogos tampa &scaron;ilkin\u0117s, elastingos ir laisvos.&nbsp; Naudojimas: u\u017etepkite &scaron;amp\u016bn\u0105 ant dr\u0117gn\u0173 plauk\u0173, suputokite ir masa\u017euokite. Kruop&scaron;\u010diai nuplaukite &scaron;iltu vandeniu. Jei reikia, pakartokite. Tinka da\u017enam naudojimui. Laikyti nuo [&#8230;]\n","protected":false},"featured_media":87602,"template":"","meta":[],"product_cat":[1251],"product_tag":[],"class_list":{"0":"post-41447","1":"product","2":"type-product","3":"status-publish","4":"has-post-thumbnail","6":"product_brand-viorica-cosmeplant_bg-lt","7":"product_cat-sampunai","9":"first","10":"instock","11":"taxable","12":"shipping-taxable","13":"product-type-simple"},"_links":{"self":[{"href":"https:\/\/e.kosmolat.eu\/lt\/wp-json\/wp\/v2\/product\/41447","targetHints":{"allow":["GET"]}}],"collection":[{"href":"https:\/\/e.kosmolat.eu\/lt\/wp-json\/wp\/v2\/product"}],"about":[{"href":"https:\/\/e.kosmolat.eu\/lt\/wp-json\/wp\/v2\/types\/product"}],"wp:featuredmedia":[{"embeddable":true,"href":"https:\/\/e.kosmolat.eu\/lt\/wp-json\/wp\/v2\/media\/87602"}],"wp:attachment":[{"href":"https:\/\/e.kosmolat.eu\/lt\/wp-json\/wp\/v2\/media?parent=41447"}],"wp:term":[{"taxonomy":"product_cat","embeddable":true,"href":"https:\/\/e.kosmolat.eu\/lt\/wp-json\/wp\/v2\/product_cat?post=41447"},{"taxonomy":"product_tag","embeddable":true,"href":"https:\/\/e.kosmolat.eu\/lt\/wp-json\/wp\/v2\/product_tag?post=41447"}],"curies":[{"name":"wp","href":"https:\/\/api.w.org\/{rel}","templated":true}]}}