{"id":41443,"date":"2023-12-23T03:00:55","date_gmt":"2023-12-23T03:00:55","guid":{"rendered":"https:\/\/e.kosmolat.eu\/product\/cosmeplant-stiprin-samp-ar-dizdadza-valrieksta-lapu-ekstr-vis-matu-tip-400-ml\/"},"modified":"2026-04-20T10:27:16","modified_gmt":"2026-04-20T10:27:16","slug":"cosmeplant-stiprin-samp-ar-dizdadza-valrieksta-lapu-ekstr-vis-matu-tip-400-ml","status":"publish","type":"product","link":"https:\/\/e.kosmolat.eu\/lt\/produktas\/cosmeplant-stiprin-samp-ar-dizdadza-valrieksta-lapu-ekstr-vis-matu-tip-400-ml\/","title":{"rendered":"COSMEPLANT Stiprinantis \u0161amp\u016bnas su organiniais varnal\u0117\u0161\u0173 ir graikini\u0173 rie\u0161ut\u0173 lap\u0173 ekstraktais vis\u0173"},"content":{"rendered":"<p>&Scaron;amp\u016bno sudedamosios dalys kruop&scaron;\u010diai i&scaron;valo, stiprina &scaron;aknis, taip sul\u0117tindamos plauk\u0173 slinkim\u0105 ir slinkim\u0105, atkuria pa\u017eeistas sruogas per vis\u0105 ilg\u012f. Plaukai tampa stipresni, tankesni ir elastingesni.&nbsp;<\/p>\n<p><strong>Naudojimas: <\/strong>u\u017etepkite &scaron;amp\u016bn\u0105 ant dr\u0117gn\u0173 plauk\u0173, suputokite ir masa\u017euokite. Kruop&scaron;\u010diai nuplaukite &scaron;iltu vandeniu. Jei reikia, pakartokite. Tinka da\u017enam naudojimui.<\/p>\n<p>Laikyti nuo +5&deg;\u0421 iki +25&deg;\u0421, saugoti nuo tiesiogini\u0173 saul\u0117s spinduli\u0173.&nbsp;<\/p>\n<p><strong>Geriausias: <\/strong>36 m\u0117nesi\u0173 nuo pagaminimo datos.<br \/>\n&nbsp;<\/p>\n","protected":false},"excerpt":{"rendered":"<p>&Scaron;amp\u016bno sudedamosios dalys kruop&scaron;\u010diai i&scaron;valo, stiprina &scaron;aknis, taip sul\u0117tindamos plauk\u0173 slinkim\u0105 ir slinkim\u0105, atkuria pa\u017eeistas sruogas per vis\u0105 ilg\u012f. Plaukai tampa stipresni, tankesni ir elastingesni.&nbsp; Naudojimas: u\u017etepkite &scaron;amp\u016bn\u0105 ant dr\u0117gn\u0173 plauk\u0173, suputokite ir masa\u017euokite. Kruop&scaron;\u010diai nuplaukite &scaron;iltu vandeniu. Jei reikia, pakartokite. Tinka da\u017enam naudojimui. Laikyti nuo +5&deg;\u0421 iki +25&deg;\u0421, saugoti nuo tiesiogini\u0173 saul\u0117s spinduli\u0173.&nbsp; Geriausias: [&#8230;]\n","protected":false},"featured_media":87598,"template":"","meta":[],"product_cat":[1251],"product_tag":[],"class_list":{"0":"post-41443","1":"product","2":"type-product","3":"status-publish","4":"has-post-thumbnail","6":"product_brand-viorica-cosmeplant_bg-lt","7":"product_cat-sampunai","9":"first","10":"instock","11":"taxable","12":"shipping-taxable","13":"product-type-simple"},"_links":{"self":[{"href":"https:\/\/e.kosmolat.eu\/lt\/wp-json\/wp\/v2\/product\/41443","targetHints":{"allow":["GET"]}}],"collection":[{"href":"https:\/\/e.kosmolat.eu\/lt\/wp-json\/wp\/v2\/product"}],"about":[{"href":"https:\/\/e.kosmolat.eu\/lt\/wp-json\/wp\/v2\/types\/product"}],"wp:featuredmedia":[{"embeddable":true,"href":"https:\/\/e.kosmolat.eu\/lt\/wp-json\/wp\/v2\/media\/87598"}],"wp:attachment":[{"href":"https:\/\/e.kosmolat.eu\/lt\/wp-json\/wp\/v2\/media?parent=41443"}],"wp:term":[{"taxonomy":"product_cat","embeddable":true,"href":"https:\/\/e.kosmolat.eu\/lt\/wp-json\/wp\/v2\/product_cat?post=41443"},{"taxonomy":"product_tag","embeddable":true,"href":"https:\/\/e.kosmolat.eu\/lt\/wp-json\/wp\/v2\/product_tag?post=41443"}],"curies":[{"name":"wp","href":"https:\/\/api.w.org\/{rel}","templated":true}]}}