{"id":41439,"date":"2023-12-23T03:00:32","date_gmt":"2023-12-23T03:00:32","guid":{"rendered":"https:\/\/e.kosmolat.eu\/product\/cosmeplant-mitrin-losjons-toniks-ar-gurka-ekstr-200-ml\/"},"modified":"2026-04-20T12:26:48","modified_gmt":"2026-04-20T12:26:48","slug":"cosmeplant-mitrin-losjons-toniks-ar-gurka-ekstr-200-ml","status":"publish","type":"product","link":"https:\/\/e.kosmolat.eu\/lt\/produktas\/cosmeplant-mitrin-losjons-toniks-ar-gurka-ekstr-200-ml\/","title":{"rendered":"COSMEPLANT Dr\u0117kinamasis tonizuojantis losjonas su organiniu agurk\u0173 ekstraktu, 200 ml"},"content":{"rendered":"<p>Intensyviai dr\u0117kina, gaivina, ma\u017eina &scaron;erpetojim\u0105 &nbsp;ir paruo&scaron;ia od\u0105 kremo tepimui.&nbsp;<\/p>\n<p><strong>Naudojimas: <\/strong>U\u017etepkite ant vatos diskelio ir &scaron;velniai nuvalykite veid\u0105, vengdami srities aplink akis ir l\u016bpas.<\/p>\n<p>Laikyti t&deg; nuo +5&deg;\u0421 iki +25&deg;\u0421, saugoti nuo tiesiogini\u0173 saul\u0117s spinduli\u0173.<\/p>\n<p><strong>Geriausias: <\/strong>36 m\u0117nesiai nuo pagaminimo datos.<br \/>\n&nbsp;<\/p>\n","protected":false},"excerpt":{"rendered":"<p>Intensyviai dr\u0117kina, gaivina, ma\u017eina &scaron;erpetojim\u0105 &nbsp;ir paruo&scaron;ia od\u0105 kremo tepimui.&nbsp; Naudojimas: U\u017etepkite ant vatos diskelio ir &scaron;velniai nuvalykite veid\u0105, vengdami srities aplink akis ir l\u016bpas. Laikyti t&deg; nuo +5&deg;\u0421 iki +25&deg;\u0421, saugoti nuo tiesiogini\u0173 saul\u0117s spinduli\u0173. Geriausias: 36 m\u0117nesiai nuo pagaminimo datos. &nbsp;<\/p>\n","protected":false},"featured_media":87594,"template":"","meta":[],"product_cat":[1580],"product_tag":[],"class_list":{"0":"post-41439","1":"product","2":"type-product","3":"status-publish","4":"has-post-thumbnail","6":"product_brand-viorica-cosmeplant_bg-lt","7":"product_cat-losjonai-ir-tonikai","9":"first","10":"instock","11":"taxable","12":"shipping-taxable","13":"product-type-simple"},"_links":{"self":[{"href":"https:\/\/e.kosmolat.eu\/lt\/wp-json\/wp\/v2\/product\/41439","targetHints":{"allow":["GET"]}}],"collection":[{"href":"https:\/\/e.kosmolat.eu\/lt\/wp-json\/wp\/v2\/product"}],"about":[{"href":"https:\/\/e.kosmolat.eu\/lt\/wp-json\/wp\/v2\/types\/product"}],"wp:featuredmedia":[{"embeddable":true,"href":"https:\/\/e.kosmolat.eu\/lt\/wp-json\/wp\/v2\/media\/87594"}],"wp:attachment":[{"href":"https:\/\/e.kosmolat.eu\/lt\/wp-json\/wp\/v2\/media?parent=41439"}],"wp:term":[{"taxonomy":"product_cat","embeddable":true,"href":"https:\/\/e.kosmolat.eu\/lt\/wp-json\/wp\/v2\/product_cat?post=41439"},{"taxonomy":"product_tag","embeddable":true,"href":"https:\/\/e.kosmolat.eu\/lt\/wp-json\/wp\/v2\/product_tag?post=41439"}],"curies":[{"name":"wp","href":"https:\/\/api.w.org\/{rel}","templated":true}]}}