{"id":41435,"date":"2023-12-23T03:00:12","date_gmt":"2023-12-23T03:00:12","guid":{"rendered":"https:\/\/e.kosmolat.eu\/product\/cosmeplant-pienins-kosm-nonems-ar-upenes-avenes-un-vilkabeles-ekstr-200-ml\/"},"modified":"2026-04-11T18:16:07","modified_gmt":"2026-04-11T18:16:07","slug":"cosmeplant-pienins-kosm-nonems-ar-upenes-avenes-un-vilkabeles-ekstr-200-ml","status":"publish","type":"product","link":"https:\/\/e.kosmolat.eu\/lt\/produktas\/cosmeplant-pienins-kosm-nonems-ar-upenes-avenes-un-vilkabeles-ekstr-200-ml\/","title":{"rendered":"COSMEPLANT Makia\u017eo valiklis \u201eDelikatus valymas\u201c su organiniais serbent\u0173, avie\u010di\u0173 ir gudobeli\u0173 ekstra"},"content":{"rendered":"<p>Kruop&scaron;\u010diai ir &scaron;velniai valo, mink&scaron;tina ir maitina od\u0105 vertingais vitaminais, ma\u017eina jos jautrum\u0105.&nbsp;<\/p>\n<p><strong>Naudojimas:<\/strong> u\u017etepkite ant vatos diskelio ir &scaron;velniai nuvalykite veid\u0105, \u012fskaitant srit\u012f aplink akis ir l\u016bpas.<\/p>\n<p>Laikyti t&deg; nuo +5&deg;\u0421 iki +25&deg;\u0421, saugoti nuo tiesiogini\u0173 saul\u0117s spinduli\u0173.<\/p>\n<p><strong>Geriausias: <\/strong>30 m\u0117nesi\u0173 nuo pagaminimo datos.&nbsp;<br \/>\n&nbsp;<\/p>\n","protected":false},"excerpt":{"rendered":"<p>Kruop&scaron;\u010diai ir &scaron;velniai valo, mink&scaron;tina ir maitina od\u0105 vertingais vitaminais, ma\u017eina jos jautrum\u0105.&nbsp; Naudojimas: u\u017etepkite ant vatos diskelio ir &scaron;velniai nuvalykite veid\u0105, \u012fskaitant srit\u012f aplink akis ir l\u016bpas. Laikyti t&deg; nuo +5&deg;\u0421 iki +25&deg;\u0421, saugoti nuo tiesiogini\u0173 saul\u0117s spinduli\u0173. Geriausias: 30 m\u0117nesi\u0173 nuo pagaminimo datos.&nbsp; &nbsp;<\/p>\n","protected":false},"featured_media":87590,"template":"","meta":[],"product_cat":[1574],"product_tag":[],"class_list":{"0":"post-41435","1":"product","2":"type-product","3":"status-publish","4":"has-post-thumbnail","6":"product_brand-viorica-cosmeplant_bg-lt","7":"product_cat-pieneliai-ir-aliejai","9":"first","10":"instock","11":"taxable","12":"shipping-taxable","13":"product-type-simple"},"_links":{"self":[{"href":"https:\/\/e.kosmolat.eu\/lt\/wp-json\/wp\/v2\/product\/41435","targetHints":{"allow":["GET"]}}],"collection":[{"href":"https:\/\/e.kosmolat.eu\/lt\/wp-json\/wp\/v2\/product"}],"about":[{"href":"https:\/\/e.kosmolat.eu\/lt\/wp-json\/wp\/v2\/types\/product"}],"wp:featuredmedia":[{"embeddable":true,"href":"https:\/\/e.kosmolat.eu\/lt\/wp-json\/wp\/v2\/media\/87590"}],"wp:attachment":[{"href":"https:\/\/e.kosmolat.eu\/lt\/wp-json\/wp\/v2\/media?parent=41435"}],"wp:term":[{"taxonomy":"product_cat","embeddable":true,"href":"https:\/\/e.kosmolat.eu\/lt\/wp-json\/wp\/v2\/product_cat?post=41435"},{"taxonomy":"product_tag","embeddable":true,"href":"https:\/\/e.kosmolat.eu\/lt\/wp-json\/wp\/v2\/product_tag?post=41435"}],"curies":[{"name":"wp","href":"https:\/\/api.w.org\/{rel}","templated":true}]}}