{"id":41431,"date":"2023-12-23T02:59:51","date_gmt":"2023-12-23T02:59:51","guid":{"rendered":"https:\/\/e.kosmolat.eu\/product\/cosmeplant-atsvaidzin-attir-zeleja-ar-gurka-un-piparmetras-ekst-150-ml\/"},"modified":"2026-04-11T18:15:55","modified_gmt":"2026-04-11T18:15:55","slug":"cosmeplant-atsvaidzin-attir-zeleja-ar-gurka-un-piparmetras-ekst-150-ml","status":"publish","type":"product","link":"https:\/\/e.kosmolat.eu\/lt\/produktas\/cosmeplant-atsvaidzin-attir-zeleja-ar-gurka-un-piparmetras-ekst-150-ml\/","title":{"rendered":"COSMEPLANT Gaivus veido prausiklis su organiniais agurk\u0173 ir m\u0117t\u0173 ekstraktais, 150 ml"},"content":{"rendered":"<p>Normaliai ir mi&scaron;riai odai. Veiksmingai pa&scaron;alina ne&scaron;varumus ir makia\u017eo liku\u010dius, intensyviai dr\u0117kina ir gaivina od\u0105.&nbsp;<\/p>\n<p><strong>Naudojimas:<\/strong> tepkite ant dr\u0117gnos veido ir kaklo odos ir &scaron;velniai \u012fmasa\u017euokite \u012f putas. Nuplaukite &scaron;iltu vandeniu.<\/p>\n<p>Laikyti t&deg; nuo +5&deg;\u0421 iki +25&deg;\u0421, saugoti nuo tiesiogini\u0173 saul\u0117s spinduli\u0173.&nbsp;<\/p>\n<p><strong>Geriausias:<\/strong> 30 m\u0117nesi\u0173 nuo pagaminimo datos.<br \/>\n&nbsp;<\/p>\n","protected":false},"excerpt":{"rendered":"<p>Normaliai ir mi&scaron;riai odai. Veiksmingai pa&scaron;alina ne&scaron;varumus ir makia\u017eo liku\u010dius, intensyviai dr\u0117kina ir gaivina od\u0105.&nbsp; Naudojimas: tepkite ant dr\u0117gnos veido ir kaklo odos ir &scaron;velniai \u012fmasa\u017euokite \u012f putas. Nuplaukite &scaron;iltu vandeniu. Laikyti t&deg; nuo +5&deg;\u0421 iki +25&deg;\u0421, saugoti nuo tiesiogini\u0173 saul\u0117s spinduli\u0173.&nbsp; Geriausias: 30 m\u0117nesi\u0173 nuo pagaminimo datos. &nbsp;<\/p>\n","protected":false},"featured_media":87586,"template":"","meta":[],"product_cat":[1577],"product_tag":[],"class_list":{"0":"post-41431","1":"product","2":"type-product","3":"status-publish","4":"has-post-thumbnail","6":"product_brand-viorica-cosmeplant_bg-lt","7":"product_cat-gelis","9":"first","10":"outofstock","11":"taxable","12":"shipping-taxable","13":"product-type-simple"},"_links":{"self":[{"href":"https:\/\/e.kosmolat.eu\/lt\/wp-json\/wp\/v2\/product\/41431","targetHints":{"allow":["GET"]}}],"collection":[{"href":"https:\/\/e.kosmolat.eu\/lt\/wp-json\/wp\/v2\/product"}],"about":[{"href":"https:\/\/e.kosmolat.eu\/lt\/wp-json\/wp\/v2\/types\/product"}],"wp:featuredmedia":[{"embeddable":true,"href":"https:\/\/e.kosmolat.eu\/lt\/wp-json\/wp\/v2\/media\/87586"}],"wp:attachment":[{"href":"https:\/\/e.kosmolat.eu\/lt\/wp-json\/wp\/v2\/media?parent=41431"}],"wp:term":[{"taxonomy":"product_cat","embeddable":true,"href":"https:\/\/e.kosmolat.eu\/lt\/wp-json\/wp\/v2\/product_cat?post=41431"},{"taxonomy":"product_tag","embeddable":true,"href":"https:\/\/e.kosmolat.eu\/lt\/wp-json\/wp\/v2\/product_tag?post=41431"}],"curies":[{"name":"wp","href":"https:\/\/api.w.org\/{rel}","templated":true}]}}