{"id":41419,"date":"2023-12-23T02:58:43","date_gmt":"2023-12-23T02:58:43","guid":{"rendered":"https:\/\/e.kosmolat.eu\/product\/cosmeplant-normaliz-micelarais-udens-ar-gurka-ekstraktu-200-ml\/"},"modified":"2026-04-21T09:14:19","modified_gmt":"2026-04-21T09:14:19","slug":"cosmeplant-normaliz-micelarais-udens-ar-gurka-ekstraktu-200-ml","status":"publish","type":"product","link":"https:\/\/e.kosmolat.eu\/lt\/produktas\/cosmeplant-normaliz-micelarais-udens-ar-gurka-ekstraktu-200-ml\/","title":{"rendered":"COSMEPLANT Normalizuojantis micelinis vanduo su organiniu agurk\u0173 ekstraktu, 200 ml"},"content":{"rendered":"<p>Kruop&scaron;\u010diai nuvalo nedirgindamas odos, gaivina, dr\u0117kina ir pa&scaron;alina rieb\u0173 blizges\u012f.&nbsp;<\/p>\n<p><strong>Naudojimas:<\/strong> u\u017etepkite ant vatos diskelio ir &scaron;velniai nuvalykite veid\u0105, \u012fskaitant srit\u012f aplink akis ir l\u016bpas.<\/p>\n<p>Laikyti t&deg; nuo +5&deg;\u0421 iki +25&deg;\u0421, saugoti nuo tiesiogini\u0173 saul\u0117s spinduli\u0173.&nbsp;<\/p>\n<p><strong>Geriausias:<\/strong> 24 m\u0117nesiai nuo pagaminimo datos.&nbsp;<br \/>\n&nbsp;<\/p>\n","protected":false},"excerpt":{"rendered":"<p>Kruop&scaron;\u010diai nuvalo nedirgindamas odos, gaivina, dr\u0117kina ir pa&scaron;alina rieb\u0173 blizges\u012f.&nbsp; Naudojimas: u\u017etepkite ant vatos diskelio ir &scaron;velniai nuvalykite veid\u0105, \u012fskaitant srit\u012f aplink akis ir l\u016bpas. Laikyti t&deg; nuo +5&deg;\u0421 iki +25&deg;\u0421, saugoti nuo tiesiogini\u0173 saul\u0117s spinduli\u0173.&nbsp; Geriausias: 24 m\u0117nesiai nuo pagaminimo datos.&nbsp; &nbsp;<\/p>\n","protected":false},"featured_media":87574,"template":"","meta":[],"product_cat":[2181],"product_tag":[],"class_list":{"0":"post-41419","1":"product","2":"type-product","3":"status-publish","4":"has-post-thumbnail","6":"product_brand-viorica-cosmeplant_bg-lt","7":"product_cat-bez-kategorijas-lt","9":"first","10":"instock","11":"taxable","12":"shipping-taxable","13":"product-type-simple"},"_links":{"self":[{"href":"https:\/\/e.kosmolat.eu\/lt\/wp-json\/wp\/v2\/product\/41419","targetHints":{"allow":["GET"]}}],"collection":[{"href":"https:\/\/e.kosmolat.eu\/lt\/wp-json\/wp\/v2\/product"}],"about":[{"href":"https:\/\/e.kosmolat.eu\/lt\/wp-json\/wp\/v2\/types\/product"}],"wp:featuredmedia":[{"embeddable":true,"href":"https:\/\/e.kosmolat.eu\/lt\/wp-json\/wp\/v2\/media\/87574"}],"wp:attachment":[{"href":"https:\/\/e.kosmolat.eu\/lt\/wp-json\/wp\/v2\/media?parent=41419"}],"wp:term":[{"taxonomy":"product_cat","embeddable":true,"href":"https:\/\/e.kosmolat.eu\/lt\/wp-json\/wp\/v2\/product_cat?post=41419"},{"taxonomy":"product_tag","embeddable":true,"href":"https:\/\/e.kosmolat.eu\/lt\/wp-json\/wp\/v2\/product_tag?post=41419"}],"curies":[{"name":"wp","href":"https:\/\/api.w.org\/{rel}","templated":true}]}}