{"id":41411,"date":"2023-12-23T02:57:54","date_gmt":"2023-12-23T02:57:54","guid":{"rendered":"https:\/\/e.kosmolat.eu\/product\/cosmeplant-nakts-atjaun-pretnovec-sej-krems-ar-7-augu-ekstr-50-ml\/"},"modified":"2026-04-11T18:14:50","modified_gmt":"2026-04-11T18:14:50","slug":"cosmeplant-nakts-atjaun-pretnovec-sej-krems-ar-7-augu-ekstr-50-ml","status":"publish","type":"product","link":"https:\/\/e.kosmolat.eu\/lt\/produktas\/cosmeplant-nakts-atjaun-pretnovec-sej-krems-ar-7-augu-ekstr-50-ml\/","title":{"rendered":"COSMEPLANT Naktinis kremas Reversinis nuo am\u017eiaus poky\u010di\u0173 su 7 \u017eoleli\u0173 ekstraktais, 50 ml"},"content":{"rendered":"<p>Sud\u0117tyje yra tokoferoli\u0173, provitamino B5, 7 augal\u0173 ekstrakt\u0173, abrikos\u0173 kauliuk\u0173 aliejaus. Rekomenduojamas am\u017eius: nuo 40 iki 60 met\u0173.<\/p>\n<p><strong>Naudojimas:<\/strong> Vakare lengvais masa\u017euojamaisiais judesiais tepkite krem\u0105 ant &scaron;varios veido, kaklo ir dekolt\u0117 odos.<\/p>\n<p>Laikyti t&deg; nuo +5&deg;\u0421 iki +25&deg;\u0421, saugoti nuo tiesiogini\u0173 saul\u0117s spinduli\u0173.<\/p>\n<p><strong>Geriausias: <\/strong>24 m\u0117nesiai nuo pagaminimo datos.<br \/>\n&nbsp;<\/p>\n","protected":false},"excerpt":{"rendered":"<p>Sud\u0117tyje yra tokoferoli\u0173, provitamino B5, 7 augal\u0173 ekstrakt\u0173, abrikos\u0173 kauliuk\u0173 aliejaus. Rekomenduojamas am\u017eius: nuo 40 iki 60 met\u0173. Naudojimas: Vakare lengvais masa\u017euojamaisiais judesiais tepkite krem\u0105 ant &scaron;varios veido, kaklo ir dekolt\u0117 odos. Laikyti t&deg; nuo +5&deg;\u0421 iki +25&deg;\u0421, saugoti nuo tiesiogini\u0173 saul\u0117s spinduli\u0173. Geriausias: 24 m\u0117nesiai nuo pagaminimo datos. &nbsp;<\/p>\n","protected":false},"featured_media":87566,"template":"","meta":[],"product_cat":[1322],"product_tag":[],"class_list":{"0":"post-41411","1":"product","2":"type-product","3":"status-publish","4":"has-post-thumbnail","6":"product_brand-viorica-cosmeplant_bg-lt","7":"product_cat-veido-kremai","9":"first","10":"outofstock","11":"taxable","12":"shipping-taxable","13":"product-type-simple"},"_links":{"self":[{"href":"https:\/\/e.kosmolat.eu\/lt\/wp-json\/wp\/v2\/product\/41411","targetHints":{"allow":["GET"]}}],"collection":[{"href":"https:\/\/e.kosmolat.eu\/lt\/wp-json\/wp\/v2\/product"}],"about":[{"href":"https:\/\/e.kosmolat.eu\/lt\/wp-json\/wp\/v2\/types\/product"}],"wp:featuredmedia":[{"embeddable":true,"href":"https:\/\/e.kosmolat.eu\/lt\/wp-json\/wp\/v2\/media\/87566"}],"wp:attachment":[{"href":"https:\/\/e.kosmolat.eu\/lt\/wp-json\/wp\/v2\/media?parent=41411"}],"wp:term":[{"taxonomy":"product_cat","embeddable":true,"href":"https:\/\/e.kosmolat.eu\/lt\/wp-json\/wp\/v2\/product_cat?post=41411"},{"taxonomy":"product_tag","embeddable":true,"href":"https:\/\/e.kosmolat.eu\/lt\/wp-json\/wp\/v2\/product_tag?post=41411"}],"curies":[{"name":"wp","href":"https:\/\/api.w.org\/{rel}","templated":true}]}}