{"id":41395,"date":"2023-12-23T02:56:27","date_gmt":"2023-12-23T02:56:27","guid":{"rendered":"https:\/\/e.kosmolat.eu\/product\/vollare-dzili-barojoss-kermena-sviests-vegebar-avo-cool-200-ml\/"},"modified":"2025-09-19T23:54:45","modified_gmt":"2025-09-19T23:54:45","slug":"vollare-dzili-barojoss-kermena-sviests-vegebar-avo-cool-200-ml","status":"publish","type":"product","link":"https:\/\/e.kosmolat.eu\/lt\/produktas\/vollare-dzili-barojoss-kermena-sviests-vegebar-avo-cool-200-ml\/","title":{"rendered":"VOLLARE Giliai maitinantis k\u016bno sviestas Vegebar Avo Cool, 200 ml"},"content":{"rendered":"<p>Unikali formul\u0117, praturtinta avokad\u0173 aliejumi ir sviestmed\u017ei\u0173 aliejumi, padarys j\u016bs\u0173 od\u0105 gra\u017eesn\u0119 kiekvien\u0105 dien\u0105! Avokad\u0173 aliejus giliai maitina od\u0105, intensyviai dr\u0117kina ir ilgai i&scaron;lygina. Suteikia malon\u0173 kriau&scaron;i\u0173 aromat\u0105. 97% nat\u016bralios kilm\u0117s komponent\u0173.<\/p>\n<p><strong>Naudojimas:<\/strong> tepkite sviest\u0105 ant k\u016bno ir sukamaisiais judesiais \u012fmasa\u017euokite \u012f od\u0105.<br \/>\n&nbsp;<\/p>\n","protected":false},"excerpt":{"rendered":"<p>Unikali formul\u0117, praturtinta avokad\u0173 aliejumi ir sviestmed\u017ei\u0173 aliejumi, padarys j\u016bs\u0173 od\u0105 gra\u017eesn\u0119 kiekvien\u0105 dien\u0105! Avokad\u0173 aliejus giliai maitina od\u0105, intensyviai dr\u0117kina ir ilgai i&scaron;lygina. Suteikia malon\u0173 kriau&scaron;i\u0173 aromat\u0105. 97% nat\u016bralios kilm\u0117s komponent\u0173. Naudojimas: tepkite sviest\u0105 ant k\u016bno ir sukamaisiais judesiais \u012fmasa\u017euokite \u012f od\u0105. &nbsp;<\/p>\n","protected":false},"featured_media":87522,"template":"","meta":[],"product_cat":[1621],"product_tag":[],"class_list":{"0":"post-41395","1":"product","2":"type-product","3":"status-publish","4":"has-post-thumbnail","6":"product_brand-malina-akcija-lt","7":"product_cat-aliejai","9":"first","10":"outofstock","11":"taxable","12":"shipping-taxable","13":"product-type-simple"},"_links":{"self":[{"href":"https:\/\/e.kosmolat.eu\/lt\/wp-json\/wp\/v2\/product\/41395","targetHints":{"allow":["GET"]}}],"collection":[{"href":"https:\/\/e.kosmolat.eu\/lt\/wp-json\/wp\/v2\/product"}],"about":[{"href":"https:\/\/e.kosmolat.eu\/lt\/wp-json\/wp\/v2\/types\/product"}],"wp:featuredmedia":[{"embeddable":true,"href":"https:\/\/e.kosmolat.eu\/lt\/wp-json\/wp\/v2\/media\/87522"}],"wp:attachment":[{"href":"https:\/\/e.kosmolat.eu\/lt\/wp-json\/wp\/v2\/media?parent=41395"}],"wp:term":[{"taxonomy":"product_cat","embeddable":true,"href":"https:\/\/e.kosmolat.eu\/lt\/wp-json\/wp\/v2\/product_cat?post=41395"},{"taxonomy":"product_tag","embeddable":true,"href":"https:\/\/e.kosmolat.eu\/lt\/wp-json\/wp\/v2\/product_tag?post=41395"}],"curies":[{"name":"wp","href":"https:\/\/api.w.org\/{rel}","templated":true}]}}