{"id":41391,"date":"2023-12-23T02:56:03","date_gmt":"2023-12-23T02:56:03","guid":{"rendered":"https:\/\/e.kosmolat.eu\/product\/vollare-dzili-atjaunojoss-kermena-sviests-vegebar-coco-rich-200-ml\/"},"modified":"2025-09-19T23:54:30","modified_gmt":"2025-09-19T23:54:30","slug":"vollare-dzili-atjaunojoss-kermena-sviests-vegebar-coco-rich-200-ml","status":"publish","type":"product","link":"https:\/\/e.kosmolat.eu\/lt\/produktas\/vollare-dzili-atjaunojoss-kermena-sviests-vegebar-coco-rich-200-ml\/","title":{"rendered":"VOLLARE Giliai regeneruojantis k\u016bno sviestas Vegebar Coco Rich, 200 ml"},"content":{"rendered":"<p>Intensyviai dr\u0117kina, atnaujina, lygina ir suteikia egzoti&scaron;ko kvapo. D\u0117l unikalios nat\u016bralios kilm\u0117s ingredient\u0173 sud\u0117ties sviestas giliai regeneruoja od\u0105, suteikdamas ilgalaik\u012f dr\u0117kinam\u0105j\u012f ir lyginam\u0105j\u012f poveik\u012f. 97% nat\u016bralios kilm\u0117s komponent\u0173.<\/p>\n<p><strong>Naudojimas: <\/strong>tepkite sviest\u0105 ant k\u016bno ir sukamaisiais judesiais \u012fmasa\u017euokite \u012f od\u0105.<br \/>\n&nbsp;<\/p>\n","protected":false},"excerpt":{"rendered":"<p>Intensyviai dr\u0117kina, atnaujina, lygina ir suteikia egzoti&scaron;ko kvapo. D\u0117l unikalios nat\u016bralios kilm\u0117s ingredient\u0173 sud\u0117ties sviestas giliai regeneruoja od\u0105, suteikdamas ilgalaik\u012f dr\u0117kinam\u0105j\u012f ir lyginam\u0105j\u012f poveik\u012f. 97% nat\u016bralios kilm\u0117s komponent\u0173. Naudojimas: tepkite sviest\u0105 ant k\u016bno ir sukamaisiais judesiais \u012fmasa\u017euokite \u012f od\u0105. &nbsp;<\/p>\n","protected":false},"featured_media":87518,"template":"","meta":[],"product_cat":[1621],"product_tag":[],"class_list":{"0":"post-41391","1":"product","2":"type-product","3":"status-publish","4":"has-post-thumbnail","6":"product_brand-verona_pl-lt","7":"product_cat-aliejai","9":"first","10":"instock","11":"taxable","12":"shipping-taxable","13":"product-type-simple"},"_links":{"self":[{"href":"https:\/\/e.kosmolat.eu\/lt\/wp-json\/wp\/v2\/product\/41391","targetHints":{"allow":["GET"]}}],"collection":[{"href":"https:\/\/e.kosmolat.eu\/lt\/wp-json\/wp\/v2\/product"}],"about":[{"href":"https:\/\/e.kosmolat.eu\/lt\/wp-json\/wp\/v2\/types\/product"}],"wp:featuredmedia":[{"embeddable":true,"href":"https:\/\/e.kosmolat.eu\/lt\/wp-json\/wp\/v2\/media\/87518"}],"wp:attachment":[{"href":"https:\/\/e.kosmolat.eu\/lt\/wp-json\/wp\/v2\/media?parent=41391"}],"wp:term":[{"taxonomy":"product_cat","embeddable":true,"href":"https:\/\/e.kosmolat.eu\/lt\/wp-json\/wp\/v2\/product_cat?post=41391"},{"taxonomy":"product_tag","embeddable":true,"href":"https:\/\/e.kosmolat.eu\/lt\/wp-json\/wp\/v2\/product_tag?post=41391"}],"curies":[{"name":"wp","href":"https:\/\/api.w.org\/{rel}","templated":true}]}}