{"id":41387,"date":"2023-12-23T02:55:39","date_gmt":"2023-12-23T02:55:39","guid":{"rendered":"https:\/\/e.kosmolat.eu\/product\/vollare-maksimali-barojoss-kermena-balzams-vegebar-banana-shake-300-ml\/"},"modified":"2025-09-19T23:54:14","modified_gmt":"2025-09-19T23:54:14","slug":"vollare-maksimali-barojoss-kermena-balzams-vegebar-banana-shake-300-ml","status":"publish","type":"product","link":"https:\/\/e.kosmolat.eu\/lt\/produktas\/vollare-maksimali-barojoss-kermena-balzams-vegebar-banana-shake-300-ml\/","title":{"rendered":"VOLLARE Maksimaliai maitinantis balzamas k\u016bnui Vegebar Banana Shake, 300 ml"},"content":{"rendered":"<p>Giliai maitinantis, ilgai i&scaron;liekantis dr\u0117kinamasis ir intensyviai regeneruojantis nat\u016brali\u0173 ingredient\u0173 mi&scaron;inys. Naudojant balzam\u0105 kasdien, oda \u012fgauna gra\u017ei\u0105 ir sveik\u0105 i&scaron;vaizd\u0105. 97% nat\u016bralios kilm\u0117s komponent\u0173. Vegani&scaron;kas produktas.<\/p>\n<p><strong>Naudojimas: <\/strong>u\u017etepkite balzamo tam tikras k\u016bno vietas ir sukamaisiais judesiais masa\u017euokite.<br \/>\n&nbsp;<\/p>\n","protected":false},"excerpt":{"rendered":"<p>Giliai maitinantis, ilgai i&scaron;liekantis dr\u0117kinamasis ir intensyviai regeneruojantis nat\u016brali\u0173 ingredient\u0173 mi&scaron;inys. Naudojant balzam\u0105 kasdien, oda \u012fgauna gra\u017ei\u0105 ir sveik\u0105 i&scaron;vaizd\u0105. 97% nat\u016bralios kilm\u0117s komponent\u0173. Vegani&scaron;kas produktas. Naudojimas: u\u017etepkite balzamo tam tikras k\u016bno vietas ir sukamaisiais judesiais masa\u017euokite. &nbsp;<\/p>\n","protected":false},"featured_media":87514,"template":"","meta":[],"product_cat":[1390],"product_tag":[],"class_list":{"0":"post-41387","1":"product","2":"type-product","3":"status-publish","4":"has-post-thumbnail","6":"product_brand-verona_pl-lt","7":"product_cat-kremai-aliejai-kuno-pienelis","9":"first","10":"outofstock","11":"taxable","12":"shipping-taxable","13":"product-type-simple"},"_links":{"self":[{"href":"https:\/\/e.kosmolat.eu\/lt\/wp-json\/wp\/v2\/product\/41387","targetHints":{"allow":["GET"]}}],"collection":[{"href":"https:\/\/e.kosmolat.eu\/lt\/wp-json\/wp\/v2\/product"}],"about":[{"href":"https:\/\/e.kosmolat.eu\/lt\/wp-json\/wp\/v2\/types\/product"}],"wp:featuredmedia":[{"embeddable":true,"href":"https:\/\/e.kosmolat.eu\/lt\/wp-json\/wp\/v2\/media\/87514"}],"wp:attachment":[{"href":"https:\/\/e.kosmolat.eu\/lt\/wp-json\/wp\/v2\/media?parent=41387"}],"wp:term":[{"taxonomy":"product_cat","embeddable":true,"href":"https:\/\/e.kosmolat.eu\/lt\/wp-json\/wp\/v2\/product_cat?post=41387"},{"taxonomy":"product_tag","embeddable":true,"href":"https:\/\/e.kosmolat.eu\/lt\/wp-json\/wp\/v2\/product_tag?post=41387"}],"curies":[{"name":"wp","href":"https:\/\/api.w.org\/{rel}","templated":true}]}}