{"id":41375,"date":"2023-12-23T02:54:49","date_gmt":"2023-12-23T02:54:49","guid":{"rendered":"https:\/\/e.kosmolat.eu\/product\/cistjuna-neabrazivs-stipras-iedarb-virtuves-virsmu-tir-lidz-500-ml\/"},"modified":"2026-05-09T05:46:26","modified_gmt":"2026-05-09T05:46:26","slug":"cistjuna-neabrazivs-stipras-iedarb-virtuves-virsmu-tir-lidz-500-ml","status":"publish","type":"product","link":"https:\/\/e.kosmolat.eu\/lt\/produktas\/cistjuna-neabrazivs-stipras-iedarb-virtuves-virsmu-tir-lidz-500-ml\/","title":{"rendered":"\u010cISTIUNIA Stiprus ploviklis be abrazyv\u0173  virtuv\u0117s pavir\u0161iams valyti, 500 ml"},"content":{"rendered":"<p>Greitai ir efektyviai nuvalo virtuv\u0117s l\u0117k&scaron;tes, plyteles, metalinius indus, stikl\u0105, plastikinius pavir&scaron;ius nuo maisto d\u0117mi\u0173, ne&scaron;varum\u0173, riebal\u0173 ir ne&scaron;varum\u0173. Produkto sud\u0117tyje n\u0117ra abrazyv\u0173!<\/p>\n<p><strong>Naudojimo b\u016bdas: <\/strong>nedidel\u012f kiek\u012f priemon\u0117s u\u017etepkite ant u\u017eter&scaron;to pavir&scaron;iaus, palikite 5-10 min., tada nuvalykite kempine ar skudur\u0117liu ir nuplaukite vandeniu. Esant dideliam u\u017eter&scaron;imui, pakartokite proced\u016br\u0105.<\/p>\n<p><strong>Atsargumo priemon\u0117s: <\/strong>D\u0117mesio! Neapdorokite pavir&scaron;i\u0173 i&scaron; aliuminio, vario ir j\u0173 lydini\u0173, taip pat pavir&scaron;i\u0173 su nestabilia danga. Vengti s\u0105ly\u010dio su oda ir drabu\u017eiais, naudoti gerai v\u0117dinamose patalpose, dirbti su gumin\u0117mis pir&scaron;tin\u0117mis! Patekus \u012f akis, nedelsiant gausiai praplauti vandeniu ir kreiptis \u012f gydytoj\u0105. Galimas padid\u0117j\u0119s individualus jautrumas atskiriems komponentams. Laikyti atskirai nuo maisto produkt\u0173 vaikams ir naminiams gyv\u016bn\u0117liams nepasiekiamoje vietoje. Po naudojimo pakuot\u0119 i&scaron;meskite kaip buitines atliekas.<\/p>\n<p><strong>Laikymo s\u0105lygos: <\/strong>nuo -10 &deg;C iki +35 &deg;C, sandariai u\u017edarytoje talpykloje, vertikalioje pad\u0117tyje toliau nuo &scaron;ilumos &scaron;altini\u0173, saul\u0117s spinduli\u0173, atmosferos krituli\u0173.<\/p>\n<p><strong>Sud\u0117tis:<\/strong> 5 % arba daugiau, bet ma\u017eiau kaip 15 % anijonini\u0173 &nbsp;aktyvi\u0173j\u0173 pavir&scaron;inio med\u017eiagos, 5 % arba daugiau, bet ma\u017eiau kaip 15 % natrio hidroksido, ma\u017eiau kaip 5 % amfoterini\u0173 aktyvi\u0173j\u0173 pavir&scaron;inio med\u017eiagos. Kvapai. Da\u017eai.<\/p>\n<p>&nbsp;<\/p>\n<p><img decoding=\"async\" alt=\"\" src=\"https:\/\/www.reach-compliance.ch\/images\/acid1cols3.jpg\" style=\"height:40px; width:40px\" \/><strong>GHS05 Pavojinga<\/strong><br \/>\nH314 Smarkiai nudegina od\u0105 ir pa\u017eeid\u017eia akis.<br \/>\nP102 Laikyti vaikams neprieinamoje vietoje<br \/>\nP260 Ne\u012fkv\u0117pti aerozolio.<br \/>\nP264 Po naudojimo kruop&scaron;\u010diai nuplaukite rankas<br \/>\nP280 M\u016bv\u0117ti apsaugines pir&scaron;tines\/d\u0117v\u0117ti apsauginius drabu\u017eius\/naudoti aki\u0173 (veido) apsaugos priemones.<br \/>\nP305+P351+P338 Patekus \u012f akis: Kelias minutes atsargiai plauti vandeniu. I&scaron;imti kontaktinius l\u0119&scaron;ius, jeigu jie yra ir jeigu lengvai galima tai padaryti. Toliau plauti akis.<br \/>\nP301+P330+P331 Prarijus: i&scaron;skalauti burn\u0105. NESKATINTI v\u0117mimo.<br \/>\nP303+P361+P353 Patekus ant odos (arba plauk\u0173): nedelsiant nuvilkti visus u\u017eter&scaron;tus drabu\u017eius. Od\u0105 nuplauti vandeniu [arba \u010diurk&scaron;le].<br \/>\nP304+P340 \u012ekv\u0117pus: i&scaron;ne&scaron;ti nukent\u0117jus\u012fj\u012f \u012f gryn\u0105 or\u0105; jam b\u016btina patogi pad\u0117tis, leid\u017eianti laisvai kv\u0117puoti.<br \/>\nP310 Nedelsiant skambinti \u012f apsinuodijim\u0173 kontrol\u0117s ir informacijos biur\u0105 arba kreiptis \u012f gydytoj\u0105<br \/>\nP321 Specialus gydymas (\u017er. &scaron;ioje etiket\u0117je).<br \/>\nP363 U\u017eter&scaron;tus drabu\u017eius i&scaron;skalbti prie&scaron; v\u0117l juos apsivelkant.<br \/>\nP405 Laikyti u\u017erakint\u0105.<br \/>\nP501Turin\u012f\/talpykl\u0105 i&scaron;pilti (i&scaron;mesti) &#8211; sunaudot\u0105 &nbsp;pakuot\u0117 utilizuoti &nbsp;kaip buitines atliekas.<br \/>\n&nbsp;<\/p>\n","protected":false},"excerpt":{"rendered":"<p>Greitai ir efektyviai nuvalo virtuv\u0117s l\u0117k&scaron;tes, plyteles, metalinius indus, stikl\u0105, plastikinius pavir&scaron;ius nuo maisto d\u0117mi\u0173, ne&scaron;varum\u0173, riebal\u0173 ir ne&scaron;varum\u0173. Produkto sud\u0117tyje n\u0117ra abrazyv\u0173! Naudojimo b\u016bdas: nedidel\u012f kiek\u012f priemon\u0117s u\u017etepkite ant u\u017eter&scaron;to pavir&scaron;iaus, palikite 5-10 min., tada nuvalykite kempine ar skudur\u0117liu ir nuplaukite vandeniu. Esant dideliam u\u017eter&scaron;imui, pakartokite proced\u016br\u0105. Atsargumo priemon\u0117s: D\u0117mesio! Neapdorokite pavir&scaron;i\u0173 i&scaron; aliuminio, [&#8230;]\n","protected":false},"featured_media":87546,"template":"","meta":[],"product_cat":[1468],"product_tag":[],"class_list":{"0":"post-41375","1":"product","2":"type-product","3":"status-publish","4":"has-post-thumbnail","6":"product_brand-elfa_ua-lt","7":"product_cat-virtuvei-namu-priezurai-namu-priezurai","9":"first","10":"instock","11":"taxable","12":"shipping-taxable","13":"product-type-simple"},"_links":{"self":[{"href":"https:\/\/e.kosmolat.eu\/lt\/wp-json\/wp\/v2\/product\/41375","targetHints":{"allow":["GET"]}}],"collection":[{"href":"https:\/\/e.kosmolat.eu\/lt\/wp-json\/wp\/v2\/product"}],"about":[{"href":"https:\/\/e.kosmolat.eu\/lt\/wp-json\/wp\/v2\/types\/product"}],"wp:featuredmedia":[{"embeddable":true,"href":"https:\/\/e.kosmolat.eu\/lt\/wp-json\/wp\/v2\/media\/87546"}],"wp:attachment":[{"href":"https:\/\/e.kosmolat.eu\/lt\/wp-json\/wp\/v2\/media?parent=41375"}],"wp:term":[{"taxonomy":"product_cat","embeddable":true,"href":"https:\/\/e.kosmolat.eu\/lt\/wp-json\/wp\/v2\/product_cat?post=41375"},{"taxonomy":"product_tag","embeddable":true,"href":"https:\/\/e.kosmolat.eu\/lt\/wp-json\/wp\/v2\/product_tag?post=41375"}],"curies":[{"name":"wp","href":"https:\/\/api.w.org\/{rel}","templated":true}]}}