{"id":41363,"date":"2023-12-23T02:53:59","date_gmt":"2023-12-23T02:53:59","guid":{"rendered":"https:\/\/e.kosmolat.eu\/product\/vollare-serums-plan-un-noplak-matiem-proils-extra-volume-30-ml\/"},"modified":"2025-09-19T23:53:13","modified_gmt":"2025-09-19T23:53:13","slug":"vollare-serums-plan-un-noplak-matiem-proils-extra-volume-30-ml","status":"publish","type":"product","link":"https:\/\/e.kosmolat.eu\/lt\/produktas\/vollare-serums-plan-un-noplak-matiem-proils-extra-volume-30-ml\/","title":{"rendered":"VOLLARE Serumas ploniems ir praradusiems apimt\u012f plaukams PROils Extra Volume, 30 ml"},"content":{"rendered":"<p>Stiprina ir apr\u016bpina reikiamu maistini\u0173 med\u017eiag\u0173 kiekiu. Unikali verting\u0173 aliej\u0173 formul\u0117 su dideliu vitamin\u0173 E, A ir D kiekiu maitina, stabdo sen\u0117jimo procesus ir u\u017etikrina veiksming\u0105 bei optimali\u0105 apsaug\u0105. Plaukai tampa gerai pri\u017ei\u016brimi, &scaron;veln\u016bs ir \u017evilgantys, be sunkumo efekto.<\/p>\n<p>Sud\u0117tyje yra alyvuogi\u0173 aliejaus, argan\u0173, kokos\u0173, makadamijos rie&scaron;ut\u0173, lin\u0173 s\u0117men\u0173, saul\u0117gr\u0105\u017e\u0173, avokad\u0173 aliejaus.<\/p>\n<p><strong>4 skirtingi naudojimo b\u016bdai: <\/strong>1.Prie&scaron; plovim\u0105 &scaron;amp\u016bnu, kad pa&scaron;alintum\u0117te formavimo priemoni\u0173 liku\u010dius. 2. Prie&scaron; d\u017eiovinim\u0105, kad b\u016bt\u0173 intensyvus maitinimas, lengvas formavimas ir apsauga. 3. I&scaron;d\u017eiovinus plaukus, kad plaukai b\u016bt\u0173 lygesni ir labiau paklusn\u016bs. 4. Kaip j\u016bs\u0173 kasdien\u0117s rutinos dalis, norint pasiekti norim\u0105 formavimo efekt\u0105 pagal j\u016bs\u0173 plauk\u0173 tip\u0105.<\/p>\n<p><strong>Naudojimas:<\/strong> \u012ftrinkite kelis la&scaron;us \u012f delnus ir lengvais masa\u017euojamaisiais judesiais \u012ftrinkite priemon\u0119 \u012f plaukus nuo plauko vidurio iki galiuk\u0173.<br \/>\n&nbsp;<\/p>\n","protected":false},"excerpt":{"rendered":"<p>Stiprina ir apr\u016bpina reikiamu maistini\u0173 med\u017eiag\u0173 kiekiu. Unikali verting\u0173 aliej\u0173 formul\u0117 su dideliu vitamin\u0173 E, A ir D kiekiu maitina, stabdo sen\u0117jimo procesus ir u\u017etikrina veiksming\u0105 bei optimali\u0105 apsaug\u0105. Plaukai tampa gerai pri\u017ei\u016brimi, &scaron;veln\u016bs ir \u017evilgantys, be sunkumo efekto. Sud\u0117tyje yra alyvuogi\u0173 aliejaus, argan\u0173, kokos\u0173, makadamijos rie&scaron;ut\u0173, lin\u0173 s\u0117men\u0173, saul\u0117gr\u0105\u017e\u0173, avokad\u0173 aliejaus. 4 skirtingi naudojimo [&#8230;]\n","protected":false},"featured_media":87498,"template":"","meta":[],"product_cat":[1345],"product_tag":[],"class_list":{"0":"post-41363","1":"product","2":"type-product","3":"status-publish","4":"has-post-thumbnail","6":"product_brand-malina-akcija-lt","7":"product_cat-kitos-plauku-prieziuros-priemones","9":"first","10":"outofstock","11":"taxable","12":"shipping-taxable","13":"product-type-simple"},"_links":{"self":[{"href":"https:\/\/e.kosmolat.eu\/lt\/wp-json\/wp\/v2\/product\/41363","targetHints":{"allow":["GET"]}}],"collection":[{"href":"https:\/\/e.kosmolat.eu\/lt\/wp-json\/wp\/v2\/product"}],"about":[{"href":"https:\/\/e.kosmolat.eu\/lt\/wp-json\/wp\/v2\/types\/product"}],"wp:featuredmedia":[{"embeddable":true,"href":"https:\/\/e.kosmolat.eu\/lt\/wp-json\/wp\/v2\/media\/87498"}],"wp:attachment":[{"href":"https:\/\/e.kosmolat.eu\/lt\/wp-json\/wp\/v2\/media?parent=41363"}],"wp:term":[{"taxonomy":"product_cat","embeddable":true,"href":"https:\/\/e.kosmolat.eu\/lt\/wp-json\/wp\/v2\/product_cat?post=41363"},{"taxonomy":"product_tag","embeddable":true,"href":"https:\/\/e.kosmolat.eu\/lt\/wp-json\/wp\/v2\/product_tag?post=41363"}],"curies":[{"name":"wp","href":"https:\/\/api.w.org\/{rel}","templated":true}]}}