{"id":41355,"date":"2023-12-23T02:53:01","date_gmt":"2023-12-23T02:53:01","guid":{"rendered":"https:\/\/e.kosmolat.eu\/product\/vollare-serums-krasotiem-matiem-proils-color-shine-30-ml\/"},"modified":"2025-09-19T23:52:41","modified_gmt":"2025-09-19T23:52:41","slug":"vollare-serums-krasotiem-matiem-proils-color-shine-30-ml","status":"publish","type":"product","link":"https:\/\/e.kosmolat.eu\/lt\/produktas\/vollare-serums-krasotiem-matiem-proils-color-shine-30-ml\/","title":{"rendered":"VOLLARE Serumas da\u017eytiems plaukams PROils Color &#038; Shine, 30 ml"},"content":{"rendered":"<p>Puikiai pabr\u0117\u017eia plauk\u0173 spalv\u0105 ir gr\u0105\u017eina nat\u016bral\u0173 blizges\u012f. Koncentruota aliej\u0173, daugiausia makadamijos, galia apsaugo nuo trapumo ir sen\u0117jimo proces\u0173, i&scaron;lygina plauk\u0173 strukt\u016br\u0105 ir saugo j\u0173 spalv\u0105. Plaukai tampa &scaron;vytintys, &scaron;ilkiniai &scaron;veln\u016bs ir glotn\u016bs, be sunkumo efekto.<\/p>\n<p>Sud\u0117tyje yra makadamijos rie&scaron;ut\u0173, argano, kokoso, lin\u0173 s\u0117men\u0173, saul\u0117gr\u0105\u017e\u0173, avokad\u0173, alyvuogi\u0173 aliejaus.<\/p>\n<p><strong>4 skirtingi naudojimo b\u016bdai:<\/strong> 1.Prie&scaron; plovim\u0105 &scaron;amp\u016bnu, kad pa&scaron;alintum\u0117te formavimo priemoni\u0173 liku\u010dius. 2. Prie&scaron; d\u017eiovinim\u0105, kad b\u016bt\u0173 intensyvus maitinimas, lengvas formavimas ir apsauga. 3. I&scaron;d\u017eiovinus plaukus, kad plaukai b\u016bt\u0173 lygesni ir labiau paklusn\u016bs. 4. Kaip j\u016bs\u0173 kasdien\u0117s rutinos dalis, norint pasiekti norim\u0105 formavimo efekt\u0105 pagal j\u016bs\u0173 plauk\u0173 tip\u0105.<\/p>\n<p><strong>Naudojimas: <\/strong>\u012ftrinkite kelis la&scaron;us \u012f delnus ir lengvais masa\u017euojamaisiais judesiais \u012ftrinkite priemon\u0119 \u012f plaukus nuo plauko vidurio iki galiuk\u0173.<br \/>\n&nbsp;<\/p>\n","protected":false},"excerpt":{"rendered":"<p>Puikiai pabr\u0117\u017eia plauk\u0173 spalv\u0105 ir gr\u0105\u017eina nat\u016bral\u0173 blizges\u012f. Koncentruota aliej\u0173, daugiausia makadamijos, galia apsaugo nuo trapumo ir sen\u0117jimo proces\u0173, i&scaron;lygina plauk\u0173 strukt\u016br\u0105 ir saugo j\u0173 spalv\u0105. Plaukai tampa &scaron;vytintys, &scaron;ilkiniai &scaron;veln\u016bs ir glotn\u016bs, be sunkumo efekto. Sud\u0117tyje yra makadamijos rie&scaron;ut\u0173, argano, kokoso, lin\u0173 s\u0117men\u0173, saul\u0117gr\u0105\u017e\u0173, avokad\u0173, alyvuogi\u0173 aliejaus. 4 skirtingi naudojimo b\u016bdai: 1.Prie&scaron; plovim\u0105 &scaron;amp\u016bnu, [&#8230;]\n","protected":false},"featured_media":87490,"template":"","meta":[],"product_cat":[1345],"product_tag":[],"class_list":{"0":"post-41355","1":"product","2":"type-product","3":"status-publish","4":"has-post-thumbnail","6":"product_brand-malina-akcija-lt","7":"product_cat-kitos-plauku-prieziuros-priemones","9":"first","10":"outofstock","11":"taxable","12":"shipping-taxable","13":"product-type-simple"},"_links":{"self":[{"href":"https:\/\/e.kosmolat.eu\/lt\/wp-json\/wp\/v2\/product\/41355","targetHints":{"allow":["GET"]}}],"collection":[{"href":"https:\/\/e.kosmolat.eu\/lt\/wp-json\/wp\/v2\/product"}],"about":[{"href":"https:\/\/e.kosmolat.eu\/lt\/wp-json\/wp\/v2\/types\/product"}],"wp:featuredmedia":[{"embeddable":true,"href":"https:\/\/e.kosmolat.eu\/lt\/wp-json\/wp\/v2\/media\/87490"}],"wp:attachment":[{"href":"https:\/\/e.kosmolat.eu\/lt\/wp-json\/wp\/v2\/media?parent=41355"}],"wp:term":[{"taxonomy":"product_cat","embeddable":true,"href":"https:\/\/e.kosmolat.eu\/lt\/wp-json\/wp\/v2\/product_cat?post=41355"},{"taxonomy":"product_tag","embeddable":true,"href":"https:\/\/e.kosmolat.eu\/lt\/wp-json\/wp\/v2\/product_tag?post=41355"}],"curies":[{"name":"wp","href":"https:\/\/api.w.org\/{rel}","templated":true}]}}