{"id":41351,"date":"2023-12-23T02:52:35","date_gmt":"2023-12-23T02:52:35","guid":{"rendered":"https:\/\/e.kosmolat.eu\/product\/vollare-serums-cirtainiem-matiem-proils-perfect-curls-30-ml\/"},"modified":"2025-09-19T23:52:25","modified_gmt":"2025-09-19T23:52:25","slug":"vollare-serums-cirtainiem-matiem-proils-perfect-curls-30-ml","status":"publish","type":"product","link":"https:\/\/e.kosmolat.eu\/lt\/produktas\/vollare-serums-cirtainiem-matiem-proils-perfect-curls-30-ml\/","title":{"rendered":"VOLLARE Serumas garbanotiems ir banguotiems plaukams PROils Perfect Curls, 30 ml"},"content":{"rendered":"<p>Pabr\u0117\u017eia garban\u0173 riestum\u0105 ir lankstum\u0105, taip pat efektyviai i&scaron;lygina nepaklusnias sruogas. Aliej\u0173, daugiausia kokos\u0173, kompleksas puikiai dr\u0117kina, didina lankstum\u0105 ir ma\u017eina neigiam\u0173 i&scaron;orini\u0173 veiksni\u0173 po\u017eymius. Plaukai tampa elastingi, paklusn\u016bs, &scaron;ilkiniai &scaron;veln\u016bs ir pilni spindesio, be sunkumo efekto.&nbsp;<\/p>\n<p>Sud\u0117tyje yra kokos\u0173 aliejaus, argano aliejaus, makadamijos rie&scaron;ut\u0173, lin\u0173 s\u0117men\u0173, saul\u0117gr\u0105\u017e\u0173, avokad\u0173, alyvuogi\u0173 aliejaus.<\/p>\n<p><strong>4 skirtingi naudojimo b\u016bdai:<\/strong> 1.Prie&scaron; plovim\u0105 &scaron;amp\u016bnu, kad pa&scaron;alintum\u0117te formavimo priemoni\u0173 liku\u010dius. 2. Prie&scaron; d\u017eiovinim\u0105, kad b\u016bt\u0173 intensyvus maitinimas, lengvas formavimas ir apsauga. 3. I&scaron;d\u017eiovinus plaukus, kad plaukai b\u016bt\u0173 lygesni ir labiau paklusn\u016bs. 4. Kaip j\u016bs\u0173 kasdien\u0117s rutinos dalis, norint pasiekti norim\u0105 formavimo efekt\u0105 pagal j\u016bs\u0173 plauk\u0173 tip\u0105.<\/p>\n<p><strong>Naudojimas: <\/strong>\u012ftrinkite kelis la&scaron;us \u012f delnus ir lengvais masa\u017euojamaisiais judesiais \u012ftrinkite priemon\u0119 \u012f plaukus nuo plauko vidurio iki galiuk\u0173.<br \/>\n&nbsp;<\/p>\n","protected":false},"excerpt":{"rendered":"<p>Pabr\u0117\u017eia garban\u0173 riestum\u0105 ir lankstum\u0105, taip pat efektyviai i&scaron;lygina nepaklusnias sruogas. Aliej\u0173, daugiausia kokos\u0173, kompleksas puikiai dr\u0117kina, didina lankstum\u0105 ir ma\u017eina neigiam\u0173 i&scaron;orini\u0173 veiksni\u0173 po\u017eymius. Plaukai tampa elastingi, paklusn\u016bs, &scaron;ilkiniai &scaron;veln\u016bs ir pilni spindesio, be sunkumo efekto.&nbsp; Sud\u0117tyje yra kokos\u0173 aliejaus, argano aliejaus, makadamijos rie&scaron;ut\u0173, lin\u0173 s\u0117men\u0173, saul\u0117gr\u0105\u017e\u0173, avokad\u0173, alyvuogi\u0173 aliejaus. 4 skirtingi naudojimo b\u016bdai: [&#8230;]\n","protected":false},"featured_media":87486,"template":"","meta":[],"product_cat":[1345],"product_tag":[],"class_list":{"0":"post-41351","1":"product","2":"type-product","3":"status-publish","4":"has-post-thumbnail","6":"product_brand-malina-akcija-lt","7":"product_cat-kitos-plauku-prieziuros-priemones","9":"first","10":"outofstock","11":"taxable","12":"shipping-taxable","13":"product-type-simple"},"_links":{"self":[{"href":"https:\/\/e.kosmolat.eu\/lt\/wp-json\/wp\/v2\/product\/41351","targetHints":{"allow":["GET"]}}],"collection":[{"href":"https:\/\/e.kosmolat.eu\/lt\/wp-json\/wp\/v2\/product"}],"about":[{"href":"https:\/\/e.kosmolat.eu\/lt\/wp-json\/wp\/v2\/types\/product"}],"wp:featuredmedia":[{"embeddable":true,"href":"https:\/\/e.kosmolat.eu\/lt\/wp-json\/wp\/v2\/media\/87486"}],"wp:attachment":[{"href":"https:\/\/e.kosmolat.eu\/lt\/wp-json\/wp\/v2\/media?parent=41351"}],"wp:term":[{"taxonomy":"product_cat","embeddable":true,"href":"https:\/\/e.kosmolat.eu\/lt\/wp-json\/wp\/v2\/product_cat?post=41351"},{"taxonomy":"product_tag","embeddable":true,"href":"https:\/\/e.kosmolat.eu\/lt\/wp-json\/wp\/v2\/product_tag?post=41351"}],"curies":[{"name":"wp","href":"https:\/\/api.w.org\/{rel}","templated":true}]}}