{"id":41347,"date":"2023-12-23T02:52:13","date_gmt":"2023-12-23T02:52:13","guid":{"rendered":"https:\/\/e.kosmolat.eu\/product\/vollare-mitrinoss-toniks-ar-bakuciolu-un-cbd-300-ml\/"},"modified":"2025-09-19T23:52:08","modified_gmt":"2025-09-19T23:52:08","slug":"vollare-mitrinoss-toniks-ar-bakuciolu-un-cbd-300-ml","status":"publish","type":"product","link":"https:\/\/e.kosmolat.eu\/lt\/produktas\/vollare-mitrinoss-toniks-ar-bakuciolu-un-cbd-300-ml\/","title":{"rendered":"VOLLARE Dr\u0117kinantis tonikas su baku\u010dioliu ir CBD, 300 ml"},"content":{"rendered":"<p>Tonizavimas yra &nbsp;kasdien\u0117s odos prie\u017ei\u016bros \u017eingsnis po veido valymo. Atkuria nat\u016bral\u0173 pH balans\u0105 ir hidratacijos lyg\u012f, suteikia gaivumo ir stangrumo poj\u016bt\u012f. CBD, baku\u010diolis ir hialurono r\u016bg&scaron;tis giliai ir intensyviai dr\u0117kina, suteikia elastingumo, tonizuoja od\u0105. 97% nat\u016bralios kilm\u0117s komponent\u0173. Vegani&scaron;kas produktas.<\/p>\n<p><strong>Naudojimas: <\/strong>sudr\u0117kinkite vatos diskel\u012f toniku, nuvalykite veido ir dekolt\u0117 od\u0105.<br \/>\n&nbsp;<\/p>\n","protected":false},"excerpt":{"rendered":"<p>Tonizavimas yra &nbsp;kasdien\u0117s odos prie\u017ei\u016bros \u017eingsnis po veido valymo. Atkuria nat\u016bral\u0173 pH balans\u0105 ir hidratacijos lyg\u012f, suteikia gaivumo ir stangrumo poj\u016bt\u012f. CBD, baku\u010diolis ir hialurono r\u016bg&scaron;tis giliai ir intensyviai dr\u0117kina, suteikia elastingumo, tonizuoja od\u0105. 97% nat\u016bralios kilm\u0117s komponent\u0173. Vegani&scaron;kas produktas. Naudojimas: sudr\u0117kinkite vatos diskel\u012f toniku, nuvalykite veido ir dekolt\u0117 od\u0105. &nbsp;<\/p>\n","protected":false},"featured_media":87482,"template":"","meta":[],"product_cat":[1580],"product_tag":[],"class_list":{"0":"post-41347","1":"product","2":"type-product","3":"status-publish","4":"has-post-thumbnail","6":"product_brand-verona_pl-lt","7":"product_cat-losjonai-ir-tonikai","9":"first","10":"outofstock","11":"taxable","12":"shipping-taxable","13":"product-type-simple"},"_links":{"self":[{"href":"https:\/\/e.kosmolat.eu\/lt\/wp-json\/wp\/v2\/product\/41347","targetHints":{"allow":["GET"]}}],"collection":[{"href":"https:\/\/e.kosmolat.eu\/lt\/wp-json\/wp\/v2\/product"}],"about":[{"href":"https:\/\/e.kosmolat.eu\/lt\/wp-json\/wp\/v2\/types\/product"}],"wp:featuredmedia":[{"embeddable":true,"href":"https:\/\/e.kosmolat.eu\/lt\/wp-json\/wp\/v2\/media\/87482"}],"wp:attachment":[{"href":"https:\/\/e.kosmolat.eu\/lt\/wp-json\/wp\/v2\/media?parent=41347"}],"wp:term":[{"taxonomy":"product_cat","embeddable":true,"href":"https:\/\/e.kosmolat.eu\/lt\/wp-json\/wp\/v2\/product_cat?post=41347"},{"taxonomy":"product_tag","embeddable":true,"href":"https:\/\/e.kosmolat.eu\/lt\/wp-json\/wp\/v2\/product_tag?post=41347"}],"curies":[{"name":"wp","href":"https:\/\/api.w.org\/{rel}","templated":true}]}}