{"id":41343,"date":"2023-12-23T02:51:52","date_gmt":"2023-12-23T02:51:52","guid":{"rendered":"https:\/\/e.kosmolat.eu\/product\/vollare-attiross-micelarais-udens-ar-bakuciolu-un-cbd-300-ml\/"},"modified":"2026-04-15T13:52:46","modified_gmt":"2026-04-15T13:52:46","slug":"vollare-attiross-micelarais-udens-ar-bakuciolu-un-cbd-300-ml","status":"publish","type":"product","link":"https:\/\/e.kosmolat.eu\/lt\/produktas\/vollare-attiross-micelarais-udens-ar-bakuciolu-un-cbd-300-ml\/","title":{"rendered":"VOLLARE Valomasis micelinis vanduo su baku\u010dioliu ir CBD, 300 ml"},"content":{"rendered":"<p>Greitai ir efektyviai nuvalo od\u0105 nuo makia\u017eo ir ne&scaron;varum\u0173, suteikdama papildomos prie\u017ei\u016bros. Pasitepus raminan\u010diu miceliniu vandeniu, oda bus &scaron;velni, sudr\u0117kinta ir visi&scaron;kai paruo&scaron;ta atsigauti per nakt\u012f. CBD, baku\u010diolis ir pantenolis atnaujina, ramina ir stangrina od\u0105. 98% nat\u016bralios kilm\u0117s komponent\u0173. Vegani&scaron;kas produktas.<\/p>\n<p><strong>Naudojimas:<\/strong> Sudr\u0117kinkite vatos diskel\u012f miceliniame vandenyje, nuvalykite veido od\u0105.<br \/>\n&nbsp;<\/p>\n","protected":false},"excerpt":{"rendered":"<p>Greitai ir efektyviai nuvalo od\u0105 nuo makia\u017eo ir ne&scaron;varum\u0173, suteikdama papildomos prie\u017ei\u016bros. Pasitepus raminan\u010diu miceliniu vandeniu, oda bus &scaron;velni, sudr\u0117kinta ir visi&scaron;kai paruo&scaron;ta atsigauti per nakt\u012f. CBD, baku\u010diolis ir pantenolis atnaujina, ramina ir stangrina od\u0105. 98% nat\u016bralios kilm\u0117s komponent\u0173. Vegani&scaron;kas produktas. Naudojimas: Sudr\u0117kinkite vatos diskel\u012f miceliniame vandenyje, nuvalykite veido od\u0105. &nbsp;<\/p>\n","protected":false},"featured_media":87478,"template":"","meta":[],"product_cat":[2181],"product_tag":[],"class_list":{"0":"post-41343","1":"product","2":"type-product","3":"status-publish","4":"has-post-thumbnail","6":"product_brand-verona_pl-lt","7":"product_cat-bez-kategorijas-lt","9":"first","10":"outofstock","11":"taxable","12":"shipping-taxable","13":"product-type-simple"},"_links":{"self":[{"href":"https:\/\/e.kosmolat.eu\/lt\/wp-json\/wp\/v2\/product\/41343","targetHints":{"allow":["GET"]}}],"collection":[{"href":"https:\/\/e.kosmolat.eu\/lt\/wp-json\/wp\/v2\/product"}],"about":[{"href":"https:\/\/e.kosmolat.eu\/lt\/wp-json\/wp\/v2\/types\/product"}],"wp:featuredmedia":[{"embeddable":true,"href":"https:\/\/e.kosmolat.eu\/lt\/wp-json\/wp\/v2\/media\/87478"}],"wp:attachment":[{"href":"https:\/\/e.kosmolat.eu\/lt\/wp-json\/wp\/v2\/media?parent=41343"}],"wp:term":[{"taxonomy":"product_cat","embeddable":true,"href":"https:\/\/e.kosmolat.eu\/lt\/wp-json\/wp\/v2\/product_cat?post=41343"},{"taxonomy":"product_tag","embeddable":true,"href":"https:\/\/e.kosmolat.eu\/lt\/wp-json\/wp\/v2\/product_tag?post=41343"}],"curies":[{"name":"wp","href":"https:\/\/api.w.org\/{rel}","templated":true}]}}