{"id":41339,"date":"2023-12-23T02:51:30","date_gmt":"2023-12-23T02:51:30","guid":{"rendered":"https:\/\/e.kosmolat.eu\/product\/vollare-barojoss-kermena-krems-soft-medus-250-ml\/"},"modified":"2026-04-21T11:07:16","modified_gmt":"2026-04-21T11:07:16","slug":"vollare-barojoss-kermena-krems-soft-medus-250-ml","status":"publish","type":"product","link":"https:\/\/e.kosmolat.eu\/lt\/produktas\/vollare-barojoss-kermena-krems-soft-medus-250-ml\/","title":{"rendered":"VOLLARE RMaitinamasis k\u016bno kremas Soft Medus, 250 ml"},"content":{"rendered":"<p>D\u0117l maitinamojo simondsij\u0173 aliejaus kremas mink&scaron;tina ir daro od\u0105 lygi\u0105. 98% nat\u016brali\u0173 ingredient\u0173. Vegetari&scaron;kas produktas.<\/p>\n<p><strong>Naudojimas: <\/strong>tepkite krem\u0105 ant k\u016bno odos ir tolygiai paskirstykite.<br \/>\n&nbsp;<\/p>\n","protected":false},"excerpt":{"rendered":"<p>D\u0117l maitinamojo simondsij\u0173 aliejaus kremas mink&scaron;tina ir daro od\u0105 lygi\u0105. 98% nat\u016brali\u0173 ingredient\u0173. Vegetari&scaron;kas produktas. Naudojimas: tepkite krem\u0105 ant k\u016bno odos ir tolygiai paskirstykite. &nbsp;<\/p>\n","protected":false},"featured_media":87474,"template":"","meta":[],"product_cat":[2181],"product_tag":[],"class_list":{"0":"post-41339","1":"product","2":"type-product","3":"status-publish","4":"has-post-thumbnail","6":"product_brand-sale-lt","7":"product_cat-bez-kategorijas-lt","9":"first","10":"outofstock","11":"taxable","12":"shipping-taxable","13":"product-type-simple"},"_links":{"self":[{"href":"https:\/\/e.kosmolat.eu\/lt\/wp-json\/wp\/v2\/product\/41339","targetHints":{"allow":["GET"]}}],"collection":[{"href":"https:\/\/e.kosmolat.eu\/lt\/wp-json\/wp\/v2\/product"}],"about":[{"href":"https:\/\/e.kosmolat.eu\/lt\/wp-json\/wp\/v2\/types\/product"}],"wp:featuredmedia":[{"embeddable":true,"href":"https:\/\/e.kosmolat.eu\/lt\/wp-json\/wp\/v2\/media\/87474"}],"wp:attachment":[{"href":"https:\/\/e.kosmolat.eu\/lt\/wp-json\/wp\/v2\/media?parent=41339"}],"wp:term":[{"taxonomy":"product_cat","embeddable":true,"href":"https:\/\/e.kosmolat.eu\/lt\/wp-json\/wp\/v2\/product_cat?post=41339"},{"taxonomy":"product_tag","embeddable":true,"href":"https:\/\/e.kosmolat.eu\/lt\/wp-json\/wp\/v2\/product_tag?post=41339"}],"curies":[{"name":"wp","href":"https:\/\/api.w.org\/{rel}","templated":true}]}}