{"id":41335,"date":"2023-12-23T02:51:12","date_gmt":"2023-12-23T02:51:12","guid":{"rendered":"https:\/\/e.kosmolat.eu\/product\/vollare-atjaunojoss-kermena-krems-soft-si-sviests-250-ml\/"},"modified":"2025-09-19T23:51:21","modified_gmt":"2025-09-19T23:51:21","slug":"vollare-atjaunojoss-kermena-krems-soft-si-sviests-250-ml","status":"publish","type":"product","link":"https:\/\/e.kosmolat.eu\/lt\/produktas\/vollare-atjaunojoss-kermena-krems-soft-si-sviests-250-ml\/","title":{"rendered":"VOLLARE Regeneruojantis k\u016bno kremas Soft Sviestmed\u017ei\u0173 aliejus, 250 ml"},"content":{"rendered":"<p>Atgaivinantis ir maitinantis k\u016bno kremas su sviestmed\u017ei\u0173 aliejumi, idealiai tinkantis kasdieniam naudojimui. 100% vegani&scaron;kas produktas.<\/p>\n<p><strong>Naudojimas: <\/strong>u\u017etepkite krem\u0105 ant viso kremo ir tolygiai paskirstykite.<br \/>\n&nbsp;<\/p>\n","protected":false},"excerpt":{"rendered":"<p>Atgaivinantis ir maitinantis k\u016bno kremas su sviestmed\u017ei\u0173 aliejumi, idealiai tinkantis kasdieniam naudojimui. 100% vegani&scaron;kas produktas. Naudojimas: u\u017etepkite krem\u0105 ant viso kremo ir tolygiai paskirstykite. &nbsp;<\/p>\n","protected":false},"featured_media":87470,"template":"","meta":[],"product_cat":[1390],"product_tag":[],"class_list":{"0":"post-41335","1":"product","2":"type-product","3":"status-publish","4":"has-post-thumbnail","6":"product_brand-malina-akcija-lt","7":"product_cat-kremai-aliejai-kuno-pienelis","9":"first","10":"outofstock","11":"taxable","12":"shipping-taxable","13":"product-type-simple"},"_links":{"self":[{"href":"https:\/\/e.kosmolat.eu\/lt\/wp-json\/wp\/v2\/product\/41335","targetHints":{"allow":["GET"]}}],"collection":[{"href":"https:\/\/e.kosmolat.eu\/lt\/wp-json\/wp\/v2\/product"}],"about":[{"href":"https:\/\/e.kosmolat.eu\/lt\/wp-json\/wp\/v2\/types\/product"}],"wp:featuredmedia":[{"embeddable":true,"href":"https:\/\/e.kosmolat.eu\/lt\/wp-json\/wp\/v2\/media\/87470"}],"wp:attachment":[{"href":"https:\/\/e.kosmolat.eu\/lt\/wp-json\/wp\/v2\/media?parent=41335"}],"wp:term":[{"taxonomy":"product_cat","embeddable":true,"href":"https:\/\/e.kosmolat.eu\/lt\/wp-json\/wp\/v2\/product_cat?post=41335"},{"taxonomy":"product_tag","embeddable":true,"href":"https:\/\/e.kosmolat.eu\/lt\/wp-json\/wp\/v2\/product_tag?post=41335"}],"curies":[{"name":"wp","href":"https:\/\/api.w.org\/{rel}","templated":true}]}}