{"id":41331,"date":"2023-12-23T02:50:51","date_gmt":"2023-12-23T02:50:51","guid":{"rendered":"https:\/\/e.kosmolat.eu\/product\/vollare-mitrinoss-kermena-krems-soft-juras-alges-250-ml\/"},"modified":"2025-09-19T23:51:08","modified_gmt":"2025-09-19T23:51:08","slug":"vollare-mitrinoss-kermena-krems-soft-juras-alges-250-ml","status":"publish","type":"product","link":"https:\/\/e.kosmolat.eu\/lt\/produktas\/vollare-mitrinoss-kermena-krems-soft-juras-alges-250-ml\/","title":{"rendered":"VOLLARE Dr\u0117kinamasis k\u016bno kremas Soft J\u016bros dumbliai, 250 ml"},"content":{"rendered":"<p>Kremas atpalaiduoja pavargusi\u0105 od\u0105, suteikdamas jai greit\u0105 ir ilgalaik\u012f dr\u0117kinim\u0105 d\u0117l \u017eali\u0173j\u0173 dumbli\u0173 ir j\u016bros vandens. Vegani&scaron;kas produktas.<\/p>\n<p><strong>Naudojimas:<\/strong> tepkite krem\u0105 ant viso k\u016bno ir tolygiai paskirstykite.<br \/>\n&nbsp;<\/p>\n","protected":false},"excerpt":{"rendered":"<p>Kremas atpalaiduoja pavargusi\u0105 od\u0105, suteikdamas jai greit\u0105 ir ilgalaik\u012f dr\u0117kinim\u0105 d\u0117l \u017eali\u0173j\u0173 dumbli\u0173 ir j\u016bros vandens. Vegani&scaron;kas produktas. Naudojimas: tepkite krem\u0105 ant viso k\u016bno ir tolygiai paskirstykite. &nbsp;<\/p>\n","protected":false},"featured_media":87466,"template":"","meta":[],"product_cat":[1390],"product_tag":[],"class_list":{"0":"post-41331","1":"product","2":"type-product","3":"status-publish","4":"has-post-thumbnail","6":"product_brand-verona_pl-lt","7":"product_cat-kremai-aliejai-kuno-pienelis","9":"first","10":"outofstock","11":"taxable","12":"shipping-taxable","13":"product-type-simple"},"_links":{"self":[{"href":"https:\/\/e.kosmolat.eu\/lt\/wp-json\/wp\/v2\/product\/41331","targetHints":{"allow":["GET"]}}],"collection":[{"href":"https:\/\/e.kosmolat.eu\/lt\/wp-json\/wp\/v2\/product"}],"about":[{"href":"https:\/\/e.kosmolat.eu\/lt\/wp-json\/wp\/v2\/types\/product"}],"wp:featuredmedia":[{"embeddable":true,"href":"https:\/\/e.kosmolat.eu\/lt\/wp-json\/wp\/v2\/media\/87466"}],"wp:attachment":[{"href":"https:\/\/e.kosmolat.eu\/lt\/wp-json\/wp\/v2\/media?parent=41331"}],"wp:term":[{"taxonomy":"product_cat","embeddable":true,"href":"https:\/\/e.kosmolat.eu\/lt\/wp-json\/wp\/v2\/product_cat?post=41331"},{"taxonomy":"product_tag","embeddable":true,"href":"https:\/\/e.kosmolat.eu\/lt\/wp-json\/wp\/v2\/product_tag?post=41331"}],"curies":[{"name":"wp","href":"https:\/\/api.w.org\/{rel}","templated":true}]}}