{"id":41323,"date":"2023-12-23T02:50:08","date_gmt":"2023-12-23T02:50:08","guid":{"rendered":"https:\/\/e.kosmolat.eu\/product\/vollare-atjaunojoss-sejas-krems-ar-rabarbera-ekstraktu-50-ml\/"},"modified":"2026-03-25T12:40:15","modified_gmt":"2026-03-25T12:40:15","slug":"vollare-atjaunojoss-sejas-krems-ar-rabarbera-ekstraktu-50-ml","status":"publish","type":"product","link":"https:\/\/e.kosmolat.eu\/lt\/produktas\/vollare-atjaunojoss-sejas-krems-ar-rabarbera-ekstraktu-50-ml\/","title":{"rendered":"VOLLARE Jauninamasis veido kremas su rabarbarais, 50 ml"},"content":{"rendered":"<p>Jauninamasis kremas, praturtintas rabarbar\u0173 ekstraktu, l\u0117tina odos sen\u0117jim\u0105. Veidas tampa skaistesnis ir lygesnis. Produktas yra 100% vegetari&scaron;kas.<\/p>\n<p><strong>Naudojimas:<\/strong> Tepkite krem\u0105 ant veido sukamaisiais judesiais, vengdami srities aplink akis.<br \/>\n&nbsp;<\/p>\n","protected":false},"excerpt":{"rendered":"<p>Jauninamasis kremas, praturtintas rabarbar\u0173 ekstraktu, l\u0117tina odos sen\u0117jim\u0105. Veidas tampa skaistesnis ir lygesnis. Produktas yra 100% vegetari&scaron;kas. Naudojimas: Tepkite krem\u0105 ant veido sukamaisiais judesiais, vengdami srities aplink akis. &nbsp;<\/p>\n","protected":false},"featured_media":87458,"template":"","meta":[],"product_cat":[1322],"product_tag":[],"class_list":{"0":"post-41323","1":"product","2":"type-product","3":"status-publish","4":"has-post-thumbnail","6":"product_brand-verona_pl-lt","7":"product_cat-veido-kremai","9":"first","10":"outofstock","11":"taxable","12":"shipping-taxable","13":"product-type-simple"},"_links":{"self":[{"href":"https:\/\/e.kosmolat.eu\/lt\/wp-json\/wp\/v2\/product\/41323","targetHints":{"allow":["GET"]}}],"collection":[{"href":"https:\/\/e.kosmolat.eu\/lt\/wp-json\/wp\/v2\/product"}],"about":[{"href":"https:\/\/e.kosmolat.eu\/lt\/wp-json\/wp\/v2\/types\/product"}],"wp:featuredmedia":[{"embeddable":true,"href":"https:\/\/e.kosmolat.eu\/lt\/wp-json\/wp\/v2\/media\/87458"}],"wp:attachment":[{"href":"https:\/\/e.kosmolat.eu\/lt\/wp-json\/wp\/v2\/media?parent=41323"}],"wp:term":[{"taxonomy":"product_cat","embeddable":true,"href":"https:\/\/e.kosmolat.eu\/lt\/wp-json\/wp\/v2\/product_cat?post=41323"},{"taxonomy":"product_tag","embeddable":true,"href":"https:\/\/e.kosmolat.eu\/lt\/wp-json\/wp\/v2\/product_tag?post=41323"}],"curies":[{"name":"wp","href":"https:\/\/api.w.org\/{rel}","templated":true}]}}