{"id":41319,"date":"2023-12-23T02:49:49","date_gmt":"2023-12-23T02:49:49","guid":{"rendered":"https:\/\/e.kosmolat.eu\/product\/vollare-regenerejoss-sejas-krems-ar-olivellu-50-ml\/"},"modified":"2026-01-12T17:30:37","modified_gmt":"2026-01-12T17:30:37","slug":"vollare-regenerejoss-sejas-krems-ar-olivellu-50-ml","status":"publish","type":"product","link":"https:\/\/e.kosmolat.eu\/lt\/produktas\/vollare-regenerejoss-sejas-krems-ar-olivellu-50-ml\/","title":{"rendered":"VOLLARE Atkuriamasis veido kremas su alyvuogi\u0173 aliejumi, 50 ml"},"content":{"rendered":"<p>Alyvuogi\u0173 aliejumi praturtintas kremas pamaitins ir i&scaron;lygins veido od\u0105, pa&scaron;alins sudirgimus ir pa&scaron;alins &scaron;erpetojim\u0105. Produktas yra 100% vegani&scaron;kas.<\/p>\n<p><strong>Naudojimas:<\/strong> Tepkite krem\u0105 ant veido sukamaisiais judesiais, vengdami srities aplink akis.<br \/>\n&nbsp;<\/p>\n","protected":false},"excerpt":{"rendered":"<p>Alyvuogi\u0173 aliejumi praturtintas kremas pamaitins ir i&scaron;lygins veido od\u0105, pa&scaron;alins sudirgimus ir pa&scaron;alins &scaron;erpetojim\u0105. Produktas yra 100% vegani&scaron;kas. Naudojimas: Tepkite krem\u0105 ant veido sukamaisiais judesiais, vengdami srities aplink akis. &nbsp;<\/p>\n","protected":false},"featured_media":87454,"template":"","meta":[],"product_cat":[2181],"product_tag":[],"class_list":{"0":"post-41319","1":"product","2":"type-product","3":"status-publish","4":"has-post-thumbnail","6":"product_brand-verona_pl-lt","7":"product_cat-bez-kategorijas-lt","9":"first","10":"outofstock","11":"taxable","12":"shipping-taxable","13":"product-type-simple"},"_links":{"self":[{"href":"https:\/\/e.kosmolat.eu\/lt\/wp-json\/wp\/v2\/product\/41319","targetHints":{"allow":["GET"]}}],"collection":[{"href":"https:\/\/e.kosmolat.eu\/lt\/wp-json\/wp\/v2\/product"}],"about":[{"href":"https:\/\/e.kosmolat.eu\/lt\/wp-json\/wp\/v2\/types\/product"}],"wp:featuredmedia":[{"embeddable":true,"href":"https:\/\/e.kosmolat.eu\/lt\/wp-json\/wp\/v2\/media\/87454"}],"wp:attachment":[{"href":"https:\/\/e.kosmolat.eu\/lt\/wp-json\/wp\/v2\/media?parent=41319"}],"wp:term":[{"taxonomy":"product_cat","embeddable":true,"href":"https:\/\/e.kosmolat.eu\/lt\/wp-json\/wp\/v2\/product_cat?post=41319"},{"taxonomy":"product_tag","embeddable":true,"href":"https:\/\/e.kosmolat.eu\/lt\/wp-json\/wp\/v2\/product_tag?post=41319"}],"curies":[{"name":"wp","href":"https:\/\/api.w.org\/{rel}","templated":true}]}}