{"id":41315,"date":"2023-12-23T02:49:27","date_gmt":"2023-12-23T02:49:27","guid":{"rendered":"https:\/\/e.kosmolat.eu\/product\/vollare-mitrinoss-sejas-krems-ar-hialuronskabi-50-ml\/"},"modified":"2025-09-19T23:50:07","modified_gmt":"2025-09-19T23:50:07","slug":"vollare-mitrinoss-sejas-krems-ar-hialuronskabi-50-ml","status":"publish","type":"product","link":"https:\/\/e.kosmolat.eu\/lt\/produktas\/vollare-mitrinoss-sejas-krems-ar-hialuronskabi-50-ml\/","title":{"rendered":"VOLLARE Dr\u0117kinamasis veido kremas su hialurono r\u016bg\u0161timi, 50 ml"},"content":{"rendered":"<p>Kremo formul\u0117, praturtinta hialurono r\u016bg&scaron;timi, daro od\u0105 elastingesn\u0119 ir lygesn\u0119. 100% vegani&scaron;kas produktas.<\/p>\n<p><strong>Naudojimas:<\/strong> Tepkite krem\u0105 ant veido sukamaisiais judesiais, vengdami srities aplink akis.<\/p>\n","protected":false},"excerpt":{"rendered":"<p>Kremo formul\u0117, praturtinta hialurono r\u016bg&scaron;timi, daro od\u0105 elastingesn\u0119 ir lygesn\u0119. 100% vegani&scaron;kas produktas. Naudojimas: Tepkite krem\u0105 ant veido sukamaisiais judesiais, vengdami srities aplink akis.<\/p>\n","protected":false},"featured_media":87450,"template":"","meta":[],"product_cat":[1322],"product_tag":[],"class_list":{"0":"post-41315","1":"product","2":"type-product","3":"status-publish","4":"has-post-thumbnail","6":"product_brand-malina-akcija-lt","7":"product_cat-veido-kremai","9":"first","10":"outofstock","11":"taxable","12":"shipping-taxable","13":"product-type-simple"},"_links":{"self":[{"href":"https:\/\/e.kosmolat.eu\/lt\/wp-json\/wp\/v2\/product\/41315","targetHints":{"allow":["GET"]}}],"collection":[{"href":"https:\/\/e.kosmolat.eu\/lt\/wp-json\/wp\/v2\/product"}],"about":[{"href":"https:\/\/e.kosmolat.eu\/lt\/wp-json\/wp\/v2\/types\/product"}],"wp:featuredmedia":[{"embeddable":true,"href":"https:\/\/e.kosmolat.eu\/lt\/wp-json\/wp\/v2\/media\/87450"}],"wp:attachment":[{"href":"https:\/\/e.kosmolat.eu\/lt\/wp-json\/wp\/v2\/media?parent=41315"}],"wp:term":[{"taxonomy":"product_cat","embeddable":true,"href":"https:\/\/e.kosmolat.eu\/lt\/wp-json\/wp\/v2\/product_cat?post=41315"},{"taxonomy":"product_tag","embeddable":true,"href":"https:\/\/e.kosmolat.eu\/lt\/wp-json\/wp\/v2\/product_tag?post=41315"}],"curies":[{"name":"wp","href":"https:\/\/api.w.org\/{rel}","templated":true}]}}