{"id":41307,"date":"2023-12-23T02:48:45","date_gmt":"2023-12-23T02:48:45","guid":{"rendered":"https:\/\/e.kosmolat.eu\/product\/vollare-men-dzili-attir-dusas-zleja-2in1-viriesiem-250-ml\/"},"modified":"2026-04-23T12:38:32","modified_gmt":"2026-04-23T12:38:32","slug":"i_vollare-men-dzili-attir-dusas-zleja-2in1-viriesiem-250-ml","status":"publish","type":"product","link":"https:\/\/e.kosmolat.eu\/lt\/produktas\/i_vollare-men-dzili-attir-dusas-zleja-2in1-viriesiem-250-ml\/","title":{"rendered":"VOLLARE Giliai valonti du\u0161o \u017eel\u0117 veidui ir k\u016bnui vyrams, 250 ml"},"content":{"rendered":"<p>Formul\u0117 2 viename efektyviai valo k\u016bn\u0105 ir veid\u0105. Saugo od\u0105 nuo i&scaron;saus\u0117jimo. Kruop&scaron;\u010diai atrinkti ingredientai papildomai dr\u0117kina od\u0105. Sud\u0117tyje yra gaivinan\u010dio apyni\u0173 ekstrakto, dr\u0117kinan\u010dio glicerino. Tinka visiems odos tipams.<\/p>\n<p><strong>Naudojimas:<\/strong> u\u017etepkite gel\u012f ant dr\u0117gnos k\u016bno ir veido odos, masa\u017euokite, kol susidarys &scaron;velnios putos, tada nuplaukite vandeniu.<br \/>\n&nbsp;<\/p>\n","protected":false},"excerpt":{"rendered":"<p>Formul\u0117 2 viename efektyviai valo k\u016bn\u0105 ir veid\u0105. Saugo od\u0105 nuo i&scaron;saus\u0117jimo. Kruop&scaron;\u010diai atrinkti ingredientai papildomai dr\u0117kina od\u0105. Sud\u0117tyje yra gaivinan\u010dio apyni\u0173 ekstrakto, dr\u0117kinan\u010dio glicerino. Tinka visiems odos tipams. Naudojimas: u\u017etepkite gel\u012f ant dr\u0117gnos k\u016bno ir veido odos, masa\u017euokite, kol susidarys &scaron;velnios putos, tada nuplaukite vandeniu. &nbsp;<\/p>\n","protected":false},"featured_media":87442,"template":"","meta":[],"product_cat":[1691],"product_tag":[],"class_list":{"0":"post-41307","1":"product","2":"type-product","3":"status-publish","4":"has-post-thumbnail","6":"product_brand-sale-lt","7":"product_cat-duso-geliai","9":"first","10":"instock","11":"taxable","12":"shipping-taxable","13":"product-type-simple"},"_links":{"self":[{"href":"https:\/\/e.kosmolat.eu\/lt\/wp-json\/wp\/v2\/product\/41307","targetHints":{"allow":["GET"]}}],"collection":[{"href":"https:\/\/e.kosmolat.eu\/lt\/wp-json\/wp\/v2\/product"}],"about":[{"href":"https:\/\/e.kosmolat.eu\/lt\/wp-json\/wp\/v2\/types\/product"}],"wp:featuredmedia":[{"embeddable":true,"href":"https:\/\/e.kosmolat.eu\/lt\/wp-json\/wp\/v2\/media\/87442"}],"wp:attachment":[{"href":"https:\/\/e.kosmolat.eu\/lt\/wp-json\/wp\/v2\/media?parent=41307"}],"wp:term":[{"taxonomy":"product_cat","embeddable":true,"href":"https:\/\/e.kosmolat.eu\/lt\/wp-json\/wp\/v2\/product_cat?post=41307"},{"taxonomy":"product_tag","embeddable":true,"href":"https:\/\/e.kosmolat.eu\/lt\/wp-json\/wp\/v2\/product_tag?post=41307"}],"curies":[{"name":"wp","href":"https:\/\/api.w.org\/{rel}","templated":true}]}}