{"id":41303,"date":"2023-12-23T02:48:22","date_gmt":"2023-12-23T02:48:22","guid":{"rendered":"https:\/\/e.kosmolat.eu\/product\/vollare-men-attirosa-sejas-zeleja-skrubis-viriesiem-150-ml\/"},"modified":"2025-09-19T23:49:21","modified_gmt":"2025-09-19T23:49:21","slug":"vollare-men-attirosa-sejas-zeleja-skrubis-viriesiem-150-ml","status":"publish","type":"product","link":"https:\/\/e.kosmolat.eu\/lt\/produktas\/vollare-men-attirosa-sejas-zeleja-skrubis-viriesiem-150-ml\/","title":{"rendered":"VOLLARE Veido valymo gelis- \u0161veitiklis vyrams, 150 ml"},"content":{"rendered":"<p>Intensyviai valo, efektyviai nu&scaron;vei\u010dia odos l\u0105steles, gaivina ir ramina. Tinka visiems odos tipams. Sud\u0117tyje yra gaivinan\u010dio apyni\u0173 ekstrakto, dr\u0117kinan\u010dio pantenolio.<\/p>\n<p><strong>Naudojimas: <\/strong>nedidel\u012f kiek\u012f gelio u\u017etepkite ant dr\u0117gnos veido ir kaklo, sukamaisiais judesiais masa\u017euokite, tada nuplaukite vandeniu.<br \/>\n&nbsp;<\/p>\n","protected":false},"excerpt":{"rendered":"<p>Intensyviai valo, efektyviai nu&scaron;vei\u010dia odos l\u0105steles, gaivina ir ramina. Tinka visiems odos tipams. Sud\u0117tyje yra gaivinan\u010dio apyni\u0173 ekstrakto, dr\u0117kinan\u010dio pantenolio. Naudojimas: nedidel\u012f kiek\u012f gelio u\u017etepkite ant dr\u0117gnos veido ir kaklo, sukamaisiais judesiais masa\u017euokite, tada nuplaukite vandeniu. &nbsp;<\/p>\n","protected":false},"featured_media":87438,"template":"","meta":[],"product_cat":[1678],"product_tag":[],"class_list":{"0":"post-41303","1":"product","2":"type-product","3":"status-publish","4":"has-post-thumbnail","6":"product_brand-verona_pl-lt","7":"product_cat-veido-prieziurai","9":"first","10":"outofstock","11":"taxable","12":"shipping-taxable","13":"product-type-simple"},"_links":{"self":[{"href":"https:\/\/e.kosmolat.eu\/lt\/wp-json\/wp\/v2\/product\/41303","targetHints":{"allow":["GET"]}}],"collection":[{"href":"https:\/\/e.kosmolat.eu\/lt\/wp-json\/wp\/v2\/product"}],"about":[{"href":"https:\/\/e.kosmolat.eu\/lt\/wp-json\/wp\/v2\/types\/product"}],"wp:featuredmedia":[{"embeddable":true,"href":"https:\/\/e.kosmolat.eu\/lt\/wp-json\/wp\/v2\/media\/87438"}],"wp:attachment":[{"href":"https:\/\/e.kosmolat.eu\/lt\/wp-json\/wp\/v2\/media?parent=41303"}],"wp:term":[{"taxonomy":"product_cat","embeddable":true,"href":"https:\/\/e.kosmolat.eu\/lt\/wp-json\/wp\/v2\/product_cat?post=41303"},{"taxonomy":"product_tag","embeddable":true,"href":"https:\/\/e.kosmolat.eu\/lt\/wp-json\/wp\/v2\/product_tag?post=41303"}],"curies":[{"name":"wp","href":"https:\/\/api.w.org\/{rel}","templated":true}]}}