{"id":41299,"date":"2023-12-23T02:48:01","date_gmt":"2023-12-23T02:48:01","guid":{"rendered":"https:\/\/e.kosmolat.eu\/product\/vollare-men-nomierinoss-balzams-pec-skusanas-viriesiem-200-ml\/"},"modified":"2025-09-23T12:51:15","modified_gmt":"2025-09-23T12:51:15","slug":"vollare-men-nomierinoss-balzams-pec-skusanas-viriesiem-200-ml","status":"publish","type":"product","link":"https:\/\/e.kosmolat.eu\/lt\/produktas\/vollare-men-nomierinoss-balzams-pec-skusanas-viriesiem-200-ml\/","title":{"rendered":"VOLLARE Raminamasis balzamas po skutimosi, 200 ml"},"content":{"rendered":"<p>Suteikia greit\u0105 ir malon\u0173 v\u0117sinimo efekt\u0105. Galite pamir&scaron;ti apie odos deginim\u0105 po skutimosi. Sud\u0117tyje yra gaivinan\u010dio mentolio, \u017eadinan\u010dio apyni\u0173 ekstrakto, raminan\u010dio alavijo ekstrakto, atkurian\u010dio pantenolio.<\/p>\n<p><strong>Naudojimas: <\/strong>Tepkite ant nuskusto veido ir kaklo ir leiskite visi&scaron;kai susigerti.<br \/>\n&nbsp;<\/p>\n","protected":false},"excerpt":{"rendered":"<p>Suteikia greit\u0105 ir malon\u0173 v\u0117sinimo efekt\u0105. Galite pamir&scaron;ti apie odos deginim\u0105 po skutimosi. Sud\u0117tyje yra gaivinan\u010dio mentolio, \u017eadinan\u010dio apyni\u0173 ekstrakto, raminan\u010dio alavijo ekstrakto, atkurian\u010dio pantenolio. Naudojimas: Tepkite ant nuskusto veido ir kaklo ir leiskite visi&scaron;kai susigerti. &nbsp;<\/p>\n","protected":false},"featured_media":87434,"template":"","meta":[],"product_cat":[1682],"product_tag":[],"class_list":{"0":"post-41299","1":"product","2":"type-product","3":"status-publish","4":"has-post-thumbnail","6":"product_brand-verona_pl-lt","7":"product_cat-kosmetika-skutimuisi","9":"first","10":"outofstock","11":"taxable","12":"shipping-taxable","13":"product-type-simple"},"_links":{"self":[{"href":"https:\/\/e.kosmolat.eu\/lt\/wp-json\/wp\/v2\/product\/41299","targetHints":{"allow":["GET"]}}],"collection":[{"href":"https:\/\/e.kosmolat.eu\/lt\/wp-json\/wp\/v2\/product"}],"about":[{"href":"https:\/\/e.kosmolat.eu\/lt\/wp-json\/wp\/v2\/types\/product"}],"wp:featuredmedia":[{"embeddable":true,"href":"https:\/\/e.kosmolat.eu\/lt\/wp-json\/wp\/v2\/media\/87434"}],"wp:attachment":[{"href":"https:\/\/e.kosmolat.eu\/lt\/wp-json\/wp\/v2\/media?parent=41299"}],"wp:term":[{"taxonomy":"product_cat","embeddable":true,"href":"https:\/\/e.kosmolat.eu\/lt\/wp-json\/wp\/v2\/product_cat?post=41299"},{"taxonomy":"product_tag","embeddable":true,"href":"https:\/\/e.kosmolat.eu\/lt\/wp-json\/wp\/v2\/product_tag?post=41299"}],"curies":[{"name":"wp","href":"https:\/\/api.w.org\/{rel}","templated":true}]}}